{"id":58560,"date":"2022-12-08T09:09:12","date_gmt":"2022-12-08T09:09:12","guid":{"rendered":"https:\/\/peach-pump.com\/products\/modelujace-grubsze-legginsy-w-kolorze-fioletowym\/"},"modified":"2026-02-12T23:54:31","modified_gmt":"2026-02-12T21:54:31","slug":"modelujace-bezszwowe-legginsy-fioletowe-grubszy-material","status":"publish","type":"product","link":"https:\/\/peach-pump.com\/pl\/products\/modelujace-bezszwowe-legginsy-fioletowe-grubszy-material\/","title":{"rendered":"Modeluj\u0105ce, grubsze legginsy w kolorze fioletowym"},"content":{"rendered":"<p>Modeluj\u0105ce bezszwowe legginsy wykonane z grubszego, oddychaj\u0105cego materia\u0142u w kolorze fioletowym. Model ten wykonany jest z pr\u0105\u017ckowanego materia\u0142u, ma wysoki stan, jest grubszy, idealny na ch\u0142odniejsze jesienne i zimowe dni. Legginsy maj\u0105 szeroki pas i tak ulubiony przez nasz\u0105 mark\u0119 modeluj\u0105cy efekt push-up. B\u0119dziesz zachwycona tymi legginsami, ich mi\u0119kko\u015bci\u0105, ciep\u0142em i sposobem, w jaki modeluj\u0105 sylwetk\u0119. Model mo\u017cna po\u0142\u0105czy\u0107 z bluzk\u0105 lub gorsetem, sprawd\u017a nasze propozycje.  <\/p>\n<ul>\n<li> Wysoki stan<\/li>\n<li> Bezszwowa tkanina w pr\u0105\u017cki<\/li>\n<li> Podnosz\u0105, modeluj\u0105, ukrywaj\u0105 problematyczne obszary<\/li>\n<li> Grubszy materia\u0142<\/li>\n<li> Obejmuj\u0105cy tali\u0119 pr\u0105\u017ckowany pas<\/li>\n<li> Efekt Peachy<\/li>\n<li> Bez szwu z przodu<\/li>\n<li> Termicznie naklejone logo Peach Pump z ty\u0142u leggins\u00f3w<\/li>\n<li> Tkanina odprowadzaj\u0105ca pot<\/li>\n<\/ul>\n<p> Sk\u0142ad: 80% poliester, 20% elastan. Legginsy mo\u017cna pra\u0107 w temperaturze do 30 stopni. Nie wybiela\u0107, Nie czy\u015bci\u0107 chemicznie. Modelka na zdj\u0119ciu ma 178 cm wzrostu, wa\u017cy 54 kg i pozuje w rozmiarze M. Prosimy o skorzystanie z tabel, aby wybra\u0107 dok\u0142adny rozmiar.<\/p>\n","protected":false},"excerpt":{"rendered":"<p>Modeluj\u0105ce bezszwowe legginsy wykonane z grubszego, oddychaj\u0105cego materia\u0142u w kolorze fioletowym. Model ten wykonany jest z pr\u0105\u017ckowanego materia\u0142u, ma wysoki stan, jest grubszy, idealny na ch\u0142odniejsze jesienne i zimowe dni. Legginsy maj\u0105 szeroki pas i tak ulubiony przez nasz\u0105 mark\u0119 modeluj\u0105cy efekt push-up. B\u0119dziesz zachwycona tymi legginsami, ich mi\u0119kko\u015bci\u0105, ciep\u0142em i sposobem, w jaki modeluj\u0105 [&hellip;]<\/p>\n","protected":false},"featured_media":24684,"comment_status":"open","ping_status":"closed","template":"","meta":[],"product_brand":[],"product_cat":[144,307],"product_tag":[],"class_list":{"0":"post-58560","1":"product","2":"type-product","3":"status-publish","4":"has-post-thumbnail","6":"product_cat-legginsy-sportowe-damskie","7":"product_cat-legginsy-damskie-dlugie","8":"pa_cviat-fioletowy","9":"pa_razmer-l-pl","10":"pa_razmer-m-pl-2","11":"pa_razmer-s-pl-2","12":"inventories-world","13":"inventories-uk","15":"first","16":"instock","17":"sale","18":"taxable","19":"shipping-taxable","20":"purchasable","21":"product-type-variable"},"_links":{"self":[{"href":"https:\/\/peach-pump.com\/pl\/wp-json\/wp\/v2\/product\/58560","targetHints":{"allow":["GET"]}}],"collection":[{"href":"https:\/\/peach-pump.com\/pl\/wp-json\/wp\/v2\/product"}],"about":[{"href":"https:\/\/peach-pump.com\/pl\/wp-json\/wp\/v2\/types\/product"}],"replies":[{"embeddable":true,"href":"https:\/\/peach-pump.com\/pl\/wp-json\/wp\/v2\/comments?post=58560"}],"version-history":[{"count":0,"href":"https:\/\/peach-pump.com\/pl\/wp-json\/wp\/v2\/product\/58560\/revisions"}],"wp:featuredmedia":[{"embeddable":true,"href":"https:\/\/peach-pump.com\/pl\/wp-json\/wp\/v2\/media\/24684"}],"wp:attachment":[{"href":"https:\/\/peach-pump.com\/pl\/wp-json\/wp\/v2\/media?parent=58560"}],"wp:term":[{"taxonomy":"product_brand","embeddable":true,"href":"https:\/\/peach-pump.com\/pl\/wp-json\/wp\/v2\/product_brand?post=58560"},{"taxonomy":"product_cat","embeddable":true,"href":"https:\/\/peach-pump.com\/pl\/wp-json\/wp\/v2\/product_cat?post=58560"},{"taxonomy":"product_tag","embeddable":true,"href":"https:\/\/peach-pump.com\/pl\/wp-json\/wp\/v2\/product_tag?post=58560"}],"curies":[{"name":"wp","href":"https:\/\/api.w.org\/{rel}","templated":true}]}}