{"id":58333,"date":"2023-03-02T15:06:18","date_gmt":"2023-03-02T13:06:18","guid":{"rendered":"https:\/\/peach-pump.com\/products\/bezszwowe-legginsy-damskie-w-kolorze-glebokiej-zieleni\/"},"modified":"2026-04-04T13:59:37","modified_gmt":"2026-04-04T11:59:37","slug":"bezszwowe-damskie-legginsy-gleboka-zielen","status":"publish","type":"product","link":"https:\/\/peach-pump.com\/pl\/products\/bezszwowe-damskie-legginsy-gleboka-zielen\/","title":{"rendered":"Bezszwowe legginsy damskie w kolorze g\u0142\u0119bokiej zieleni"},"content":{"rendered":"<p>Sportowe, bezszwowe legginsy damskie w kolorze g\u0142\u0119bokiej zieleni. Model wykonany z elastycznej, oddychaj\u0105cej tkaniny, doskonale modeluje sylwetk\u0119 z efektem Peach Pump. Nadaje si\u0119 zar\u00f3wno do treningu si\u0142owego, jak i aerobowego. Legginsy maj\u0105 szeroki pas, kt\u00f3ry delikatnie podkre\u015bla i rze\u017abi tali\u0119, dost\u0119pny w kilku pi\u0119knych kolorach. <\/p>\n<ul>\n<li> Wysoki stan<\/li>\n<li> Bezszwowy materia\u0142<\/li>\n<li> Podnosz\u0105, modeluj\u0105, ukrywaj\u0105 problematyczne obszary<\/li>\n<li> Obejmuj\u0105cy tali\u0119 pr\u0105\u017ckowany pas<\/li>\n<li> Efekt Peachy<\/li>\n<li> Bez szwu z przodu<\/li>\n<li> Termicznie naklejone logo Peach Pump z ty\u0142u leggins\u00f3w<\/li>\n<li> Technologia odprowadzania potu<\/li>\n<\/ul>\n<p>  Sk\u0142ad 80% poliester 20% spandex Legginsy mo\u017cna pra\u0107 w temperaturze do 30 stopni, nie wybiela\u0107 i nie czy\u015bci\u0107 chemicznie Modelka na zdj\u0119ciu ma 178 cm wzrostu, wa\u017cy 54 kg i pozuje w rozmiarze M (legginsy s\u0105 bardziej obcis\u0142e) Prosimy o skorzystanie z tabel, aby wybra\u0107 dok\u0142adny rozmiar.  \t\t<div id=\"sbi_mod_error\" >\n\t\t\t<span>This error message is only visible to WordPress admins<\/span><br\/>\n\t\t\t<p><strong>Error: No connected account.<\/strong>\n\t\t\t<p>Please go to the Instagram Feed settings page to connect an account.<\/p>\n\t\t<\/div>\n\t\t<\/p>\n","protected":false},"excerpt":{"rendered":"<p>Sportowe, bezszwowe legginsy damskie w kolorze g\u0142\u0119bokiej zieleni. Model wykonany z elastycznej, oddychaj\u0105cej tkaniny, doskonale modeluje sylwetk\u0119 z efektem Peach Pump. Nadaje si\u0119 zar\u00f3wno do treningu si\u0142owego, jak i aerobowego. Legginsy maj\u0105 szeroki pas, kt\u00f3ry delikatnie podkre\u015bla i rze\u017abi tali\u0119, dost\u0119pny w kilku pi\u0119knych kolorach. Wysoki stan Bezszwowy materia\u0142 Podnosz\u0105, modeluj\u0105, ukrywaj\u0105 problematyczne obszary Obejmuj\u0105cy [&hellip;]<\/p>\n","protected":false},"featured_media":30608,"comment_status":"open","ping_status":"closed","template":"","meta":[],"product_brand":[],"product_cat":[144,307],"product_tag":[],"class_list":{"0":"post-58333","1":"product","2":"type-product","3":"status-publish","4":"has-post-thumbnail","6":"product_cat-legginsy-sportowe-damskie","7":"product_cat-legginsy-damskie-dlugie","8":"pa_cviat-zielony","9":"pa_razmer-l-pl","10":"pa_razmer-m-pl-2","11":"pa_razmer-s-pl-2","12":"pa_razmer-xl-pl","13":"inventories-world","14":"inventories-pl","15":"inventories-uk","17":"first","18":"instock","19":"taxable","20":"shipping-taxable","21":"purchasable","22":"product-type-variable"},"_links":{"self":[{"href":"https:\/\/peach-pump.com\/pl\/wp-json\/wp\/v2\/product\/58333","targetHints":{"allow":["GET"]}}],"collection":[{"href":"https:\/\/peach-pump.com\/pl\/wp-json\/wp\/v2\/product"}],"about":[{"href":"https:\/\/peach-pump.com\/pl\/wp-json\/wp\/v2\/types\/product"}],"replies":[{"embeddable":true,"href":"https:\/\/peach-pump.com\/pl\/wp-json\/wp\/v2\/comments?post=58333"}],"version-history":[{"count":0,"href":"https:\/\/peach-pump.com\/pl\/wp-json\/wp\/v2\/product\/58333\/revisions"}],"wp:featuredmedia":[{"embeddable":true,"href":"https:\/\/peach-pump.com\/pl\/wp-json\/wp\/v2\/media\/30608"}],"wp:attachment":[{"href":"https:\/\/peach-pump.com\/pl\/wp-json\/wp\/v2\/media?parent=58333"}],"wp:term":[{"taxonomy":"product_brand","embeddable":true,"href":"https:\/\/peach-pump.com\/pl\/wp-json\/wp\/v2\/product_brand?post=58333"},{"taxonomy":"product_cat","embeddable":true,"href":"https:\/\/peach-pump.com\/pl\/wp-json\/wp\/v2\/product_cat?post=58333"},{"taxonomy":"product_tag","embeddable":true,"href":"https:\/\/peach-pump.com\/pl\/wp-json\/wp\/v2\/product_tag?post=58333"}],"curies":[{"name":"wp","href":"https:\/\/api.w.org\/{rel}","templated":true}]}}