{"id":58293,"date":"2023-03-02T19:01:58","date_gmt":"2023-03-02T17:01:58","guid":{"rendered":"https:\/\/peach-pump.com\/products\/czarny-stanik-sportowy-z-siateczka-i-wkladkami\/"},"modified":"2025-06-21T14:39:40","modified_gmt":"2025-06-21T12:39:40","slug":"czarny-stanik-sportowy-z-siatka","status":"publish","type":"product","link":"https:\/\/peach-pump.com\/pl\/products\/czarny-stanik-sportowy-z-siatka\/","title":{"rendered":"Czarny stanik sportowy z siateczk\u0105 i wk\u0142adkami"},"content":{"rendered":"<p>Modny czarny stanik sportowy z siateczk\u0105 i efektownym ty\u0142em. Model posiada wk\u0142adki i element odblaskowy z przodu. Model ten jest wygodny do wszelkiego rodzaju trening\u00f3w, a jego efektowny kr\u00f3j sprawi, \u017ce poczujesz si\u0119 pi\u0119knie i seksownie. Ma efektowne plecy, podtrzymuje biust, nadaje si\u0119 do biegania, fitnessu i trening\u00f3w aerobowych. Model jest r\u00f3wnie\u017c dost\u0119pny w kolorze szarym.  <\/p>\n<ul>\n<li>Elastyczny, szybkoschn\u0105cy materia\u0142<\/li>\n<li> Zgrzewane logo Peach Pump u do\u0142u stanika<\/li>\n<li> Zapi\u0119cie na szyi<\/li>\n<li> Wk\u0142adki z efektem push-up<\/li>\n<li> Du\u017ca elastyczno\u015b\u0107<\/li>\n<\/ul>\n<p>  Sk\u0142ad: 80% poliester 20% spandex. Stanik mo\u017cna pra\u0107 w temperaturze do 30 stopni. Nie wybiela\u0107. Nie czy\u015bci\u0107 chemicznie. Modelka na zdj\u0119ciu ma 178 cm wzrostu, wa\u017cy 54 kg i pozuje w rozmiarze M. Prosimy o skorzystanie z tabel, aby wybra\u0107 dok\u0142adny rozmiar<\/p>\n","protected":false},"excerpt":{"rendered":"<p>Modny czarny stanik sportowy z siateczk\u0105 i efektownym ty\u0142em. Model posiada wk\u0142adki i element odblaskowy z przodu. Model ten jest wygodny do wszelkiego rodzaju trening\u00f3w, a jego efektowny kr\u00f3j sprawi, \u017ce poczujesz si\u0119 pi\u0119knie i seksownie. Ma efektowne plecy, podtrzymuje biust, nadaje si\u0119 do biegania, fitnessu i trening\u00f3w aerobowych. Model jest r\u00f3wnie\u017c dost\u0119pny w kolorze [&hellip;]<\/p>\n","protected":false},"featured_media":30673,"comment_status":"open","ping_status":"closed","template":"","meta":[],"product_brand":[],"product_cat":[361],"product_tag":[],"class_list":{"0":"post-58293","1":"product","2":"type-product","3":"status-publish","4":"has-post-thumbnail","6":"product_cat-biustonosz-staniki-sportove","7":"pa_cviat-czarny","8":"pa_razmer-l-pl","9":"pa_razmer-m-pl-2","10":"pa_razmer-s-pl-2","11":"inventories-world","12":"inventories-uk","14":"first","15":"instock","16":"taxable","17":"shipping-taxable","18":"purchasable","19":"product-type-variable"},"_links":{"self":[{"href":"https:\/\/peach-pump.com\/pl\/wp-json\/wp\/v2\/product\/58293","targetHints":{"allow":["GET"]}}],"collection":[{"href":"https:\/\/peach-pump.com\/pl\/wp-json\/wp\/v2\/product"}],"about":[{"href":"https:\/\/peach-pump.com\/pl\/wp-json\/wp\/v2\/types\/product"}],"replies":[{"embeddable":true,"href":"https:\/\/peach-pump.com\/pl\/wp-json\/wp\/v2\/comments?post=58293"}],"version-history":[{"count":0,"href":"https:\/\/peach-pump.com\/pl\/wp-json\/wp\/v2\/product\/58293\/revisions"}],"wp:featuredmedia":[{"embeddable":true,"href":"https:\/\/peach-pump.com\/pl\/wp-json\/wp\/v2\/media\/30673"}],"wp:attachment":[{"href":"https:\/\/peach-pump.com\/pl\/wp-json\/wp\/v2\/media?parent=58293"}],"wp:term":[{"taxonomy":"product_brand","embeddable":true,"href":"https:\/\/peach-pump.com\/pl\/wp-json\/wp\/v2\/product_brand?post=58293"},{"taxonomy":"product_cat","embeddable":true,"href":"https:\/\/peach-pump.com\/pl\/wp-json\/wp\/v2\/product_cat?post=58293"},{"taxonomy":"product_tag","embeddable":true,"href":"https:\/\/peach-pump.com\/pl\/wp-json\/wp\/v2\/product_tag?post=58293"}],"curies":[{"name":"wp","href":"https:\/\/api.w.org\/{rel}","templated":true}]}}