{"id":57961,"date":"2023-06-03T19:45:38","date_gmt":"2023-06-03T17:45:38","guid":{"rendered":"https:\/\/peach-pump.com\/products\/rozowa-czapka-z-daszkiem-peach-pump\/"},"modified":"2026-04-11T13:31:52","modified_gmt":"2026-04-11T11:31:52","slug":"rozowa-czapka-z-daszkiem-peach-pump","status":"publish","type":"product","link":"https:\/\/peach-pump.com\/pl\/products\/rozowa-czapka-z-daszkiem-peach-pump\/","title":{"rendered":"R\u00f3\u017cowa czapka z daszkiem Peach Pump"},"content":{"rendered":"<p>Po\u0142\u0105cz swoje ulubione legginsy i staniki z r\u00f3\u017cow\u0105 czapk\u0105 z daszkiem Peach Pump. W gor\u0105ce letnie miesi\u0105ce b\u0119dzie doskona\u0142ym uzupe\u0142nieniem Twojej stylizacji, a jednocze\u015bnie os\u0142oni twarz przed ostrym s\u0142o\u0144cem. Czapka ma efektowny, haftowany wz\u00f3r tr\u00f3jwymiarowy z bia\u0142ym logo z r\u00f3\u017cow\u0105 obw\u00f3dk\u0105 i motywacyjnym napisem: &#8220;PEACH MODE &#8211; ON&#8221;. Czapka jest regulowana za pomoc\u0105 zapi\u0119cia na klamr\u0119, a daszek jest zakrzywiony. B\u0105d\u017a stylowa i wyr\u00f3\u017cniaj\u0105ca si\u0119 dzi\u0119ki temu doskona\u0142emu wyko\u0144czeniu swojego sportowego stroju.<\/p>\n","protected":false},"excerpt":{"rendered":"<p>Po\u0142\u0105cz swoje ulubione legginsy i staniki z r\u00f3\u017cow\u0105 czapk\u0105 z daszkiem Peach Pump. W gor\u0105ce letnie miesi\u0105ce b\u0119dzie doskona\u0142ym uzupe\u0142nieniem Twojej stylizacji, a jednocze\u015bnie os\u0142oni twarz przed ostrym s\u0142o\u0144cem. Czapka ma efektowny, haftowany wz\u00f3r tr\u00f3jwymiarowy z bia\u0142ym logo z r\u00f3\u017cow\u0105 obw\u00f3dk\u0105 i motywacyjnym napisem: &#8220;PEACH MODE &#8211; ON&#8221;. Czapka jest regulowana za pomoc\u0105 zapi\u0119cia na [&hellip;]<\/p>\n","protected":false},"featured_media":41150,"comment_status":"open","ping_status":"closed","template":"","meta":[],"product_brand":[],"product_cat":[861],"product_tag":[],"class_list":{"0":"post-57961","1":"product","2":"type-product","3":"status-publish","4":"has-post-thumbnail","6":"product_cat-akcesoria","7":"pa_cviat-rozowy","8":"pa_razmer-one-size-pl","9":"inventories-world","10":"inventories-pl","11":"inventories-uk","13":"first","14":"instock","15":"taxable","16":"shipping-taxable","17":"purchasable","18":"product-type-variable"},"_links":{"self":[{"href":"https:\/\/peach-pump.com\/en\/wp-json\/wp\/v2\/product\/57961","targetHints":{"allow":["GET"]}}],"collection":[{"href":"https:\/\/peach-pump.com\/en\/wp-json\/wp\/v2\/product"}],"about":[{"href":"https:\/\/peach-pump.com\/en\/wp-json\/wp\/v2\/types\/product"}],"replies":[{"embeddable":true,"href":"https:\/\/peach-pump.com\/en\/wp-json\/wp\/v2\/comments?post=57961"}],"version-history":[{"count":0,"href":"https:\/\/peach-pump.com\/en\/wp-json\/wp\/v2\/product\/57961\/revisions"}],"wp:featuredmedia":[{"embeddable":true,"href":"https:\/\/peach-pump.com\/en\/wp-json\/wp\/v2\/media\/41150"}],"wp:attachment":[{"href":"https:\/\/peach-pump.com\/en\/wp-json\/wp\/v2\/media?parent=57961"}],"wp:term":[{"taxonomy":"product_brand","embeddable":true,"href":"https:\/\/peach-pump.com\/en\/wp-json\/wp\/v2\/product_brand?post=57961"},{"taxonomy":"product_cat","embeddable":true,"href":"https:\/\/peach-pump.com\/en\/wp-json\/wp\/v2\/product_cat?post=57961"},{"taxonomy":"product_tag","embeddable":true,"href":"https:\/\/peach-pump.com\/en\/wp-json\/wp\/v2\/product_tag?post=57961"}],"curies":[{"name":"wp","href":"https:\/\/api.w.org\/{rel}","templated":true}]}}