{"id":57956,"date":"2023-06-12T00:08:10","date_gmt":"2023-06-11T22:08:10","guid":{"rendered":"https:\/\/peach-pump.com\/products\/rozowe-bezszwowe-legginsy-z-wysokim-stanem-i-efektem-peach-pump\/"},"modified":"2025-06-21T15:10:28","modified_gmt":"2025-06-21T13:10:28","slug":"rozowe-bezszwowe-legginsy-z-wysokim-stanem","status":"publish","type":"product","link":"https:\/\/peach-pump.com\/pl\/products\/rozowe-bezszwowe-legginsy-z-wysokim-stanem\/","title":{"rendered":"R\u00f3\u017cowe bezszwowe legginsy z wysokim stanem i efektem Peach Pump"},"content":{"rendered":"<p>Damskie r\u00f3\u017cowe legginsy bezszwowe z materia\u0142u oddychaj\u0105cego, szeroki pr\u0105\u017ckowany pas z wysokim stanem, kt\u00f3ry delikatnie przyci\u0105ga i modeluje sylwetk\u0119. Materia\u0142 leggins\u00f3w jest bezszwowy, o bardzo wysokiej elastyczno\u015bci, co sprawia, \u017ce s\u0105 one bardzo wygodne podczas uprawiania ka\u017cdego rodzaju sportu lub chodzenia. Charakteryzuj\u0105 si\u0119 wysokim dopasowaniem do cia\u0142a, co sprawia, \u017ce ich noszenie jest prawdziw\u0105 przyjemno\u015bci\u0105. Kolor leggins\u00f3w jest idealny na lato i doda nastroju i koloru Twojej sportowej garderobie. Mo\u017cesz po\u0142\u0105czy\u0107 go ze sportowym topem, gorsetem lub akcesoriami z kolekcji Peach Pump, kt\u00f3re idealnie dope\u0142ni\u0105 Tw\u00f3j sportowy zestaw.  <\/p>\n<ul>\n<li>Wysoki stan<\/li>\n<li>Tkanina bez szw\u00f3w<\/li>\n<li>Podnosz\u0105, modeluj\u0105, ukrywaj\u0105 problematyczne obszary<\/li>\n<li>Pr\u0105\u017ckowany pas obejmuj\u0105cy talie<\/li>\n<li>Efekt Peachy<\/li>\n<li>Bez szwu z przodu<\/li>\n<li>Zgrzewane logo Peach Pump z ty\u0142u leggins\u00f3w<\/li>\n<li>Tkanina odprowadzaj\u0105ca wilgo\u0107 z cia\u0142a<\/li>\n<\/ul>\n<p>  Sk\u0142ad: 80% poliester 20% spandex Dzianin\u0119 mo\u017cna pra\u0107 w temperaturze do 30 stopni, nie wybiela\u0107 i nie czy\u015bci\u0107 chemicznie. Modelka na zdj\u0119ciu ma 178 cm wzrostu, wa\u017cy 54 kg i pozuje w rozmiarze S. (Legginsy s\u0105 bardzo rozci\u0105gliwe) Prosimy o skorzystanie z tabel, aby wybra\u0107 dok\u0142adny rozmiar.<\/p>\n","protected":false},"excerpt":{"rendered":"<p>Damskie r\u00f3\u017cowe legginsy bezszwowe z materia\u0142u oddychaj\u0105cego, szeroki pr\u0105\u017ckowany pas z wysokim stanem, kt\u00f3ry delikatnie przyci\u0105ga i modeluje sylwetk\u0119. Materia\u0142 leggins\u00f3w jest bezszwowy, o bardzo wysokiej elastyczno\u015bci, co sprawia, \u017ce s\u0105 one bardzo wygodne podczas uprawiania ka\u017cdego rodzaju sportu lub chodzenia. Charakteryzuj\u0105 si\u0119 wysokim dopasowaniem do cia\u0142a, co sprawia, \u017ce ich noszenie jest prawdziw\u0105 przyjemno\u015bci\u0105. [&hellip;]<\/p>\n","protected":false},"featured_media":42451,"comment_status":"open","ping_status":"closed","template":"","meta":[],"product_brand":[],"product_cat":[144,307],"product_tag":[],"class_list":{"0":"post-57956","1":"product","2":"type-product","3":"status-publish","4":"has-post-thumbnail","6":"product_cat-legginsy-sportowe-damskie","7":"product_cat-legginsy-damskie-dlugie","8":"pa_cviat-rozowy","9":"pa_razmer-l-pl","10":"pa_razmer-m-pl-2","11":"pa_razmer-s-pl-2","12":"inventories-world","13":"inventories-uk","15":"first","16":"instock","17":"taxable","18":"shipping-taxable","19":"purchasable","20":"product-type-variable"},"_links":{"self":[{"href":"https:\/\/peach-pump.com\/en\/wp-json\/wp\/v2\/product\/57956","targetHints":{"allow":["GET"]}}],"collection":[{"href":"https:\/\/peach-pump.com\/en\/wp-json\/wp\/v2\/product"}],"about":[{"href":"https:\/\/peach-pump.com\/en\/wp-json\/wp\/v2\/types\/product"}],"replies":[{"embeddable":true,"href":"https:\/\/peach-pump.com\/en\/wp-json\/wp\/v2\/comments?post=57956"}],"version-history":[{"count":0,"href":"https:\/\/peach-pump.com\/en\/wp-json\/wp\/v2\/product\/57956\/revisions"}],"wp:featuredmedia":[{"embeddable":true,"href":"https:\/\/peach-pump.com\/en\/wp-json\/wp\/v2\/media\/42451"}],"wp:attachment":[{"href":"https:\/\/peach-pump.com\/en\/wp-json\/wp\/v2\/media?parent=57956"}],"wp:term":[{"taxonomy":"product_brand","embeddable":true,"href":"https:\/\/peach-pump.com\/en\/wp-json\/wp\/v2\/product_brand?post=57956"},{"taxonomy":"product_cat","embeddable":true,"href":"https:\/\/peach-pump.com\/en\/wp-json\/wp\/v2\/product_cat?post=57956"},{"taxonomy":"product_tag","embeddable":true,"href":"https:\/\/peach-pump.com\/en\/wp-json\/wp\/v2\/product_tag?post=57956"}],"curies":[{"name":"wp","href":"https:\/\/api.w.org\/{rel}","templated":true}]}}