{"id":57251,"date":"2023-08-04T10:14:59","date_gmt":"2023-08-04T08:14:59","guid":{"rendered":"https:\/\/peach-pump.com\/products\/blekitna-czapka-z-daszkiem-peach-pump\/"},"modified":"2026-02-19T16:08:03","modified_gmt":"2026-02-19T14:08:03","slug":"blekitna-czapka-z-dasykiem-peach-pump","status":"publish","type":"product","link":"https:\/\/peach-pump.com\/pl\/products\/blekitna-czapka-z-dasykiem-peach-pump\/","title":{"rendered":"B\u0142\u0119kitna czapka z daszkiem Peach Pump"},"content":{"rendered":"<p>Po\u0142\u0105cz swoje ulubione legginsy i staniki z b\u0142\u0119kitn\u0105 czapk\u0105 z daszkiem Peach Pump. W gor\u0105ce letnie miesi\u0105ce b\u0119dzie doskona\u0142ym uzupe\u0142nieniem Twojej stylizacji, a jednocze\u015bnie os\u0142oni twarz przed ostrym s\u0142o\u0144cem. Czapka ma efektowy haftowany wz\u00f3r tr\u00f3jwymiarowy z bia\u0142ym logo z niebiesk\u0105 obw\u00f3dk\u0105 i motywuj\u0105cym napisem: &#8220;Addicted to PUMP&#8221;. Czapka jest regulowana za pomoc\u0105 zapi\u0119cia na klamr\u0119, a daszek jest zakrzywiony. B\u0105d\u017a stylowa i wyr\u00f3\u017cniaj\u0105ca si\u0119 dzi\u0119ki temu doskona\u0142emu wyko\u0144czeniu swojego sportowego stroju.<\/p>\n","protected":false},"excerpt":{"rendered":"<p>Po\u0142\u0105cz swoje ulubione legginsy i staniki z b\u0142\u0119kitn\u0105 czapk\u0105 z daszkiem Peach Pump. W gor\u0105ce letnie miesi\u0105ce b\u0119dzie doskona\u0142ym uzupe\u0142nieniem Twojej stylizacji, a jednocze\u015bnie os\u0142oni twarz przed ostrym s\u0142o\u0144cem. Czapka ma efektowy haftowany wz\u00f3r tr\u00f3jwymiarowy z bia\u0142ym logo z niebiesk\u0105 obw\u00f3dk\u0105 i motywuj\u0105cym napisem: &#8220;Addicted to PUMP&#8221;. Czapka jest regulowana za pomoc\u0105 zapi\u0119cia na klamr\u0119, [&hellip;]<\/p>\n","protected":false},"featured_media":47725,"comment_status":"open","ping_status":"closed","template":"","meta":[],"product_brand":[],"product_cat":[861],"product_tag":[],"class_list":{"0":"post-57251","1":"product","2":"type-product","3":"status-publish","4":"has-post-thumbnail","6":"product_cat-akcesoria","7":"pa_cviat-jasnoniebieski","8":"pa_razmer-one-size-pl","9":"inventories-world","10":"inventories-uk","12":"first","13":"instock","14":"taxable","15":"shipping-taxable","16":"purchasable","17":"product-type-variable"},"_links":{"self":[{"href":"https:\/\/peach-pump.com\/pl\/wp-json\/wp\/v2\/product\/57251","targetHints":{"allow":["GET"]}}],"collection":[{"href":"https:\/\/peach-pump.com\/pl\/wp-json\/wp\/v2\/product"}],"about":[{"href":"https:\/\/peach-pump.com\/pl\/wp-json\/wp\/v2\/types\/product"}],"replies":[{"embeddable":true,"href":"https:\/\/peach-pump.com\/pl\/wp-json\/wp\/v2\/comments?post=57251"}],"version-history":[{"count":1,"href":"https:\/\/peach-pump.com\/pl\/wp-json\/wp\/v2\/product\/57251\/revisions"}],"predecessor-version":[{"id":111333,"href":"https:\/\/peach-pump.com\/pl\/wp-json\/wp\/v2\/product\/57251\/revisions\/111333"}],"wp:featuredmedia":[{"embeddable":true,"href":"https:\/\/peach-pump.com\/pl\/wp-json\/wp\/v2\/media\/47725"}],"wp:attachment":[{"href":"https:\/\/peach-pump.com\/pl\/wp-json\/wp\/v2\/media?parent=57251"}],"wp:term":[{"taxonomy":"product_brand","embeddable":true,"href":"https:\/\/peach-pump.com\/pl\/wp-json\/wp\/v2\/product_brand?post=57251"},{"taxonomy":"product_cat","embeddable":true,"href":"https:\/\/peach-pump.com\/pl\/wp-json\/wp\/v2\/product_cat?post=57251"},{"taxonomy":"product_tag","embeddable":true,"href":"https:\/\/peach-pump.com\/pl\/wp-json\/wp\/v2\/product_tag?post=57251"}],"curies":[{"name":"wp","href":"https:\/\/api.w.org\/{rel}","templated":true}]}}