{"id":57244,"date":"2023-08-04T11:47:04","date_gmt":"2023-08-04T09:47:04","guid":{"rendered":"https:\/\/peach-pump.com\/products\/szara-czapka-z-daszkiem-peach-pump\/"},"modified":"2026-03-31T00:41:08","modified_gmt":"2026-03-30T22:41:08","slug":"szara-czapka-z-daszkiem-peach-pump","status":"publish","type":"product","link":"https:\/\/peach-pump.com\/pl\/products\/szara-czapka-z-daszkiem-peach-pump\/","title":{"rendered":"Szara czapka z daszkiem Peach Pump"},"content":{"rendered":"<p>Po\u0142\u0105cz swoje ulubione legginsy i staniki z szar\u0105 czapk\u0105 z daszkiem Peach Pump. W gor\u0105ce letnie miesi\u0105ce b\u0119dzie doskona\u0142ym uzupe\u0142nieniem Twojej stylizacji, a jednocze\u015bnie os\u0142oni twarz przed ostrym s\u0142o\u0144cem. Czapka ma efektowny haftowany wz\u00f3r tr\u00f3jwymiarowy z r\u00f3\u017cowym logo z szar\u0105 obw\u00f3dk\u0105 i motywuj\u0105cym has\u0142em: \u201cMy standards are too high\u201d. Czapka ma uniwersalny rozmiar i jest regulowana zapi\u0119ciem na klamr\u0119, a daszek jest zakrzywiony. B\u0105d\u017a stylowa i wyr\u00f3\u017cniaj\u0105ca si\u0119 dzi\u0119ki temu doskona\u0142emu wyko\u0144czeniu swojego sportowego stroju.<\/p>\n","protected":false},"excerpt":{"rendered":"<p>Po\u0142\u0105cz swoje ulubione legginsy i staniki z szar\u0105 czapk\u0105 z daszkiem Peach Pump. W gor\u0105ce letnie miesi\u0105ce b\u0119dzie doskona\u0142ym uzupe\u0142nieniem Twojej stylizacji, a jednocze\u015bnie os\u0142oni twarz przed ostrym s\u0142o\u0144cem. Czapka ma efektowny haftowany wz\u00f3r tr\u00f3jwymiarowy z r\u00f3\u017cowym logo z szar\u0105 obw\u00f3dk\u0105 i motywuj\u0105cym has\u0142em: \u201cMy standards are too high\u201d. Czapka ma uniwersalny rozmiar i jest [&hellip;]<\/p>\n","protected":false},"featured_media":47814,"comment_status":"open","ping_status":"closed","template":"","meta":[],"product_brand":[],"product_cat":[861],"product_tag":[],"class_list":{"0":"post-57244","1":"product","2":"type-product","3":"status-publish","4":"has-post-thumbnail","6":"product_cat-akcesoria","7":"pa_cviat-szary","8":"pa_razmer-one-size-pl","9":"inventories-world","10":"inventories-uk","12":"first","13":"instock","14":"taxable","15":"shipping-taxable","16":"purchasable","17":"product-type-variable"},"_links":{"self":[{"href":"https:\/\/peach-pump.com\/pl\/wp-json\/wp\/v2\/product\/57244","targetHints":{"allow":["GET"]}}],"collection":[{"href":"https:\/\/peach-pump.com\/pl\/wp-json\/wp\/v2\/product"}],"about":[{"href":"https:\/\/peach-pump.com\/pl\/wp-json\/wp\/v2\/types\/product"}],"replies":[{"embeddable":true,"href":"https:\/\/peach-pump.com\/pl\/wp-json\/wp\/v2\/comments?post=57244"}],"version-history":[{"count":0,"href":"https:\/\/peach-pump.com\/pl\/wp-json\/wp\/v2\/product\/57244\/revisions"}],"wp:featuredmedia":[{"embeddable":true,"href":"https:\/\/peach-pump.com\/pl\/wp-json\/wp\/v2\/media\/47814"}],"wp:attachment":[{"href":"https:\/\/peach-pump.com\/pl\/wp-json\/wp\/v2\/media?parent=57244"}],"wp:term":[{"taxonomy":"product_brand","embeddable":true,"href":"https:\/\/peach-pump.com\/pl\/wp-json\/wp\/v2\/product_brand?post=57244"},{"taxonomy":"product_cat","embeddable":true,"href":"https:\/\/peach-pump.com\/pl\/wp-json\/wp\/v2\/product_cat?post=57244"},{"taxonomy":"product_tag","embeddable":true,"href":"https:\/\/peach-pump.com\/pl\/wp-json\/wp\/v2\/product_tag?post=57244"}],"curies":[{"name":"wp","href":"https:\/\/api.w.org\/{rel}","templated":true}]}}