{"id":27356,"date":"2022-06-15T14:51:03","date_gmt":"2022-06-15T12:51:03","guid":{"rendered":"https:\/\/peach-pump.com\/products\/czarna-bluza-sportowa-z-wypustkami-i-krzyzem-na-plecach\/"},"modified":"2024-09-05T09:20:42","modified_gmt":"2024-09-05T07:20:42","slug":"czarna-sportowa-koszulka-wkladki","status":"publish","type":"product","link":"https:\/\/peach-pump.com\/pl\/products\/czarna-sportowa-koszulka-wkladki\/","title":{"rendered":"Czarna koszulka sportowa z wk\u0142adkami i skrzy\u017cowanym ty\u0142em"},"content":{"rendered":"<p>Modna czarna koszulka sportowa wykonana z materia\u0142u bardzo elastycznego. Model posiada efektowny skrzy\u017cowany ty\u0142 i twarde wk\u0142adki typu biustonosz, kt\u00f3re doskonale podtrzymuj\u0105 i modeluj\u0105 Tw\u00f3j biust. W dolnej cz\u0119\u015bci plec\u00f3w pas wykonany jest z pi\u0119ciu poziomych paseczk\u00f3w, co zapewnia dodatkowy komfort i nowoczesny wygl\u0105d. Nie pozostawia plam potu W modelu tym poczujesz si\u0119 komfortowo i pi\u0119knie podczas treningu, niezale\u017cnie od tego, czy b\u0119dzie to joga, fitness, czy sporty na \u015bwie\u017cym powietrzu.<\/p>\n<ul>\n<li>Wbudowane twarde wk\u0142adki z efektem pusz-up<\/li>\n<li>Skrzy\u017cowany, efektowny ty\u0142<\/li>\n<li>Du\u017ca elastyczno\u015b\u0107<\/li>\n<li>Zgrzewane logo Peach Pump na ramieniu<\/li>\n<li>Technologia odprowadzania potu<\/li>\n<\/ul>\n<p>Sk\u0142ad: 80% poliester 20% elastan<\/p>\n<p>Koszulk\u0119 mo\u017cna pra\u0107 w temperaturze do 30 stopni. Nie wybiela\u0107. Nie czy\u015bci\u0107 chemicznie.<\/p>\n<p>Model na zdj\u0119ciu ma 178 cm wzrostu, wa\u017cy 54 kg i prezentuje koszulk\u0119 w rozmiarze M.<\/p>\n<p>Aby wybra\u0107 dok\u0142adny rozmiar, skorzystaj z tabel rozmiarowych.<\/p>\n","protected":false},"excerpt":{"rendered":"<p>Modna czarna koszulka sportowa wykonana z materia\u0142u bardzo elastycznego. Model posiada efektowny skrzy\u017cowany ty\u0142 i twarde wk\u0142adki typu biustonosz, kt\u00f3re doskonale podtrzymuj\u0105 i modeluj\u0105 Tw\u00f3j biust. W dolnej cz\u0119\u015bci plec\u00f3w pas wykonany jest z pi\u0119ciu poziomych paseczk\u00f3w, co zapewnia dodatkowy komfort i nowoczesny wygl\u0105d. Nie pozostawia plam potu W modelu tym poczujesz si\u0119 komfortowo i [&hellip;]<\/p>\n","protected":false},"featured_media":18465,"comment_status":"open","ping_status":"closed","template":"","meta":[],"product_brand":[],"product_cat":[360],"product_tag":[],"class_list":{"0":"post-27356","1":"product","2":"type-product","3":"status-publish","4":"has-post-thumbnail","6":"product_cat-bluzki-koszulki-fitness-sportowe","7":"pa_cviat-czarny","8":"pa_razmer-l-pl","9":"pa_razmer-m-pl-2","10":"pa_razmer-s-pl-2","11":"inventories-world","13":"first","14":"instock","15":"taxable","16":"shipping-taxable","17":"purchasable","18":"product-type-variable"},"_links":{"self":[{"href":"https:\/\/peach-pump.com\/pl\/wp-json\/wp\/v2\/product\/27356","targetHints":{"allow":["GET"]}}],"collection":[{"href":"https:\/\/peach-pump.com\/pl\/wp-json\/wp\/v2\/product"}],"about":[{"href":"https:\/\/peach-pump.com\/pl\/wp-json\/wp\/v2\/types\/product"}],"replies":[{"embeddable":true,"href":"https:\/\/peach-pump.com\/pl\/wp-json\/wp\/v2\/comments?post=27356"}],"version-history":[{"count":0,"href":"https:\/\/peach-pump.com\/pl\/wp-json\/wp\/v2\/product\/27356\/revisions"}],"wp:featuredmedia":[{"embeddable":true,"href":"https:\/\/peach-pump.com\/pl\/wp-json\/wp\/v2\/media\/18465"}],"wp:attachment":[{"href":"https:\/\/peach-pump.com\/pl\/wp-json\/wp\/v2\/media?parent=27356"}],"wp:term":[{"taxonomy":"product_brand","embeddable":true,"href":"https:\/\/peach-pump.com\/pl\/wp-json\/wp\/v2\/product_brand?post=27356"},{"taxonomy":"product_cat","embeddable":true,"href":"https:\/\/peach-pump.com\/pl\/wp-json\/wp\/v2\/product_cat?post=27356"},{"taxonomy":"product_tag","embeddable":true,"href":"https:\/\/peach-pump.com\/pl\/wp-json\/wp\/v2\/product_tag?post=27356"}],"curies":[{"name":"wp","href":"https:\/\/api.w.org\/{rel}","templated":true}]}}