{"id":148201,"date":"2026-04-25T07:56:33","date_gmt":"2026-04-25T05:56:33","guid":{"rendered":"https:\/\/peach-pump.com\/products\/rozowe-legginsy-sportowe-peach-pump-ze-szwem-modelujacym-3d\/"},"modified":"2026-04-30T09:58:59","modified_gmt":"2026-04-30T07:58:59","slug":"rozowe-legginsy-sportowe-peach-pump-ze-szwem-modelujacym-3d","status":"publish","type":"product","link":"https:\/\/peach-pump.com\/pl\/products\/rozowe-legginsy-sportowe-peach-pump-ze-szwem-modelujacym-3d\/","title":{"rendered":"R\u00f3\u017cowe legginsy sportowe Peach Pump ze szwem modeluj\u0105cym 3D"},"content":{"rendered":"<p class=\"p1\"><span class=\"s2\">Damskie legginsy sportowe w jasnor\u00f3\u017cowym kolorze, odpowiednie na ka\u017cd\u0105 por\u0119 roku. Model zosta\u0142 wykonany z mi\u0119kkiej i elastycznej tkaniny, kt\u00f3ra nie zatrzymuje wilgoci przy ciele i zapewnia komfort, \u0142atwo\u015b\u0107 i swobod\u0119 ruch\u00f3w.   <\/span><span class=\"s2\">Legginsy maj\u0105 tali\u0119 o \u015brednim wzro\u015bcie, kt\u00f3ra wsuwa si\u0119 i kszta\u0142tuje, tworz\u0105c ciasn\u0105 i wyrze\u017abion\u0105 sylwetk\u0119. Skuteczny  <\/span><span class=\"s1\">Szwy 3D<\/span><span class=\"s2\"> optycznie wyd\u0142u\u017caj\u0105 sylwetk\u0119, podkre\u015blaj\u0105 kr\u0105g\u0142o\u015bci i tworz\u0105 optyczne z\u0142udzenie mniejszej talii i figury typu <\/span><span class=\"s1\">klepsydra<\/span><span class=\"s2\">. <\/span><span class=\"s2\">Klin jest dost\u0119pny w kilku kolorach i mo\u017cna go po\u0142\u0105czy\u0107 z gorsetem w tym samym kolorze, aby uzyska\u0107 sportowy wygl\u0105d Peach Pump.<\/span><\/p>\n<p class=\"p1\"><span class=\"s2\">Nadaje si\u0119 zar\u00f3wno do trening\u00f3w, jak i nowoczesnych codziennych stylizacji, zaprojektowanych tak, aby podkre\u015bla\u0107 kobieco\u015b\u0107, kszta\u0142towa\u0107 sylwetk\u0119 i przyci\u0105ga\u0107 wzrok od pierwszej chwili. <\/span><\/p>\n<ul class=\"ul1\">\n<li class=\"li1\"><span class=\"s2\">Mi\u0119kki materia\u0142, kt\u00f3ry nie zatrzymuje wilgoci w ciele.<\/span><\/li>\n<li class=\"li1\"><span class=\"s2\">Wysoka talia zapewnia dopasowan\u0105 i kszta\u0142tn\u0105 sylwetk\u0119.<\/span><\/li>\n<li class=\"li1\"><span class=\"s2\">Szwy 3D optycznie wyd\u0142u\u017caj\u0105ce sylwetk\u0119 klepsydry<\/span><\/li>\n<li class=\"li1\"><span class=\"s2\">Termicznie naklejone logo Peach Pump z przodu<\/span><\/li>\n<li class=\"li1\"><span class=\"s2\">Elastyczny i wygodny kr\u00f3j<\/span><\/li>\n<li class=\"li1\"><span class=\"s2\">Seksowny, nowoczesny design<\/span><\/li>\n<li class=\"li1\"><span class=\"s2\">Mo\u017cna \u0142\u0105czy\u0107 z biustonoszem w tym samym kolorze<\/span><\/li>\n<\/ul>\n<p>Legginsy mo\u017cna pra\u0107 w temperaturze do 30 stopni, nie nale\u017cy u\u017cywa\u0107 wybielaczy ani czy\u015bci\u0107 chemicznie.<\/p>\n<p>Model na zdj\u0119ciu ma 170 cm wzrostu i wa\u017cy 53 kg. i pozuje w rozmiarze S. <\/p>\n<p>Aby wybra\u0107 dok\u0142adny rozmiar, skorzystaj z tabel rozmiarowych.<\/p>\n<p>90% Nylon 10% Elastan<\/p>\n","protected":false},"excerpt":{"rendered":"<p>Damskie legginsy sportowe w jasnor\u00f3\u017cowym kolorze, odpowiednie na ka\u017cd\u0105 por\u0119 roku. Model zosta\u0142 wykonany z mi\u0119kkiej i elastycznej tkaniny, kt\u00f3ra nie zatrzymuje wilgoci przy ciele i zapewnia komfort, \u0142atwo\u015b\u0107 i swobod\u0119 ruch\u00f3w. Legginsy maj\u0105 tali\u0119 o \u015brednim wzro\u015bcie, kt\u00f3ra wsuwa si\u0119 i kszta\u0142tuje, tworz\u0105c ciasn\u0105 i wyrze\u017abion\u0105 sylwetk\u0119. Skuteczny Szwy 3D optycznie wyd\u0142u\u017caj\u0105 sylwetk\u0119, podkre\u015blaj\u0105 [&hellip;]<\/p>\n","protected":false},"featured_media":147077,"comment_status":"open","ping_status":"closed","template":"","meta":[],"product_brand":[],"product_cat":[144,307],"product_tag":[],"class_list":{"0":"post-148201","1":"product","2":"type-product","3":"status-publish","4":"has-post-thumbnail","6":"product_cat-legginsy-sportowe-damskie","7":"product_cat-legginsy-damskie-dlugie","8":"pa_cviat-rozowy","9":"pa_razmer-m-pl-2","10":"pa_razmer-s-pl-2","11":"inventories-world","13":"first","14":"instock","15":"taxable","16":"shipping-taxable","17":"purchasable","18":"product-type-variable"},"_links":{"self":[{"href":"https:\/\/peach-pump.com\/en\/wp-json\/wp\/v2\/product\/148201","targetHints":{"allow":["GET"]}}],"collection":[{"href":"https:\/\/peach-pump.com\/en\/wp-json\/wp\/v2\/product"}],"about":[{"href":"https:\/\/peach-pump.com\/en\/wp-json\/wp\/v2\/types\/product"}],"replies":[{"embeddable":true,"href":"https:\/\/peach-pump.com\/en\/wp-json\/wp\/v2\/comments?post=148201"}],"version-history":[{"count":0,"href":"https:\/\/peach-pump.com\/en\/wp-json\/wp\/v2\/product\/148201\/revisions"}],"wp:featuredmedia":[{"embeddable":true,"href":"https:\/\/peach-pump.com\/en\/wp-json\/wp\/v2\/media\/147077"}],"wp:attachment":[{"href":"https:\/\/peach-pump.com\/en\/wp-json\/wp\/v2\/media?parent=148201"}],"wp:term":[{"taxonomy":"product_brand","embeddable":true,"href":"https:\/\/peach-pump.com\/en\/wp-json\/wp\/v2\/product_brand?post=148201"},{"taxonomy":"product_cat","embeddable":true,"href":"https:\/\/peach-pump.com\/en\/wp-json\/wp\/v2\/product_cat?post=148201"},{"taxonomy":"product_tag","embeddable":true,"href":"https:\/\/peach-pump.com\/en\/wp-json\/wp\/v2\/product_tag?post=148201"}],"curies":[{"name":"wp","href":"https:\/\/api.w.org\/{rel}","templated":true}]}}