{"id":148179,"date":"2026-04-25T08:24:19","date_gmt":"2026-04-25T06:24:19","guid":{"rendered":"https:\/\/peach-pump.com\/products\/rozowy-damski-komplet-sportowy-legginsy-i-biustonosz-z-przeszyciami-3d\/"},"modified":"2026-04-30T14:33:03","modified_gmt":"2026-04-30T12:33:03","slug":"rozowy-damski-komplet-sportowy-legginsy-i-biustonosz-z-przeszyciami-3d","status":"publish","type":"product","link":"https:\/\/peach-pump.com\/pl\/products\/rozowy-damski-komplet-sportowy-legginsy-i-biustonosz-z-przeszyciami-3d\/","title":{"rendered":"R\u00f3\u017cowy damski komplet sportowy legginsy i biustonosz z przeszyciami 3D"},"content":{"rendered":"<p class=\"p1\"><span class=\"s2\">Damski komplet sportowy Peach Pump, sk\u0142adaj\u0105cy si\u0119 z leggins\u00f3w i biustonosza <br \/>w kolorze jasnor\u00f3\u017cowym <\/span><span class=\"s1\">kolor<\/span><span class=\"s2\"> Idealny wyb\u00f3r dla stylowego sportowego wygl\u0105du o ka\u017cdej porze roku. Zestaw wykonany jest z mi\u0119kkiej, elastycznej i wygodnej tkaniny, kt\u00f3ra nie zatrzymuje wilgoci w ciele i zapewnia lekko\u015b\u0107, wygod\u0119 i swobod\u0119 ruch\u00f3w.  <\/span><span class=\"s2\">Biustonosz posiada <\/span><span class=\"s1\">wk\u0142adki push-up <\/span><span class=\"s2\">kt\u00f3re podkre\u015blaj\u0105 biust i tworz\u0105 pi\u0119kn\u0105 sylwetk\u0119, z <\/span><span class=\"s1\">regulowanymi rami\u0105czkami.<\/span><span class=\"s2\"> do indywidualnej regulacji. Legginsy s\u0105  <\/span><span class=\"s1\">wysoka talia <\/span><span class=\"s2\">kt\u00f3ra wsuwa si\u0119 i modeluje, tworz\u0105c wra\u017cenie napi\u0119tej i wyrze\u017abionej sylwetki. <\/span><span class=\"s2\">Skuteczne <\/span><span class=\"s1\">szwy 3D<\/span><span class=\"s2\"> na biu\u015bcie i legginsy optycznie modeluj\u0105ce cia\u0142o, wyd\u0142u\u017caj\u0105 sylwetk\u0119 i tworz\u0105 optyczne z\u0142udzenie mniejszej talii i figury typu <\/span><span class=\"s1\">klepsydra<\/span><span class=\"s2\">.<\/span><\/p>\n<p class=\"p1\"><span class=\"s2\">Zestaw jest dost\u0119pny w kilku kolorach i nadaje si\u0119 zar\u00f3wno do treningu, jak i modnych, codziennych stylizacji.<\/span><\/p>\n<p class=\"p1\"><span class=\"s2\">Biustonosz: <\/span><\/p>\n<ul class=\"ul1\">\n<li class=\"li1\"><span class=\"s2\">Mi\u0119kki materia\u0142, kt\u00f3ry nie zatrzymuje wilgoci na ciele  <\/span><\/li>\n<li class=\"li1\"><span class=\"s2\">Termicznie naklejone logo Peach Pump z przodu biustonosza <\/span><\/li>\n<li class=\"li1\"><span class=\"s2\">Regulowane rami\u0105czka<\/span><\/li>\n<li class=\"li1\"><span class=\"s2\">Push up wk\u0142adki <\/span><\/li>\n<li class=\"li1\"><span class=\"s2\">Seksowny, nowoczesny design  <\/span><\/li>\n<li class=\"li1\"><span class=\"s2\">Szwy 3D zapewniaj\u0105 wyrze\u017abion\u0105 sylwetk\u0119.  <\/span><\/li>\n<\/ul>\n<p class=\"p1\"><span class=\"s2\">Legginsy: <\/span><\/p>\n<ul class=\"ul1\">\n<li class=\"li1\"><span class=\"s2\">Mi\u0119kki materia\u0142, kt\u00f3ry nie zatrzymuje wilgoci w ciele.<\/span><\/li>\n<li class=\"li1\"><span class=\"s2\">Wysoka talia zapewnia dopasowan\u0105 i kszta\u0142tn\u0105 sylwetk\u0119.<\/span><\/li>\n<li class=\"li1\"><span class=\"s2\">Szwy 3D optycznie wyd\u0142u\u017caj\u0105ce sylwetk\u0119 klepsydry<\/span><\/li>\n<li class=\"li1\"><span class=\"s2\">Termicznie naklejone logo Peach Pump z przodu<\/span><\/li>\n<li class=\"li1\"><span class=\"s2\">Elastyczny i wygodny kr\u00f3j<\/span><\/li>\n<li class=\"li1\"><span class=\"s2\">Seksowny, nowoczesny design<\/span><\/li>\n<li class=\"li1\"><span class=\"s2\">Mo\u017cna \u0142\u0105czy\u0107 z biustonoszem w tym samym kolorze<\/span><\/li>\n<\/ul>\n<p>Zestaw mo\u017cna pra\u0107 w temperaturze do 30 stopni. Nie wybiela\u0107. Nie czy\u015bci\u0107 chemicznie.<\/p>\n<p>Model na zdj\u0119ciu ma 170 cm wzrostu i wa\u017cy 53 kg. i pozuje w rozmiarze S dla leggins\u00f3w i gorsetu.<\/p>\n<p>Aby wybra\u0107 dok\u0142adny rozmiar, skorzystaj z tabel rozmiarowych.<\/p>\n<p>90% Nylon 10% Elastan<\/p>\n","protected":false},"excerpt":{"rendered":"<p>Damski komplet sportowy Peach Pump, sk\u0142adaj\u0105cy si\u0119 z leggins\u00f3w i biustonosza w kolorze jasnor\u00f3\u017cowym kolor Idealny wyb\u00f3r dla stylowego sportowego wygl\u0105du o ka\u017cdej porze roku. Zestaw wykonany jest z mi\u0119kkiej, elastycznej i wygodnej tkaniny, kt\u00f3ra nie zatrzymuje wilgoci w ciele i zapewnia lekko\u015b\u0107, wygod\u0119 i swobod\u0119 ruch\u00f3w. Biustonosz posiada wk\u0142adki push-up kt\u00f3re podkre\u015blaj\u0105 biust i [&hellip;]<\/p>\n","protected":false},"featured_media":147538,"comment_status":"open","ping_status":"closed","template":"","meta":[],"product_brand":[],"product_cat":[362,364],"product_tag":[],"class_list":{"0":"post-148179","1":"product","2":"type-product","3":"status-publish","4":"has-post-thumbnail","6":"product_cat-komplety-sportowe-damskie","7":"product_cat-omplet-sportowy-top-legginsy","8":"pa_cviat-rozowy","9":"inventories-world","11":"first","12":"instock","13":"taxable","14":"shipping-taxable","15":"purchasable","16":"product-type-yith_bundle"},"_links":{"self":[{"href":"https:\/\/peach-pump.com\/en\/wp-json\/wp\/v2\/product\/148179","targetHints":{"allow":["GET"]}}],"collection":[{"href":"https:\/\/peach-pump.com\/en\/wp-json\/wp\/v2\/product"}],"about":[{"href":"https:\/\/peach-pump.com\/en\/wp-json\/wp\/v2\/types\/product"}],"replies":[{"embeddable":true,"href":"https:\/\/peach-pump.com\/en\/wp-json\/wp\/v2\/comments?post=148179"}],"version-history":[{"count":0,"href":"https:\/\/peach-pump.com\/en\/wp-json\/wp\/v2\/product\/148179\/revisions"}],"wp:featuredmedia":[{"embeddable":true,"href":"https:\/\/peach-pump.com\/en\/wp-json\/wp\/v2\/media\/147538"}],"wp:attachment":[{"href":"https:\/\/peach-pump.com\/en\/wp-json\/wp\/v2\/media?parent=148179"}],"wp:term":[{"taxonomy":"product_brand","embeddable":true,"href":"https:\/\/peach-pump.com\/en\/wp-json\/wp\/v2\/product_brand?post=148179"},{"taxonomy":"product_cat","embeddable":true,"href":"https:\/\/peach-pump.com\/en\/wp-json\/wp\/v2\/product_cat?post=148179"},{"taxonomy":"product_tag","embeddable":true,"href":"https:\/\/peach-pump.com\/en\/wp-json\/wp\/v2\/product_tag?post=148179"}],"curies":[{"name":"wp","href":"https:\/\/api.w.org\/{rel}","templated":true}]}}