{"id":138797,"date":"2025-12-07T20:06:49","date_gmt":"2025-12-07T18:06:49","guid":{"rendered":"https:\/\/peach-pump.com\/products\/krotka-zielona-kurtka-sportowa-z-haftem-na-plecach\/"},"modified":"2026-03-31T12:37:04","modified_gmt":"2026-03-31T10:37:04","slug":"krotka-zielona-kurtka-sportowa-z-haftem-na-plecach","status":"publish","type":"product","link":"https:\/\/peach-pump.com\/pl\/products\/krotka-zielona-kurtka-sportowa-z-haftem-na-plecach\/","title":{"rendered":"Kr\u00f3tka zielona kurtka sportowa z haftem na plecach"},"content":{"rendered":"<p class=\"p1\"><span class=\"s1\">Kr\u00f3tka zielona kurtka sportowa z haftem na plecach wykonana z <\/span><span class=\"s2\">mi\u0119kkiego i g\u0142adkiego materia\u0142u<\/span><span class=\"s1\">zapewniaj\u0105c komfort podczas uprawiania sportu lub noszenia na co dzie\u0144. Model posiada   <\/span><span class=\"s2\">podw\u00f3jny zamek b\u0142yskawiczny z wygrawerowanym logo Peach Pump z przodu<\/span><span class=\"s1\">kt\u00f3ra pozwala na r\u00f3\u017cne sposoby noszenia &#8211; w pe\u0142ni zapi\u0119ta, do po\u0142owy rozpi\u0119ta lub jako akcent w stylizacji. Kurtka posiada   <\/span><span class=\"s2\">dwie boczne kieszenie zamykane na zamek b\u0142yskawiczny z wygrawerowanymi suwakami <span class=\"Apple-converted-space\"> <\/span>na marce<\/span><span class=\"s1\">. R\u0119kawy, ko\u0142nierz i dolny brzeg s\u0105 z <\/span><span class=\"s2\">elastyczne mankiety<\/span><span class=\"s1\">kt\u00f3re zapewniaj\u0105 wygodne dopasowanie i podkre\u015blaj\u0105 sportow\u0105 sylwetk\u0119. Szczeg\u00f3ln\u0105 atrakcj\u0105 jest   <\/span><span class=\"s2\">szczeg\u00f3\u0142owy haft 2D i 3D na plecach<\/span><span class=\"s1\">. Z przodu znajduje si\u0119 dodatkowe ma\u0142e metalowe logo Peach Pump.  <\/span><\/p>\n<p class=\"p1\"><span class=\"s1\">Tkanina jest niezwykle mi\u0119kka, delikatna dla sk\u00f3ry i odporna na up\u0142yw czasu &#8211; nie gniecie si\u0119 \u0142atwo i zachowuje sw\u00f3j kszta\u0142t nawet przy cz\u0119stym noszeniu. Dzi\u0119ki nowoczesnemu, kr\u00f3tkiemu krojowi kurtka pi\u0119knie dopasowuje si\u0119 do cia\u0142a, podkre\u015blaj\u0105c sylwetk\u0119 i nie kr\u0119puj\u0105c ruch\u00f3w.   <\/span>Jasnozielony to kolor, kt\u00f3ry przyci\u0105ga uwag\u0119 i daje poczucie \u015bwie\u017co\u015bci.  <span class=\"s1\">To model, kt\u00f3ry \u0142\u0105czy w sobie styl, wygod\u0119 i wysok\u0105 jako\u015b\u0107 &#8211; idealny wyb\u00f3r dla kobiet szukaj\u0105cych czego\u015b innego, modnego i efektownego w swojej sportowej garderobie.  <\/span><\/p>\n<p class=\"p1\"><span class=\"s1\">  &#8211; Mi\u0119kki i przyjemny w dotyku materia\u0142<\/span><\/p>\n<p class=\"p3\"><span class=\"s1\">  &#8211; Podw\u00f3jny zamek z przodu z wygrawerowanym logo Peach Pump.<\/span><\/p>\n<p class=\"p3\"><span class=\"s1\">  &#8211; Boczne kieszenie zapinane na zamek b\u0142yskawiczny z wygrawerowanym logo Peach Pump  <\/span><\/p>\n<p class=\"p3\"><span class=\"s1\"> &#8211; \u015aci\u0105gacze przy r\u0119kawach, ko\u0142nierzu i u do\u0142u kurtki<\/span><\/p>\n<p class=\"p3\"><span class=\"s1\">  &#8211; Wysokiej jako\u015bci haft 2D i 3D na plecach<\/span><\/p>\n<p class=\"p3\"><span class=\"s1\">  &#8211; Kr\u00f3tka, nowoczesna sylwetka<\/span><\/p>\n<p class=\"p3\"><span class=\"s1\">  &#8211; Nadaje si\u0119 do sportowych i casualowych stylizacji<\/span><\/p>\n<p>Sk\u0142ad: 52% modal \/ 43% poliester \/ 5% spandex<\/p>\n<p>Kurtk\u0119 mo\u017cna pra\u0107 w temperaturze do 30 stopni. Nie wybiela\u0107. Nie czy\u015bci\u0107 chemicznie.<\/p>\n<p>Modelka na zdj\u0119ciu ma 170 cm wzrostu, wa\u017cy 52 kg i pozuje w rozmiarze S.<\/p>\n","protected":false},"excerpt":{"rendered":"<p>Kr\u00f3tka zielona kurtka sportowa z haftem na plecach wykonana z mi\u0119kkiego i g\u0142adkiego materia\u0142uzapewniaj\u0105c komfort podczas uprawiania sportu lub noszenia na co dzie\u0144. Model posiada podw\u00f3jny zamek b\u0142yskawiczny z wygrawerowanym logo Peach Pump z przodukt\u00f3ra pozwala na r\u00f3\u017cne sposoby noszenia &#8211; w pe\u0142ni zapi\u0119ta, do po\u0142owy rozpi\u0119ta lub jako akcent w stylizacji. Kurtka posiada dwie [&hellip;]<\/p>\n","protected":false},"featured_media":138130,"comment_status":"open","ping_status":"closed","template":"","meta":[],"product_brand":[],"product_cat":[1120,923],"product_tag":[],"class_list":{"0":"post-138797","1":"product","2":"type-product","3":"status-publish","4":"has-post-thumbnail","6":"product_cat-dresy-damskie-hoodies","7":"product_cat-damskie-kurtki","8":"pa_cviat-zielony","9":"pa_razmer-l-pl","10":"pa_razmer-m-pl-2","11":"pa_razmer-s-pl-2","12":"inventories-world","13":"inventories-pl","15":"first","16":"instock","17":"taxable","18":"shipping-taxable","19":"purchasable","20":"product-type-variable"},"_links":{"self":[{"href":"https:\/\/peach-pump.com\/pl\/wp-json\/wp\/v2\/product\/138797","targetHints":{"allow":["GET"]}}],"collection":[{"href":"https:\/\/peach-pump.com\/pl\/wp-json\/wp\/v2\/product"}],"about":[{"href":"https:\/\/peach-pump.com\/pl\/wp-json\/wp\/v2\/types\/product"}],"replies":[{"embeddable":true,"href":"https:\/\/peach-pump.com\/pl\/wp-json\/wp\/v2\/comments?post=138797"}],"version-history":[{"count":0,"href":"https:\/\/peach-pump.com\/pl\/wp-json\/wp\/v2\/product\/138797\/revisions"}],"wp:featuredmedia":[{"embeddable":true,"href":"https:\/\/peach-pump.com\/pl\/wp-json\/wp\/v2\/media\/138130"}],"wp:attachment":[{"href":"https:\/\/peach-pump.com\/pl\/wp-json\/wp\/v2\/media?parent=138797"}],"wp:term":[{"taxonomy":"product_brand","embeddable":true,"href":"https:\/\/peach-pump.com\/pl\/wp-json\/wp\/v2\/product_brand?post=138797"},{"taxonomy":"product_cat","embeddable":true,"href":"https:\/\/peach-pump.com\/pl\/wp-json\/wp\/v2\/product_cat?post=138797"},{"taxonomy":"product_tag","embeddable":true,"href":"https:\/\/peach-pump.com\/pl\/wp-json\/wp\/v2\/product_tag?post=138797"}],"curies":[{"name":"wp","href":"https:\/\/api.w.org\/{rel}","templated":true}]}}