{"id":138777,"date":"2025-11-05T14:02:38","date_gmt":"2025-11-05T12:02:38","guid":{"rendered":"https:\/\/peach-pump.com\/products\/paski-na-kostki-do-treningu-posladkow-i-nog-galaxy\/"},"modified":"2026-03-18T21:40:05","modified_gmt":"2026-03-18T19:40:05","slug":"paski-na-kostki-do-treningu-posladkow-i-nog-galaxy","status":"publish","type":"product","link":"https:\/\/peach-pump.com\/pl\/products\/paski-na-kostki-do-treningu-posladkow-i-nog-galaxy\/","title":{"rendered":"Paski na kostki do treningu po\u015bladk\u00f3w i n\u00f3g &#8211; Galaxy"},"content":{"rendered":"<p>Przenie\u015b sw\u00f3j trening fitness na wy\u017cszy poziom dzi\u0119ki naszym paskom na kostki z nadrukiem &#8220;Galaxy&#8221; do \u0107wicze\u0144 kostek na maszynie linowej. Zosta\u0142y zaprojektowane tak, aby zapewni\u0107 maksymalny komfort, stabilno\u015b\u0107 i wydajno\u015b\u0107 podczas \u0107wicze\u0144 po\u015bladk\u00f3w, bioder i n\u00f3g. <\/p>\n<ul>\n<li>Mi\u0119kka wy\u015bci\u00f3\u0142ka chroni kostk\u0119 przed tarciem i uciskiem podczas bardziej intensywnych trening\u00f3w.<\/li>\n<\/ul>\n<ul>\n<li>Bezpieczne zapi\u0119cie z mocnym rzepem i metalowym D-ringiem<\/li>\n<\/ul>\n<ul>\n<li>Idealny do \u0107wicze\u0144 takich jak odbicia linek, odbicia po\u015bladk\u00f3w, sk\u0142ony n\u00f3g i odwodzenia &#8211; dla napi\u0119tych i zgrabnych mi\u0119\u015bni po\u015bladk\u00f3w.<\/li>\n<\/ul>\n<ul>\n<li>U\u017cywany na si\u0142owni lub do treningu domowego z opaskami.<\/li>\n<\/ul>\n<p>Sk\u0142ad: sk\u00f3ra, rzep, metalowy D-ring<\/p>\n<p>Rozmiar uniwersalny<\/p>\n","protected":false},"excerpt":{"rendered":"<p>Przenie\u015b sw\u00f3j trening fitness na wy\u017cszy poziom dzi\u0119ki naszym paskom na kostki z nadrukiem &#8220;Galaxy&#8221; do \u0107wicze\u0144 kostek na maszynie linowej. Zosta\u0142y zaprojektowane tak, aby zapewni\u0107 maksymalny komfort, stabilno\u015b\u0107 i wydajno\u015b\u0107 podczas \u0107wicze\u0144 po\u015bladk\u00f3w, bioder i n\u00f3g. Mi\u0119kka wy\u015bci\u00f3\u0142ka chroni kostk\u0119 przed tarciem i uciskiem podczas bardziej intensywnych trening\u00f3w. Bezpieczne zapi\u0119cie z mocnym rzepem i [&hellip;]<\/p>\n","protected":false},"featured_media":134175,"comment_status":"open","ping_status":"closed","template":"","meta":[],"product_brand":[],"product_cat":[861],"product_tag":[],"class_list":{"0":"post-138777","1":"product","2":"type-product","3":"status-publish","4":"has-post-thumbnail","6":"product_cat-akcesoria","7":"pa_cviat-niebieski","8":"pa_razmer-one-size-pl","9":"inventories-world","11":"first","12":"instock","13":"taxable","14":"shipping-taxable","15":"purchasable","16":"product-type-variable"},"_links":{"self":[{"href":"https:\/\/peach-pump.com\/en\/wp-json\/wp\/v2\/product\/138777","targetHints":{"allow":["GET"]}}],"collection":[{"href":"https:\/\/peach-pump.com\/en\/wp-json\/wp\/v2\/product"}],"about":[{"href":"https:\/\/peach-pump.com\/en\/wp-json\/wp\/v2\/types\/product"}],"replies":[{"embeddable":true,"href":"https:\/\/peach-pump.com\/en\/wp-json\/wp\/v2\/comments?post=138777"}],"version-history":[{"count":0,"href":"https:\/\/peach-pump.com\/en\/wp-json\/wp\/v2\/product\/138777\/revisions"}],"wp:featuredmedia":[{"embeddable":true,"href":"https:\/\/peach-pump.com\/en\/wp-json\/wp\/v2\/media\/134175"}],"wp:attachment":[{"href":"https:\/\/peach-pump.com\/en\/wp-json\/wp\/v2\/media?parent=138777"}],"wp:term":[{"taxonomy":"product_brand","embeddable":true,"href":"https:\/\/peach-pump.com\/en\/wp-json\/wp\/v2\/product_brand?post=138777"},{"taxonomy":"product_cat","embeddable":true,"href":"https:\/\/peach-pump.com\/en\/wp-json\/wp\/v2\/product_cat?post=138777"},{"taxonomy":"product_tag","embeddable":true,"href":"https:\/\/peach-pump.com\/en\/wp-json\/wp\/v2\/product_tag?post=138777"}],"curies":[{"name":"wp","href":"https:\/\/api.w.org\/{rel}","templated":true}]}}