{"id":136085,"date":"2025-11-22T22:25:55","date_gmt":"2025-11-22T20:25:55","guid":{"rendered":"https:\/\/peach-pump.com\/products\/bezowe-bezszwowe-legginsy-ze-srednia-talia\/"},"modified":"2026-04-05T23:59:24","modified_gmt":"2026-04-05T21:59:24","slug":"bezowe-bezszwowe-legginsy-ze-srednia-talia","status":"publish","type":"product","link":"https:\/\/peach-pump.com\/pl\/products\/bezowe-bezszwowe-legginsy-ze-srednia-talia\/","title":{"rendered":"Be\u017cowe bezszwowe legginsy ze \u015bredni\u0105 tali\u0105"},"content":{"rendered":"<p>Be\u017cowe legginsy bezszwowe stworzone z grubego, elastycznego i mi\u0119kkiego w dotyku materia\u0142u. Model ten doskonale modeluje sylwetk\u0119, ma \u015bredni\u0105 tali\u0119, ukrywa problematyczne miejsca, odprowadza wilgo\u0107 z cia\u0142a i modeluje po\u015bladki w kszta\u0142cie brzoskwini, zapewniaj\u0105c pi\u0119kn\u0105 i zgrabn\u0105 sylwetk\u0119.  Z tym modelem poczujesz si\u0119 komfortowo i pewnie. Zaprojektowany, aby podkre\u015bli\u0107 naturalne kr\u0105g\u0142o\u015bci i zapewni\u0107 maksymalny komfort przez ca\u0142y dzie\u0144. Legginsy dopasowuj\u0105 si\u0119 jak druga sk\u00f3ra i modeluj\u0105 sylwetk\u0119, nie uciskaj\u0105c ani nie podra\u017cniaj\u0105c sk\u00f3ry. Jest dost\u0119pny w kilku modnych w tym sezonie kolorach.  <\/p>\n<ul>\n<li>\u015arednia talia<\/li>\n<li>Tkanina bez szw\u00f3w<\/li>\n<li>Podnosz\u0105, modeluj\u0105, ukrywaj\u0105 problematyczne obszary<\/li>\n<li>Pr\u0105\u017ckowany pas obejmuj\u0105cy talie<\/li>\n<li>Efekt Peachy<\/li>\n<li>Bez szwu z przodu<\/li>\n<li>Termicznie naklejone logo Peach Pump z ty\u0142u leggins\u00f3w<\/li>\n<li>Logo Peach Pump na udzie<\/li>\n<li>Tkanina odprowadzaj\u0105ca wilgo\u0107 z cia\u0142a<\/li>\n<\/ul>\n<p>Sk\u0142ad: 80% poliester 20% elastan<\/p>\n<p>Legginsy mo\u017cna pra\u0107 w temperaturze do 30 stopni. Nie wybiela\u0107 i nie czy\u015bci\u0107 chemicznie.<\/p>\n<p>Modelka na zdj\u0119ciu ma 178 cm wzrostu, wa\u017cy 56 kg i pozuje w rozmiarze S.<\/p>\n<p>Aby wybra\u0107 dok\u0142adny rozmiar, skorzystaj z tabel rozmiarowych.<\/p>\n","protected":false},"excerpt":{"rendered":"<p>Be\u017cowe legginsy bezszwowe stworzone z grubego, elastycznego i mi\u0119kkiego w dotyku materia\u0142u. Model ten doskonale modeluje sylwetk\u0119, ma \u015bredni\u0105 tali\u0119, ukrywa problematyczne miejsca, odprowadza wilgo\u0107 z cia\u0142a i modeluje po\u015bladki w kszta\u0142cie brzoskwini, zapewniaj\u0105c pi\u0119kn\u0105 i zgrabn\u0105 sylwetk\u0119. Z tym modelem poczujesz si\u0119 komfortowo i pewnie. Zaprojektowany, aby podkre\u015bli\u0107 naturalne kr\u0105g\u0142o\u015bci i zapewni\u0107 maksymalny komfort [&hellip;]<\/p>\n","protected":false},"featured_media":135509,"comment_status":"open","ping_status":"closed","template":"","meta":[],"product_brand":[],"product_cat":[144,307],"product_tag":[],"class_list":{"0":"post-136085","1":"product","2":"type-product","3":"status-publish","4":"has-post-thumbnail","6":"product_cat-legginsy-sportowe-damskie","7":"product_cat-legginsy-damskie-dlugie","8":"pa_cviat-bezowy","9":"pa_razmer-l-pl","10":"pa_razmer-m-pl-2","11":"pa_razmer-s-pl-2","12":"inventories-world","13":"inventories-pl","15":"first","16":"instock","17":"taxable","18":"shipping-taxable","19":"purchasable","20":"product-type-variable"},"_links":{"self":[{"href":"https:\/\/peach-pump.com\/en\/wp-json\/wp\/v2\/product\/136085","targetHints":{"allow":["GET"]}}],"collection":[{"href":"https:\/\/peach-pump.com\/en\/wp-json\/wp\/v2\/product"}],"about":[{"href":"https:\/\/peach-pump.com\/en\/wp-json\/wp\/v2\/types\/product"}],"replies":[{"embeddable":true,"href":"https:\/\/peach-pump.com\/en\/wp-json\/wp\/v2\/comments?post=136085"}],"version-history":[{"count":1,"href":"https:\/\/peach-pump.com\/en\/wp-json\/wp\/v2\/product\/136085\/revisions"}],"predecessor-version":[{"id":136089,"href":"https:\/\/peach-pump.com\/en\/wp-json\/wp\/v2\/product\/136085\/revisions\/136089"}],"wp:featuredmedia":[{"embeddable":true,"href":"https:\/\/peach-pump.com\/en\/wp-json\/wp\/v2\/media\/135509"}],"wp:attachment":[{"href":"https:\/\/peach-pump.com\/en\/wp-json\/wp\/v2\/media?parent=136085"}],"wp:term":[{"taxonomy":"product_brand","embeddable":true,"href":"https:\/\/peach-pump.com\/en\/wp-json\/wp\/v2\/product_brand?post=136085"},{"taxonomy":"product_cat","embeddable":true,"href":"https:\/\/peach-pump.com\/en\/wp-json\/wp\/v2\/product_cat?post=136085"},{"taxonomy":"product_tag","embeddable":true,"href":"https:\/\/peach-pump.com\/en\/wp-json\/wp\/v2\/product_tag?post=136085"}],"curies":[{"name":"wp","href":"https:\/\/api.w.org\/{rel}","templated":true}]}}