{"id":136062,"date":"2025-11-22T22:49:04","date_gmt":"2025-11-22T20:49:04","guid":{"rendered":"https:\/\/peach-pump.com\/products\/granatowe-legginsy-sportowe-ze-srednim-stanem-i-miekka-czescia-wewnetrzna\/"},"modified":"2026-04-04T19:05:24","modified_gmt":"2026-04-04T17:05:24","slug":"granatowe-legginsy-sportowe-ze-srednim-stanem-i-miekka-czescia-wewnetrzna","status":"publish","type":"product","link":"https:\/\/peach-pump.com\/pl\/products\/granatowe-legginsy-sportowe-ze-srednim-stanem-i-miekka-czescia-wewnetrzna\/","title":{"rendered":"Granatowe legginsy sportowe ze \u015brednim stanem i mi\u0119kk\u0105 cz\u0119\u015bci\u0105 wewn\u0119trzn\u0105"},"content":{"rendered":"<p>Granatowe sportowe legginsy damskie ze \u015brednim stanem i mi\u0119kk\u0105 cz\u0119\u015bci\u0105 wewn\u0119trzn\u0105. Prawdziwy komfort zaprojektowany, aby zapewni\u0107 maksymaln\u0105 mi\u0119kko\u015b\u0107 wewn\u0105trz i idealne dopasowanie na zewn\u0105trz. Wykonane z elastycznego materia\u0142u, bez efektu modelowania, ze \u015brednim stanem. Legginsy przylega do cia\u0142a i podkre\u015bla naturalne kszta\u0142ty bez uciskania. Wewn\u0119trzna cz\u0119\u015b\u0107 jest mi\u0119kka i delikatna dla sk\u00f3ry, dzi\u0119ki czemu idealnie nadaje si\u0119 zar\u00f3wno na treningi, jak i do noszenia na co dzie\u0144, podczas spacer\u00f3w w ch\u0142odniejsze dni. Materia\u0142 jest gruby i nie prze\u015bwituje. Jest dost\u0119pny w kilku kolorach modnych w sezonie zimowym, kt\u00f3re mo\u017cna \u0142atwo \u0142\u0105czy\u0107.      <\/p>\n<ul>\n<li>\u015arednia talia<\/li>\n<li>Rozci\u0105gliwy materia\u0142 (model na zdj\u0119ciach ma 178 cm wzrostu i wa\u017cy 56 kg)<\/li>\n<li>Mi\u0119kka wewn\u0119trzna cz\u0119\u015b\u0107<\/li>\n<li>Logo i napis Peach Pump<\/li>\n<li>G\u0119sty materia\u0142 bez przezroczysto\u015bci<\/li>\n<li>Oddychaj\u0105ca tkanina<\/li>\n<li>Nadaje si\u0119 do uprawiania sportu, chodzenia i codziennego noszenia<\/li>\n<\/ul>\n<p>Sk\u0142ad: 80% poliester 20% elastan<\/p>\n<p>Legginsy mo\u017cna pra\u0107 w temperaturze do 30 stopni. Nie wybiela\u0107 i nie czy\u015bci\u0107 chemicznie.<\/p>\n<p>Modelka na zdj\u0119ciu ma 178 cm wzrostu, wa\u017cy 56 kg i pozuje w rozmiarze S.<\/p>\n<p>Aby wybra\u0107 dok\u0142adny rozmiar, skorzystaj z tabel rozmiarowych.<\/p>\n","protected":false},"excerpt":{"rendered":"<p>Granatowe sportowe legginsy damskie ze \u015brednim stanem i mi\u0119kk\u0105 cz\u0119\u015bci\u0105 wewn\u0119trzn\u0105. Prawdziwy komfort zaprojektowany, aby zapewni\u0107 maksymaln\u0105 mi\u0119kko\u015b\u0107 wewn\u0105trz i idealne dopasowanie na zewn\u0105trz. Wykonane z elastycznego materia\u0142u, bez efektu modelowania, ze \u015brednim stanem. Legginsy przylega do cia\u0142a i podkre\u015bla naturalne kszta\u0142ty bez uciskania. Wewn\u0119trzna cz\u0119\u015b\u0107 jest mi\u0119kka i delikatna dla sk\u00f3ry, dzi\u0119ki czemu idealnie [&hellip;]<\/p>\n","protected":false},"featured_media":135699,"comment_status":"open","ping_status":"closed","template":"","meta":[],"product_brand":[],"product_cat":[144,307],"product_tag":[],"class_list":{"0":"post-136062","1":"product","2":"type-product","3":"status-publish","4":"has-post-thumbnail","6":"product_cat-legginsy-sportowe-damskie","7":"product_cat-legginsy-damskie-dlugie","8":"pa_cviat-ciemny-niebieski","9":"pa_razmer-l-pl","10":"pa_razmer-m-pl-2","11":"pa_razmer-s-pl-2","12":"inventories-world","13":"inventories-pl","15":"first","16":"instock","17":"taxable","18":"shipping-taxable","19":"purchasable","20":"product-type-variable"},"_links":{"self":[{"href":"https:\/\/peach-pump.com\/en\/wp-json\/wp\/v2\/product\/136062","targetHints":{"allow":["GET"]}}],"collection":[{"href":"https:\/\/peach-pump.com\/en\/wp-json\/wp\/v2\/product"}],"about":[{"href":"https:\/\/peach-pump.com\/en\/wp-json\/wp\/v2\/types\/product"}],"replies":[{"embeddable":true,"href":"https:\/\/peach-pump.com\/en\/wp-json\/wp\/v2\/comments?post=136062"}],"version-history":[{"count":0,"href":"https:\/\/peach-pump.com\/en\/wp-json\/wp\/v2\/product\/136062\/revisions"}],"wp:featuredmedia":[{"embeddable":true,"href":"https:\/\/peach-pump.com\/en\/wp-json\/wp\/v2\/media\/135699"}],"wp:attachment":[{"href":"https:\/\/peach-pump.com\/en\/wp-json\/wp\/v2\/media?parent=136062"}],"wp:term":[{"taxonomy":"product_brand","embeddable":true,"href":"https:\/\/peach-pump.com\/en\/wp-json\/wp\/v2\/product_brand?post=136062"},{"taxonomy":"product_cat","embeddable":true,"href":"https:\/\/peach-pump.com\/en\/wp-json\/wp\/v2\/product_cat?post=136062"},{"taxonomy":"product_tag","embeddable":true,"href":"https:\/\/peach-pump.com\/en\/wp-json\/wp\/v2\/product_tag?post=136062"}],"curies":[{"name":"wp","href":"https:\/\/api.w.org\/{rel}","templated":true}]}}