{"id":134675,"date":"2025-11-05T14:47:03","date_gmt":"2025-11-05T12:47:03","guid":{"rendered":"https:\/\/peach-pump.com\/products\/czarne-legginsy-sportowe-z-szerokimi-nogawkami\/"},"modified":"2026-04-05T10:41:25","modified_gmt":"2026-04-05T08:41:25","slug":"czarne-legginsy-sportowe-z-szerokimi-nogawkami","status":"publish","type":"product","link":"https:\/\/peach-pump.com\/pl\/products\/czarne-legginsy-sportowe-z-szerokimi-nogawkami\/","title":{"rendered":"Czarne legginsy sportowe z szerokimi nogawkami"},"content":{"rendered":"<p>Czarne legginsy sportowe z szerokimi nogawkami o prostym kroju to idealny wyb\u00f3r zar\u00f3wno na trening, jak i na co dzie\u0144. Wykonane z mi\u0119kkiej, elastycznej i oddychaj\u0105cej tkaniny, kt\u00f3ra zapewnia swobod\u0119 ruch\u00f3w i idealne dopasowanie do cia\u0142a dzi\u0119ki krojowi, kt\u00f3ry wyd\u0142u\u017ca sylwetk\u0119. Materia\u0142 jest delikatny dla sk\u00f3ry i nie prze\u015bwituje, nawet przy bardziej intensywnych \u0107wiczeniach. Odpowiednie na jog\u0119, pilates, si\u0142owni\u0119 lub spacer &#8211; legginsy b\u0119d\u0105 Twoim nowym ulubionym wyborem zapewniaj\u0105cym wygod\u0119 i pewno\u015b\u0107 siebie ka\u017cdego dnia.   <\/p>\n<ul>\n<li>Prosty kr\u00f3j wyd\u0142u\u017caj\u0105cy sylwetk\u0119<\/li>\n<li>Mi\u0119kki, elastyczny i oddychaj\u0105cy materia\u0142<\/li>\n<li>P\u0142askie szwy<\/li>\n<li>Bez szwu z przodu<\/li>\n<li>Termicznie naklejone logo 3D Peach Pump w talii i z przodu po lewej stronie leggins\u00f3w<\/li>\n<li>Tkanina, kt\u00f3ra nie zatrzymuje wilgoci w ciele<\/li>\n<\/ul>\n<p>Sk\u0142ad: elastan i poliester<\/p>\n<p>Legginsy mo\u017cna pra\u0107 w temperaturze do 30 stopni, nie wybiela\u0107, nie suszy\u0107 w suszarce b\u0119bnowej ani nie czy\u015bci\u0107 chemicznie.<\/p>\n<p>Modelka na zdj\u0119ciu ma 165 cm wzrostu, wa\u017cy 54 kg i pozuje w rozmiarze S.<\/p>\n<p>Aby wybra\u0107 dok\u0142adny rozmiar, skorzystaj z tabel rozmiarowych.<\/p>\n","protected":false},"excerpt":{"rendered":"<p>Czarne legginsy sportowe z szerokimi nogawkami o prostym kroju to idealny wyb\u00f3r zar\u00f3wno na trening, jak i na co dzie\u0144. Wykonane z mi\u0119kkiej, elastycznej i oddychaj\u0105cej tkaniny, kt\u00f3ra zapewnia swobod\u0119 ruch\u00f3w i idealne dopasowanie do cia\u0142a dzi\u0119ki krojowi, kt\u00f3ry wyd\u0142u\u017ca sylwetk\u0119. Materia\u0142 jest delikatny dla sk\u00f3ry i nie prze\u015bwituje, nawet przy bardziej intensywnych \u0107wiczeniach. Odpowiednie [&hellip;]<\/p>\n","protected":false},"featured_media":134414,"comment_status":"open","ping_status":"closed","template":"","meta":[],"product_brand":[],"product_cat":[144,307],"product_tag":[],"class_list":{"0":"post-134675","1":"product","2":"type-product","3":"status-publish","4":"has-post-thumbnail","6":"product_cat-legginsy-sportowe-damskie","7":"product_cat-legginsy-damskie-dlugie","8":"pa_cviat-czarny","9":"pa_razmer-l-pl","10":"pa_razmer-m-pl-2","11":"pa_razmer-s-pl-2","12":"inventories-world","13":"inventories-pl","15":"first","16":"instock","17":"taxable","18":"shipping-taxable","19":"purchasable","20":"product-type-variable"},"_links":{"self":[{"href":"https:\/\/peach-pump.com\/en\/wp-json\/wp\/v2\/product\/134675","targetHints":{"allow":["GET"]}}],"collection":[{"href":"https:\/\/peach-pump.com\/en\/wp-json\/wp\/v2\/product"}],"about":[{"href":"https:\/\/peach-pump.com\/en\/wp-json\/wp\/v2\/types\/product"}],"replies":[{"embeddable":true,"href":"https:\/\/peach-pump.com\/en\/wp-json\/wp\/v2\/comments?post=134675"}],"version-history":[{"count":0,"href":"https:\/\/peach-pump.com\/en\/wp-json\/wp\/v2\/product\/134675\/revisions"}],"wp:featuredmedia":[{"embeddable":true,"href":"https:\/\/peach-pump.com\/en\/wp-json\/wp\/v2\/media\/134414"}],"wp:attachment":[{"href":"https:\/\/peach-pump.com\/en\/wp-json\/wp\/v2\/media?parent=134675"}],"wp:term":[{"taxonomy":"product_brand","embeddable":true,"href":"https:\/\/peach-pump.com\/en\/wp-json\/wp\/v2\/product_brand?post=134675"},{"taxonomy":"product_cat","embeddable":true,"href":"https:\/\/peach-pump.com\/en\/wp-json\/wp\/v2\/product_cat?post=134675"},{"taxonomy":"product_tag","embeddable":true,"href":"https:\/\/peach-pump.com\/en\/wp-json\/wp\/v2\/product_tag?post=134675"}],"curies":[{"name":"wp","href":"https:\/\/api.w.org\/{rel}","templated":true}]}}