{"id":131603,"date":"2025-09-27T12:13:11","date_gmt":"2025-09-27T10:13:11","guid":{"rendered":"https:\/\/peach-pump.com\/products\/rozowa-bluza-zapinana-na-zamek-z-napisem-peach-pump\/"},"modified":"2026-04-11T22:45:21","modified_gmt":"2026-04-11T20:45:21","slug":"rozowa-bluza-zapinana-na-zamek-z-napisem-peach-pump","status":"publish","type":"product","link":"https:\/\/peach-pump.com\/pl\/products\/rozowa-bluza-zapinana-na-zamek-z-napisem-peach-pump\/","title":{"rendered":"R\u00f3\u017cowa bluza zapinana na zamek z napisem Peach Pump"},"content":{"rendered":"<p>R\u00f3\u017cowa bluza zapinana na zamek z napisem &#8220;Peach Pump&#8221; na ca\u0142ej d\u0142ugo\u015bci. Posiada wysoki ko\u0142nierz, r\u0119kawy z otworami na kciuki, przedni\u0105 kiesze\u0144 kangurk\u0119 i haftowane logo 3D &#8220;Peach Pump&#8221; na ramieniu. Kr\u00f3j jest lu\u017any i ma elastyczny pas. Bluza jest wykonana z oddychaj\u0105cego materia\u0142u, kt\u00f3ry nie zatrzymuje wilgoci w ciele, nadaje si\u0119 do biegania, treningu si\u0142owego i beztlenowego, na spacer lub do parku. Mo\u017cna j\u0105 po\u0142\u0105czy\u0107 z legginsami i czapk\u0105 beanie, aby uzyska\u0107 idealne wyko\u0144czenie stroju Peach Pump.    <\/p>\n<ul>\n<li>Wysoki ko\u0142nierz zapinany na zamek b\u0142yskawiczny z napisem &#8220;Peach Pump&#8221; na ca\u0142ej d\u0142ugo\u015bci<\/li>\n<li>Lu\u017any kr\u00f3j<\/li>\n<li>Elastyczny \u015bci\u0105gacz w pasie<\/li>\n<li>Kiesze\u0144 przednia<\/li>\n<li>R\u0119kawy z otworami na kciuki<\/li>\n<li>Wyszywane logo 3D &#8220;Peach Pump&#8221; na ramieniu<\/li>\n<li>Tkanina, kt\u00f3ra nie zatrzymuje wilgoci w ciele<\/li>\n<\/ul>\n<p>Sk\u0142ad: 74% bawe\u0142na \/ 20% poliester \/ 6% spandex<\/p>\n<p>Bluz\u0119 mo\u017cna pra\u0107 w temperaturze do 30 stopni, nie nale\u017cy u\u017cywa\u0107 wybielaczy ani czy\u015bci\u0107 chemicznie.<\/p>\n<p>Modelka na zdj\u0119ciu ma 170 wzrostu, wa\u017cy 49 kg i pozuje w rozmiarze S.<\/p>\n","protected":false},"excerpt":{"rendered":"<p>R\u00f3\u017cowa bluza zapinana na zamek z napisem &#8220;Peach Pump&#8221; na ca\u0142ej d\u0142ugo\u015bci. Posiada wysoki ko\u0142nierz, r\u0119kawy z otworami na kciuki, przedni\u0105 kiesze\u0144 kangurk\u0119 i haftowane logo 3D &#8220;Peach Pump&#8221; na ramieniu. Kr\u00f3j jest lu\u017any i ma elastyczny pas. Bluza jest wykonana z oddychaj\u0105cego materia\u0142u, kt\u00f3ry nie zatrzymuje wilgoci w ciele, nadaje si\u0119 do biegania, treningu [&hellip;]<\/p>\n","protected":false},"featured_media":130158,"comment_status":"open","ping_status":"closed","template":"","meta":[],"product_brand":[],"product_cat":[1120,360],"product_tag":[],"class_list":{"0":"post-131603","1":"product","2":"type-product","3":"status-publish","4":"has-post-thumbnail","6":"product_cat-dresy-damskie-hoodies","7":"product_cat-bluzki-koszulki-fitness-sportowe","8":"pa_cviat-rozowy","9":"pa_razmer-m-pl-2","10":"pa_razmer-s-pl-2","11":"inventories-world","12":"inventories-pl","14":"first","15":"instock","16":"taxable","17":"shipping-taxable","18":"purchasable","19":"product-type-variable"},"_links":{"self":[{"href":"https:\/\/peach-pump.com\/en\/wp-json\/wp\/v2\/product\/131603","targetHints":{"allow":["GET"]}}],"collection":[{"href":"https:\/\/peach-pump.com\/en\/wp-json\/wp\/v2\/product"}],"about":[{"href":"https:\/\/peach-pump.com\/en\/wp-json\/wp\/v2\/types\/product"}],"replies":[{"embeddable":true,"href":"https:\/\/peach-pump.com\/en\/wp-json\/wp\/v2\/comments?post=131603"}],"version-history":[{"count":0,"href":"https:\/\/peach-pump.com\/en\/wp-json\/wp\/v2\/product\/131603\/revisions"}],"wp:featuredmedia":[{"embeddable":true,"href":"https:\/\/peach-pump.com\/en\/wp-json\/wp\/v2\/media\/130158"}],"wp:attachment":[{"href":"https:\/\/peach-pump.com\/en\/wp-json\/wp\/v2\/media?parent=131603"}],"wp:term":[{"taxonomy":"product_brand","embeddable":true,"href":"https:\/\/peach-pump.com\/en\/wp-json\/wp\/v2\/product_brand?post=131603"},{"taxonomy":"product_cat","embeddable":true,"href":"https:\/\/peach-pump.com\/en\/wp-json\/wp\/v2\/product_cat?post=131603"},{"taxonomy":"product_tag","embeddable":true,"href":"https:\/\/peach-pump.com\/en\/wp-json\/wp\/v2\/product_tag?post=131603"}],"curies":[{"name":"wp","href":"https:\/\/api.w.org\/{rel}","templated":true}]}}