{"id":123764,"date":"2025-07-03T15:28:25","date_gmt":"2025-07-03T13:28:25","guid":{"rendered":"https:\/\/peach-pump.com\/?post_type=product&p=123764"},"modified":"2026-03-15T11:45:47","modified_gmt":"2026-03-15T09:45:47","slug":"bialy-biustonosz-sportowy-z-szara-lamowka-pod-biustem","status":"publish","type":"product","link":"https:\/\/peach-pump.com\/pl\/products\/bialy-biustonosz-sportowy-z-szara-lamowka-pod-biustem\/","title":{"rendered":"Bia\u0142y biustonosz sportowy z szar\u0105 lam\u00f3wk\u0105 pod biustem"},"content":{"rendered":"<p>Bia\u0142y biustonosz sportowy z szar\u0105 lam\u00f3wk\u0105 pod biustem i regulowanymi rami\u0105czkami. Model posiada wk\u0142adki super push-up, kt\u00f3re mo\u017cna wyj\u0105\u0107. Materia\u0142 biustonosza jest niezwykle mi\u0119kki i elastyczny i nie zatrzymuje wilgoci w ciele, nadaje si\u0119 do biegania, si\u0142owni, jogi, tenisa i innych sport\u00f3w. Projekt modelu jest bardzo aktualny i mo\u017cna go \u0142\u0105czy\u0107 z kr\u00f3tk\u0105 sp\u00f3dniczk\u0105 lub legginsami. Posiada termicznie naklejone szare logo z przodu i z ty\u0142u biustu.    <\/p>\n<ul>\n<li>Ciekawy kr\u00f3j<\/li>\n<li>Regulowane rami\u0105czka<\/li>\n<li>Super wk\u0142adki push-up, kt\u00f3re mo\u017cna wyj\u0105\u0107<\/li>\n<li>Termicznie naklejone logo &#8220;Peach Pump&#8221; z przodu i z ty\u0142u biustonosza<\/li>\n<li>Tkanina, kt\u00f3ra nie zatrzymuje wilgoci w ciele<\/li>\n<\/ul>\n<p>70% poliester 30% elastan<\/p>\n<p>Biustonosz mo\u017cna pra\u0107 w temperaturze do 30 stopni. Nie wybiela\u0107. Nie czy\u015bci\u0107 chemicznie.<\/p>\n<p>Modelka na zdj\u0119ciu ma 179 m wzrostu, wa\u017cy 58 kg i pozuje w rozmiarze M.<\/p>\n<p>Aby wybra\u0107 dok\u0142adny rozmiar, skorzystaj z tabel rozmiarowych.<\/p>\n<p>&nbsp;<\/p>\n","protected":false},"excerpt":{"rendered":"<p>Bia\u0142y biustonosz sportowy z szar\u0105 lam\u00f3wk\u0105 pod biustem i regulowanymi rami\u0105czkami. Model posiada wk\u0142adki super push-up, kt\u00f3re mo\u017cna wyj\u0105\u0107. Materia\u0142 biustonosza jest niezwykle mi\u0119kki i elastyczny i nie zatrzymuje wilgoci w ciele, nadaje si\u0119 do biegania, si\u0142owni, jogi, tenisa i innych sport\u00f3w. Projekt modelu jest bardzo aktualny i mo\u017cna go \u0142\u0105czy\u0107 z kr\u00f3tk\u0105 sp\u00f3dniczk\u0105 lub [&hellip;]<\/p>\n","protected":false},"featured_media":122784,"comment_status":"open","ping_status":"closed","template":"","meta":[],"product_brand":[],"product_cat":[361],"product_tag":[],"class_list":{"0":"post-123764","1":"product","2":"type-product","3":"status-publish","4":"has-post-thumbnail","6":"product_cat-biustonosz-staniki-sportove","7":"pa_cviat-bialy-pl","8":"pa_razmer-l-pl","9":"pa_razmer-m-pl-2","10":"pa_razmer-s-pl-2","11":"inventories-world","12":"inventories-pl","14":"first","15":"instock","16":"taxable","17":"shipping-taxable","18":"purchasable","19":"product-type-variable"},"_links":{"self":[{"href":"https:\/\/peach-pump.com\/pl\/wp-json\/wp\/v2\/product\/123764","targetHints":{"allow":["GET"]}}],"collection":[{"href":"https:\/\/peach-pump.com\/pl\/wp-json\/wp\/v2\/product"}],"about":[{"href":"https:\/\/peach-pump.com\/pl\/wp-json\/wp\/v2\/types\/product"}],"replies":[{"embeddable":true,"href":"https:\/\/peach-pump.com\/pl\/wp-json\/wp\/v2\/comments?post=123764"}],"version-history":[{"count":0,"href":"https:\/\/peach-pump.com\/pl\/wp-json\/wp\/v2\/product\/123764\/revisions"}],"wp:featuredmedia":[{"embeddable":true,"href":"https:\/\/peach-pump.com\/pl\/wp-json\/wp\/v2\/media\/122784"}],"wp:attachment":[{"href":"https:\/\/peach-pump.com\/pl\/wp-json\/wp\/v2\/media?parent=123764"}],"wp:term":[{"taxonomy":"product_brand","embeddable":true,"href":"https:\/\/peach-pump.com\/pl\/wp-json\/wp\/v2\/product_brand?post=123764"},{"taxonomy":"product_cat","embeddable":true,"href":"https:\/\/peach-pump.com\/pl\/wp-json\/wp\/v2\/product_cat?post=123764"},{"taxonomy":"product_tag","embeddable":true,"href":"https:\/\/peach-pump.com\/pl\/wp-json\/wp\/v2\/product_tag?post=123764"}],"curies":[{"name":"wp","href":"https:\/\/api.w.org\/{rel}","templated":true}]}}