{"id":123737,"date":"2025-07-04T14:25:08","date_gmt":"2025-07-04T12:25:08","guid":{"rendered":"https:\/\/peach-pump.com\/?post_type=product&p=123737"},"modified":"2026-04-15T19:00:26","modified_gmt":"2026-04-15T17:00:26","slug":"czarny-biustonosz-sportowy-z-krzyzujacymi-sie-ramiaczkami-na-plecach","status":"publish","type":"product","link":"https:\/\/peach-pump.com\/pl\/products\/czarny-biustonosz-sportowy-z-krzyzujacymi-sie-ramiaczkami-na-plecach\/","title":{"rendered":"Czarny biustonosz sportowy z krzy\u017cuj\u0105cymi si\u0119 rami\u0105czkami na plecach."},"content":{"rendered":"<p>Czarny sportowy biustonosz z krzy\u017cuj\u0105cymi si\u0119 rami\u0105czkami w kolorze bia\u0142ym i czarnym. Model jest mocno wyci\u0119ty i posiada super push-up wk\u0142adki, kt\u00f3re mo\u017cna wyj\u0105\u0107. Materia\u0142 biustonosza jest wyj\u0105tkowo delikatny i elastyczny, nie zatrzymuje wilgoci, dzi\u0119ki czemu \u015bwietnie nadaje si\u0119 do biegania, fitnessu, jogi, tenisa czy innego rodzaju aktywno\u015bci. Jego design jest bardzo modny na lato \u2013 dost\u0119pny w kilku kolorach i idealnie pasuje w zestawie z kr\u00f3tk\u0105 sp\u00f3dniczk\u0105 lub legginsami. Na przodzie znajduje si\u0119 termicznie nadrukowane bia\u0142e logo.    <\/p>\n<ul>\n<li>Ciekawy kr\u00f3j<\/li>\n<li>Krzy\u017cuj\u0105ce si\u0119 rami\u0105czka na plecach.<\/li>\n<li>Super wk\u0142adki push-up, kt\u00f3re mo\u017cna wyj\u0105\u0107<\/li>\n<li>Termicznie naklejone logo &#8220;Peach Pump&#8221; z przodu biustonosza<\/li>\n<li>Tkanina, kt\u00f3ra nie zatrzymuje wilgoci w ciele<\/li>\n<\/ul>\n<p>70% poliester 30% elastan<\/p>\n<p>Biustonosz mo\u017cna pra\u0107 w temperaturze do 30 stopni. Nie wybiela\u0107. Nie czy\u015bci\u0107 chemicznie.<\/p>\n<p>Modelka na zdj\u0119ciu ma 179 m wzrostu, wa\u017cy 58 kg i pozuje w rozmiarze M.<\/p>\n<p>Aby wybra\u0107 dok\u0142adny rozmiar, skorzystaj z tabel rozmiarowych.<\/p>\n","protected":false},"excerpt":{"rendered":"<p>Czarny sportowy biustonosz z krzy\u017cuj\u0105cymi si\u0119 rami\u0105czkami w kolorze bia\u0142ym i czarnym. Model jest mocno wyci\u0119ty i posiada super push-up wk\u0142adki, kt\u00f3re mo\u017cna wyj\u0105\u0107. Materia\u0142 biustonosza jest wyj\u0105tkowo delikatny i elastyczny, nie zatrzymuje wilgoci, dzi\u0119ki czemu \u015bwietnie nadaje si\u0119 do biegania, fitnessu, jogi, tenisa czy innego rodzaju aktywno\u015bci. Jego design jest bardzo modny na lato [&hellip;]<\/p>\n","protected":false},"featured_media":127683,"comment_status":"open","ping_status":"closed","template":"","meta":[],"product_brand":[],"product_cat":[361],"product_tag":[],"class_list":{"0":"post-123737","1":"product","2":"type-product","3":"status-publish","4":"has-post-thumbnail","6":"product_cat-biustonosz-staniki-sportove","7":"pa_cviat-czarny","8":"pa_razmer-l-pl","9":"pa_razmer-m-pl-2","10":"pa_razmer-s-pl-2","11":"inventories-world","12":"inventories-pl","14":"first","15":"instock","16":"taxable","17":"shipping-taxable","18":"purchasable","19":"product-type-variable"},"_links":{"self":[{"href":"https:\/\/peach-pump.com\/en\/wp-json\/wp\/v2\/product\/123737","targetHints":{"allow":["GET"]}}],"collection":[{"href":"https:\/\/peach-pump.com\/en\/wp-json\/wp\/v2\/product"}],"about":[{"href":"https:\/\/peach-pump.com\/en\/wp-json\/wp\/v2\/types\/product"}],"replies":[{"embeddable":true,"href":"https:\/\/peach-pump.com\/en\/wp-json\/wp\/v2\/comments?post=123737"}],"version-history":[{"count":0,"href":"https:\/\/peach-pump.com\/en\/wp-json\/wp\/v2\/product\/123737\/revisions"}],"wp:featuredmedia":[{"embeddable":true,"href":"https:\/\/peach-pump.com\/en\/wp-json\/wp\/v2\/media\/127683"}],"wp:attachment":[{"href":"https:\/\/peach-pump.com\/en\/wp-json\/wp\/v2\/media?parent=123737"}],"wp:term":[{"taxonomy":"product_brand","embeddable":true,"href":"https:\/\/peach-pump.com\/en\/wp-json\/wp\/v2\/product_brand?post=123737"},{"taxonomy":"product_cat","embeddable":true,"href":"https:\/\/peach-pump.com\/en\/wp-json\/wp\/v2\/product_cat?post=123737"},{"taxonomy":"product_tag","embeddable":true,"href":"https:\/\/peach-pump.com\/en\/wp-json\/wp\/v2\/product_tag?post=123737"}],"curies":[{"name":"wp","href":"https:\/\/api.w.org\/{rel}","templated":true}]}}