{"id":123711,"date":"2025-07-04T14:01:30","date_gmt":"2025-07-04T12:01:30","guid":{"rendered":"https:\/\/peach-pump.com\/?post_type=product&#038;p=123711"},"modified":"2026-04-24T11:18:13","modified_gmt":"2026-04-24T09:18:13","slug":"czarny-biustonosz-sportowy-v","status":"publish","type":"product","link":"https:\/\/peach-pump.com\/pl\/products\/czarny-biustonosz-sportowy-v\/","title":{"rendered":"Czarny biustonosz sportowy z dekoltem w kszta\u0142cie litery V i bia\u0142\u0105 lam\u00f3wk\u0105."},"content":{"rendered":"<p>Czarny biustonosz sportowy z dekoltem w kszta\u0142cie litery V i bia\u0142\u0105 lam\u00f3wk\u0105, kt\u00f3r\u0105 mo\u017cna schowa\u0107. Model posiada super push-up wk\u0142adki, kt\u00f3re mo\u017cna wyj\u0105\u0107. Materia\u0142 biustonosza jest wyj\u0105tkowo delikatny i elastyczny, nie zatrzymuje wilgoci w ciele \u2013 idealny do biegania, fitnessu, jogi, tenisa lub innego rodzaju sportu. Szeroka gumka pod biustem zapewnia komfort i swobod\u0119 ruch\u00f3w. Nowoczesny design modelu dost\u0119pny jest w kilku kolorach i mo\u017cna go skompletowa\u0107 z kr\u00f3tk\u0105 sp\u00f3dniczk\u0105 lub legginsami. Na przodzie i tyle biustonosza znajduje si\u0119 termicznie wprasowane bia\u0142e logo.     <\/p>\n<ul>\n<li>Ciekawy kr\u00f3j<\/li>\n<li>G\u0142\u0119boki dekolt V<\/li>\n<li>Super wk\u0142adki push-up, kt\u00f3re mo\u017cna wyj\u0105\u0107<\/li>\n<li>Szeroka gumka pod biustem<\/li>\n<li>Termicznie nakljeone logo &#8220;Peach Pump&#8221; z przodu i z ty\u0142u biustonosza<\/li>\n<li>Tkanina, kt\u00f3ra nie zatrzymuje wilgoci w ciele<\/li>\n<\/ul>\n<p>70% poliester 30% elastan<\/p>\n<p>Biustonosz mo\u017cna pra\u0107 w temperaturze do 30 stopni. Nie wybiela\u0107. Nie czy\u015bci\u0107 chemicznie.<\/p>\n<p>Modelka na zdj\u0119ciu ma 179 m wzrostu, wa\u017cy 58 kg i pozuje w rozmiarze M.<\/p>\n<p>Aby wybra\u0107 dok\u0142adny rozmiar, skorzystaj z tabel rozmiarowych.<\/p>\n<p>&nbsp;<\/p>\n","protected":false},"excerpt":{"rendered":"<p>Czarny biustonosz sportowy z dekoltem w kszta\u0142cie litery V i bia\u0142\u0105 lam\u00f3wk\u0105, kt\u00f3r\u0105 mo\u017cna schowa\u0107. Model posiada super push-up wk\u0142adki, kt\u00f3re mo\u017cna wyj\u0105\u0107. Materia\u0142 biustonosza jest wyj\u0105tkowo delikatny i elastyczny, nie zatrzymuje wilgoci w ciele \u2013 idealny do biegania, fitnessu, jogi, tenisa lub innego rodzaju sportu. Szeroka gumka pod biustem zapewnia komfort i swobod\u0119 ruch\u00f3w. [&hellip;]<\/p>\n","protected":false},"featured_media":123229,"comment_status":"open","ping_status":"closed","template":"","meta":[],"product_brand":[],"product_cat":[361],"product_tag":[],"class_list":{"0":"post-123711","1":"product","2":"type-product","3":"status-publish","4":"has-post-thumbnail","6":"product_cat-biustonosz-staniki-sportove","7":"pa_cviat-czarny","8":"pa_razmer-l-pl","9":"pa_razmer-m-pl-2","10":"pa_razmer-s-pl-2","11":"inventories-world","12":"inventories-pl","14":"first","15":"instock","16":"taxable","17":"shipping-taxable","18":"purchasable","19":"product-type-variable"},"_links":{"self":[{"href":"https:\/\/peach-pump.com\/en\/wp-json\/wp\/v2\/product\/123711","targetHints":{"allow":["GET"]}}],"collection":[{"href":"https:\/\/peach-pump.com\/en\/wp-json\/wp\/v2\/product"}],"about":[{"href":"https:\/\/peach-pump.com\/en\/wp-json\/wp\/v2\/types\/product"}],"replies":[{"embeddable":true,"href":"https:\/\/peach-pump.com\/en\/wp-json\/wp\/v2\/comments?post=123711"}],"version-history":[{"count":1,"href":"https:\/\/peach-pump.com\/en\/wp-json\/wp\/v2\/product\/123711\/revisions"}],"predecessor-version":[{"id":126020,"href":"https:\/\/peach-pump.com\/en\/wp-json\/wp\/v2\/product\/123711\/revisions\/126020"}],"wp:featuredmedia":[{"embeddable":true,"href":"https:\/\/peach-pump.com\/en\/wp-json\/wp\/v2\/media\/123229"}],"wp:attachment":[{"href":"https:\/\/peach-pump.com\/en\/wp-json\/wp\/v2\/media?parent=123711"}],"wp:term":[{"taxonomy":"product_brand","embeddable":true,"href":"https:\/\/peach-pump.com\/en\/wp-json\/wp\/v2\/product_brand?post=123711"},{"taxonomy":"product_cat","embeddable":true,"href":"https:\/\/peach-pump.com\/en\/wp-json\/wp\/v2\/product_cat?post=123711"},{"taxonomy":"product_tag","embeddable":true,"href":"https:\/\/peach-pump.com\/en\/wp-json\/wp\/v2\/product_tag?post=123711"}],"curies":[{"name":"wp","href":"https:\/\/api.w.org\/{rel}","templated":true}]}}