{"id":121863,"date":"2025-06-24T11:08:26","date_gmt":"2025-06-24T09:08:26","guid":{"rendered":"https:\/\/peach-pump.com\/products\/biale-skarpety-sportowe-peach-pump-z-rozowa-krecona-lamowka\/"},"modified":"2026-04-02T15:29:12","modified_gmt":"2026-04-02T13:29:12","slug":"biale-skarpety-sportowe-peach-pump-z-rozowa-krecona-lamowka","status":"publish","type":"product","link":"https:\/\/peach-pump.com\/pl\/products\/biale-skarpety-sportowe-peach-pump-z-rozowa-krecona-lamowka\/","title":{"rendered":"Bia\u0142e skarpety sportowe Peach Pump z r\u00f3\u017cow\u0105, kr\u0119con\u0105 lam\u00f3wk\u0105"},"content":{"rendered":"<p>Bia\u0142e sportowe skarpetki z haftowan\u0105 r\u00f3\u017cow\u0105 falowan\u0105 lam\u00f3wk\u0105 i r\u00f3\u017cowym haftem Peach Pump.<br \/>Maj\u0105 wzmocnion\u0105 doln\u0105 cz\u0119\u015b\u0107 i zapewniaj\u0105 trwa\u0142o\u015b\u0107, stabilno\u015b\u0107 oraz amortyzacj\u0119 podczas ruchu.<br \/>Odpowiednie do ka\u017cdego rodzaju aktywno\u015bci \u2013 jogi, pilatesu, fitnessu, biegania czy spacer\u00f3w w parku.<br \/>Skarpetki s\u0105 bawe\u0142niane, mi\u0119kkie i skutecznie odprowadzaj\u0105 wilgo\u0107.<br \/>Stanowi\u0105 idealne dope\u0142nienie Twojego sportowego looku.    <\/p>\n<ul>\n<li>Mi\u0119kki materia\u0142<\/li>\n<li>Falowana haftowana lam\u00f3wka.<\/li>\n<li>Wysoka jako\u015b\u0107<\/li>\n<li>Elastyczno\u015b\u0107<\/li>\n<li>80% bawe\u0142na<\/li>\n<li>Haftowane logo Peach Pump<\/li>\n<li>Wzmocniona podeszwa zapewnia trwa\u0142o\u015b\u0107<\/li>\n<\/ul>\n<p>80% bawe\u0142na, 17% poliester, 3% elastan<\/p>\n<p>Mo\u017cna pra\u0107 w temperaturze 40\u00b0C bez czyszczenia chemicznego, suszy\u0107 w niskiej temperaturze.<\/p>\n<p>Skarpety nie podlegaj\u0105 zwrotowi ani wymianie!<\/p>\n","protected":false},"excerpt":{"rendered":"<p>Bia\u0142e sportowe skarpetki z haftowan\u0105 r\u00f3\u017cow\u0105 falowan\u0105 lam\u00f3wk\u0105 i r\u00f3\u017cowym haftem Peach Pump.Maj\u0105 wzmocnion\u0105 doln\u0105 cz\u0119\u015b\u0107 i zapewniaj\u0105 trwa\u0142o\u015b\u0107, stabilno\u015b\u0107 oraz amortyzacj\u0119 podczas ruchu.Odpowiednie do ka\u017cdego rodzaju aktywno\u015bci \u2013 jogi, pilatesu, fitnessu, biegania czy spacer\u00f3w w parku.Skarpetki s\u0105 bawe\u0142niane, mi\u0119kkie i skutecznie odprowadzaj\u0105 wilgo\u0107.Stanowi\u0105 idealne dope\u0142nienie Twojego sportowego looku. Mi\u0119kki materia\u0142 Falowana haftowana lam\u00f3wka. Wysoka [&hellip;]<\/p>\n","protected":false},"featured_media":121362,"comment_status":"open","ping_status":"closed","template":"","meta":[],"product_brand":[],"product_cat":[861],"product_tag":[],"class_list":{"0":"post-121863","1":"product","2":"type-product","3":"status-publish","4":"has-post-thumbnail","6":"product_cat-akcesoria","7":"pa_cviat-bialy-rozowy","8":"pa_razmer-one-size-pl","9":"inventories-world","10":"inventories-pl","12":"first","13":"instock","14":"taxable","15":"shipping-taxable","16":"purchasable","17":"product-type-variable"},"_links":{"self":[{"href":"https:\/\/peach-pump.com\/en\/wp-json\/wp\/v2\/product\/121863","targetHints":{"allow":["GET"]}}],"collection":[{"href":"https:\/\/peach-pump.com\/en\/wp-json\/wp\/v2\/product"}],"about":[{"href":"https:\/\/peach-pump.com\/en\/wp-json\/wp\/v2\/types\/product"}],"replies":[{"embeddable":true,"href":"https:\/\/peach-pump.com\/en\/wp-json\/wp\/v2\/comments?post=121863"}],"version-history":[{"count":0,"href":"https:\/\/peach-pump.com\/en\/wp-json\/wp\/v2\/product\/121863\/revisions"}],"wp:featuredmedia":[{"embeddable":true,"href":"https:\/\/peach-pump.com\/en\/wp-json\/wp\/v2\/media\/121362"}],"wp:attachment":[{"href":"https:\/\/peach-pump.com\/en\/wp-json\/wp\/v2\/media?parent=121863"}],"wp:term":[{"taxonomy":"product_brand","embeddable":true,"href":"https:\/\/peach-pump.com\/en\/wp-json\/wp\/v2\/product_brand?post=121863"},{"taxonomy":"product_cat","embeddable":true,"href":"https:\/\/peach-pump.com\/en\/wp-json\/wp\/v2\/product_cat?post=121863"},{"taxonomy":"product_tag","embeddable":true,"href":"https:\/\/peach-pump.com\/en\/wp-json\/wp\/v2\/product_tag?post=121863"}],"curies":[{"name":"wp","href":"https:\/\/api.w.org\/{rel}","templated":true}]}}