{"id":120739,"date":"2025-06-16T19:55:15","date_gmt":"2025-06-16T17:55:15","guid":{"rendered":"https:\/\/peach-pump.com\/products\/czarny-komplet-sportowy-z-krotkim-rekawem\/"},"modified":"2025-11-01T15:56:40","modified_gmt":"2025-11-01T13:56:40","slug":"czarny-komplet-sportowy-z-krotkim-rekawem","status":"publish","type":"product","link":"https:\/\/peach-pump.com\/pl\/products\/czarny-komplet-sportowy-z-krotkim-rekawem\/","title":{"rendered":"Czarny komplet sportowy z kr\u00f3tkim r\u0119kawem"},"content":{"rendered":"<p>Damski czarny sportowy komplet \u2013 legginsy w prostym designie, bez modeluj\u0105cego efektu, oraz bluza z kr\u00f3tkim r\u0119kawem.<br \/>Bluza ma wyjmowane wk\u0142adki, odpowiednia jest do fitnessu, biegania, \u0107wicze\u0144 aerobowych lub spacer\u00f3w w parku. Posiada ukryty \u015bci\u0105gacz na dole i materia\u0142, kt\u00f3ry nie zatrzymuje wilgoci w ciele.<br \/>Legginsy nie maj\u0105 szwu z przodu, co jest preferowane przez wi\u0119kszo\u015b\u0107 kobiet, i maj\u0105 szew z ty\u0142u.<br \/>Elastyczny, letni materia\u0142 dopasowuje si\u0119 do sylwetki, a szeroki pas podkre\u015bla tali\u0119.<br \/>Legginsy maj\u0105 3D logo z przodu i z ty\u0142u.<br \/>Szwy s\u0105 p\u0142askie i nie powoduj\u0105 podra\u017cnie\u0144.<br \/>Odpowiedni do trening\u00f3w si\u0142owych i aerobowych, nie zatrzymuje wilgoci w ciele.<br \/>Komplet dost\u0119pny jest w kilku kolorach.       <\/p>\n<p>Za bluza:<\/p>\n<ul>\n<li>Wyjmowane poduszki<\/li>\n<li>Ukryta gumka u do\u0142u<\/li>\n<li>Idealnie przylega do cia\u0142a<\/li>\n<li>Termicznie naklejone logo &#8220;Peach Pump&#8221; na ramieniu<\/li>\n<li>Tkanina, kt\u00f3ra nie zatrzymuje wilgoci w ciele<\/li>\n<\/ul>\n<p>O legginsach:<\/p>\n<ul>\n<li>Rozci\u0105gliwy, lekki letni materia\u0142<\/li>\n<li>P\u0142askie szwy<\/li>\n<li>Bez szwu z przodu<\/li>\n<li>Szew z ty\u0142u leggins\u00f3w<\/li>\n<li>Szeroki pasek podkre\u015blaj\u0105cy tali\u0119<\/li>\n<li>Logo 3D \u201ePeach Pump\u201d z ty\u0142u i z przodu leggins\u00f3w<\/li>\n<li>Tkanina, kt\u00f3ra nie zatrzymuje wilgoci w ciele<\/li>\n<\/ul>\n<p>Sk\u0142ad: elastan i poliester<\/p>\n<p>Zestaw mo\u017cna pra\u0107 w temperaturze do 30 stopni, nie nale\u017cy u\u017cywa\u0107 wybielaczy, suszy\u0107 w suszarce b\u0119bnowej ani czy\u015bci\u0107 chemicznie.<\/p>\n<p>Modelka na zdj\u0119ciu ma 178 cm wzrostu, wa\u017cy 57 kg i pozuje w rozmiarze M w bluzie i legginsach.<\/p>\n<p>Aby wybra\u0107 dok\u0142adny rozmiar, skorzystaj z tabel rozmiarowych<\/p>\n","protected":false},"excerpt":{"rendered":"<p>Damski czarny sportowy komplet \u2013 legginsy w prostym designie, bez modeluj\u0105cego efektu, oraz bluza z kr\u00f3tkim r\u0119kawem.Bluza ma wyjmowane wk\u0142adki, odpowiednia jest do fitnessu, biegania, \u0107wicze\u0144 aerobowych lub spacer\u00f3w w parku. Posiada ukryty \u015bci\u0105gacz na dole i materia\u0142, kt\u00f3ry nie zatrzymuje wilgoci w ciele.Legginsy nie maj\u0105 szwu z przodu, co jest preferowane przez wi\u0119kszo\u015b\u0107 kobiet, [&hellip;]<\/p>\n","protected":false},"featured_media":119121,"comment_status":"open","ping_status":"closed","template":"","meta":[],"product_brand":[],"product_cat":[362,364],"product_tag":[],"class_list":{"0":"post-120739","1":"product","2":"type-product","3":"status-publish","4":"has-post-thumbnail","6":"product_cat-komplety-sportowe-damskie","7":"product_cat-omplet-sportowy-top-legginsy","8":"pa_cviat-czarny","9":"inventories-world","11":"first","12":"instock","13":"taxable","14":"shipping-taxable","15":"purchasable","16":"product-type-yith_bundle"},"_links":{"self":[{"href":"https:\/\/peach-pump.com\/pl\/wp-json\/wp\/v2\/product\/120739","targetHints":{"allow":["GET"]}}],"collection":[{"href":"https:\/\/peach-pump.com\/pl\/wp-json\/wp\/v2\/product"}],"about":[{"href":"https:\/\/peach-pump.com\/pl\/wp-json\/wp\/v2\/types\/product"}],"replies":[{"embeddable":true,"href":"https:\/\/peach-pump.com\/pl\/wp-json\/wp\/v2\/comments?post=120739"}],"version-history":[{"count":1,"href":"https:\/\/peach-pump.com\/pl\/wp-json\/wp\/v2\/product\/120739\/revisions"}],"predecessor-version":[{"id":133574,"href":"https:\/\/peach-pump.com\/pl\/wp-json\/wp\/v2\/product\/120739\/revisions\/133574"}],"wp:featuredmedia":[{"embeddable":true,"href":"https:\/\/peach-pump.com\/pl\/wp-json\/wp\/v2\/media\/119121"}],"wp:attachment":[{"href":"https:\/\/peach-pump.com\/pl\/wp-json\/wp\/v2\/media?parent=120739"}],"wp:term":[{"taxonomy":"product_brand","embeddable":true,"href":"https:\/\/peach-pump.com\/pl\/wp-json\/wp\/v2\/product_brand?post=120739"},{"taxonomy":"product_cat","embeddable":true,"href":"https:\/\/peach-pump.com\/pl\/wp-json\/wp\/v2\/product_cat?post=120739"},{"taxonomy":"product_tag","embeddable":true,"href":"https:\/\/peach-pump.com\/pl\/wp-json\/wp\/v2\/product_tag?post=120739"}],"curies":[{"name":"wp","href":"https:\/\/api.w.org\/{rel}","templated":true}]}}