{"id":120426,"date":"2025-06-18T17:59:09","date_gmt":"2025-06-18T15:59:09","guid":{"rendered":"https:\/\/peach-pump.com\/products\/rozowy-sportowy-biustonosz-bez-ramiaczek\/"},"modified":"2026-03-25T22:48:23","modified_gmt":"2026-03-25T20:48:23","slug":"rozowy-sportowy-biustonosz-bez-ramiaczek","status":"publish","type":"product","link":"https:\/\/peach-pump.com\/pl\/products\/rozowy-sportowy-biustonosz-bez-ramiaczek\/","title":{"rendered":"R\u00f3\u017cowy sportowy biustonosz bez rami\u0105czek"},"content":{"rendered":"<p>R\u00f3\u017cowe sportowe biustonosz-bustier bez rami\u0105czek, z wyjmowanymi push-up wk\u0142adkami.<br \/>Idealny na lato \u2013 mo\u017cesz biega\u0107 i \u0142apa\u0107 opalenizn\u0119 bez \u015blad\u00f3w po rami\u0105czkach!<br \/>Biustonosz ma elastyczny \u015bci\u0105gacz na dole, dzi\u0119ki czemu biust jest stabilnie podtrzymywany, a Ty masz pe\u0142n\u0105 swobod\u0119 ruch\u00f3w.<br \/>Mo\u017cesz po\u0142\u0105czy\u0107 go z kr\u00f3tkimi lub d\u0142ugimi legginsami w tym samym kolorze, tworz\u0105c perfekcyjny letni, sportowy look.   <\/p>\n<ul>\n<li>Wype\u0142nienie z efektem podnoszenia<\/li>\n<li>\u015aci\u0105gacz na dole<\/li>\n<li>Termicznie naklejone logo \u201ePeach Pump\u201d po lewej stronie biustonosza<\/li>\n<li>Tkanina, kt\u00f3ra nie zatrzymuje wilgoci w ciele<\/li>\n<\/ul>\n<p>Biustonosz mo\u017cna pra\u0107 w temperaturze do 30 stopni, nie nale\u017cy u\u017cywa\u0107 wybielaczy, suszy\u0107 w suszarce b\u0119bnowej ani czy\u015bci\u0107 chemicznie.<\/p>\n<p>Modelka na zdj\u0119ciu ma 167 cm wzrostu, wa\u017cy 52 kg i pozuje w rozmiarze M.<\/p>\n<p>Aby wybra\u0107 dok\u0142adny rozmiar, skorzystaj z tabel rozmiarowych<\/p>\n","protected":false},"excerpt":{"rendered":"<p>R\u00f3\u017cowe sportowe biustonosz-bustier bez rami\u0105czek, z wyjmowanymi push-up wk\u0142adkami.Idealny na lato \u2013 mo\u017cesz biega\u0107 i \u0142apa\u0107 opalenizn\u0119 bez \u015blad\u00f3w po rami\u0105czkach!Biustonosz ma elastyczny \u015bci\u0105gacz na dole, dzi\u0119ki czemu biust jest stabilnie podtrzymywany, a Ty masz pe\u0142n\u0105 swobod\u0119 ruch\u00f3w.Mo\u017cesz po\u0142\u0105czy\u0107 go z kr\u00f3tkimi lub d\u0142ugimi legginsami w tym samym kolorze, tworz\u0105c perfekcyjny letni, sportowy look. Wype\u0142nienie [&hellip;]<\/p>\n","protected":false},"featured_media":119842,"comment_status":"open","ping_status":"closed","template":"","meta":[],"product_brand":[],"product_cat":[361],"product_tag":[],"class_list":{"0":"post-120426","1":"product","2":"type-product","3":"status-publish","4":"has-post-thumbnail","6":"product_cat-biustonosz-staniki-sportove","7":"pa_cviat-rozowy","8":"pa_razmer-l-pl","9":"pa_razmer-m-pl-2","10":"pa_razmer-s-pl-2","11":"inventories-world","13":"first","14":"instock","15":"sale","16":"taxable","17":"shipping-taxable","18":"purchasable","19":"product-type-variable"},"_links":{"self":[{"href":"https:\/\/peach-pump.com\/en\/wp-json\/wp\/v2\/product\/120426","targetHints":{"allow":["GET"]}}],"collection":[{"href":"https:\/\/peach-pump.com\/en\/wp-json\/wp\/v2\/product"}],"about":[{"href":"https:\/\/peach-pump.com\/en\/wp-json\/wp\/v2\/types\/product"}],"replies":[{"embeddable":true,"href":"https:\/\/peach-pump.com\/en\/wp-json\/wp\/v2\/comments?post=120426"}],"version-history":[{"count":0,"href":"https:\/\/peach-pump.com\/en\/wp-json\/wp\/v2\/product\/120426\/revisions"}],"wp:featuredmedia":[{"embeddable":true,"href":"https:\/\/peach-pump.com\/en\/wp-json\/wp\/v2\/media\/119842"}],"wp:attachment":[{"href":"https:\/\/peach-pump.com\/en\/wp-json\/wp\/v2\/media?parent=120426"}],"wp:term":[{"taxonomy":"product_brand","embeddable":true,"href":"https:\/\/peach-pump.com\/en\/wp-json\/wp\/v2\/product_brand?post=120426"},{"taxonomy":"product_cat","embeddable":true,"href":"https:\/\/peach-pump.com\/en\/wp-json\/wp\/v2\/product_cat?post=120426"},{"taxonomy":"product_tag","embeddable":true,"href":"https:\/\/peach-pump.com\/en\/wp-json\/wp\/v2\/product_tag?post=120426"}],"curies":[{"name":"wp","href":"https:\/\/api.w.org\/{rel}","templated":true}]}}