{"id":120412,"date":"2025-06-18T18:23:32","date_gmt":"2025-06-18T16:23:32","guid":{"rendered":"https:\/\/peach-pump.com\/products\/jasnoniebieskie-legginsy-sportowe-typu-dzwony-z-talia-v\/"},"modified":"2026-04-04T11:22:07","modified_gmt":"2026-04-04T09:22:07","slug":"jasnoniebieskie-legginsy-sportowe-typu-dzwony-z-talia-v","status":"publish","type":"product","link":"https:\/\/peach-pump.com\/pl\/products\/jasnoniebieskie-legginsy-sportowe-typu-dzwony-z-talia-v\/","title":{"rendered":"Jasnoniebieskie legginsy sportowe typu dzwony z tali\u0105 V"},"content":{"rendered":"<p>Jasnoniebieskie legginsy sportowe typu dzwony z tali\u0105 V, bez efektu modelowania. Model nie ma szwu z przodu, co jest preferowane przez wi\u0119kszo\u015b\u0107 pa\u0144, i ma wzmocniony szew z ty\u0142u leggins\u00f3w. Elastyczny materia\u0142 modeluje sylwetk\u0119, a szeroki pas w kszta\u0142cie litery V podkre\u015bla i rze\u017abi tali\u0119. Z przodu po lewej stronie i z ty\u0142u leggins\u00f3w znajduje si\u0119 logo 3D. Szwy leggins\u00f3w s\u0105 p\u0142askie i nie powoduj\u0105 podra\u017cnie\u0144. Odpowiednie do treningu si\u0142owego lub aerobowego, nie zatrzymuj\u0105 wilgoci w ciele. Szerokie nogawki to nowy hit w odzie\u017cy sportowej.      <\/p>\n<ul>\n<li>Elastyczny materia\u0142<\/li>\n<li>Szeroka nogawka<\/li>\n<li>P\u0142askie szwy<\/li>\n<li>Bez szwu z przodu<\/li>\n<li>Wzmocniony szew z ty\u0142u leggins\u00f3w<\/li>\n<li>Szeroki pas w kszta\u0142cie litery V modeluj\u0105cy tali\u0119<\/li>\n<li>Logo 3D \u201ePeach Pump\u201d z ty\u0142u i z przodu po lewej stronie leggins\u00f3w<\/li>\n<li>Tkanina, kt\u00f3ra nie zatrzymuje wilgoci w ciele<\/li>\n<\/ul>\n<p>Sk\u0142ad: elastan i poliester<\/p>\n<p>Legginsy mo\u017cna pra\u0107 w temperaturze do 30 stopni, nie wybiela\u0107, nie suszy\u0107 w suszarce b\u0119bnowej ani nie czy\u015bci\u0107 chemicznie.<\/p>\n<p>Modelka na zdj\u0119ciu ma 166 cm wzrostu, wa\u017cy 52 kg i pozuje w rozmiarze S.<\/p>\n<p>Aby wybra\u0107 dok\u0142adny rozmiar, skorzystaj z tabel rozmiarowych.<\/p>\n","protected":false},"excerpt":{"rendered":"<p>Jasnoniebieskie legginsy sportowe typu dzwony z tali\u0105 V, bez efektu modelowania. Model nie ma szwu z przodu, co jest preferowane przez wi\u0119kszo\u015b\u0107 pa\u0144, i ma wzmocniony szew z ty\u0142u leggins\u00f3w. Elastyczny materia\u0142 modeluje sylwetk\u0119, a szeroki pas w kszta\u0142cie litery V podkre\u015bla i rze\u017abi tali\u0119. Z przodu po lewej stronie i z ty\u0142u leggins\u00f3w znajduje [&hellip;]<\/p>\n","protected":false},"featured_media":119985,"comment_status":"open","ping_status":"closed","template":"","meta":[],"product_brand":[],"product_cat":[144,307],"product_tag":[],"class_list":{"0":"post-120412","1":"product","2":"type-product","3":"status-publish","4":"has-post-thumbnail","6":"product_cat-legginsy-sportowe-damskie","7":"product_cat-legginsy-damskie-dlugie","8":"pa_cviat-jasnoniebieski","9":"pa_razmer-l-pl","10":"pa_razmer-m-pl-2","11":"pa_razmer-s-pl-2","12":"inventories-world","14":"first","15":"instock","16":"taxable","17":"shipping-taxable","18":"purchasable","19":"product-type-variable"},"_links":{"self":[{"href":"https:\/\/peach-pump.com\/en\/wp-json\/wp\/v2\/product\/120412","targetHints":{"allow":["GET"]}}],"collection":[{"href":"https:\/\/peach-pump.com\/en\/wp-json\/wp\/v2\/product"}],"about":[{"href":"https:\/\/peach-pump.com\/en\/wp-json\/wp\/v2\/types\/product"}],"replies":[{"embeddable":true,"href":"https:\/\/peach-pump.com\/en\/wp-json\/wp\/v2\/comments?post=120412"}],"version-history":[{"count":0,"href":"https:\/\/peach-pump.com\/en\/wp-json\/wp\/v2\/product\/120412\/revisions"}],"wp:featuredmedia":[{"embeddable":true,"href":"https:\/\/peach-pump.com\/en\/wp-json\/wp\/v2\/media\/119985"}],"wp:attachment":[{"href":"https:\/\/peach-pump.com\/en\/wp-json\/wp\/v2\/media?parent=120412"}],"wp:term":[{"taxonomy":"product_brand","embeddable":true,"href":"https:\/\/peach-pump.com\/en\/wp-json\/wp\/v2\/product_brand?post=120412"},{"taxonomy":"product_cat","embeddable":true,"href":"https:\/\/peach-pump.com\/en\/wp-json\/wp\/v2\/product_cat?post=120412"},{"taxonomy":"product_tag","embeddable":true,"href":"https:\/\/peach-pump.com\/en\/wp-json\/wp\/v2\/product_tag?post=120412"}],"curies":[{"name":"wp","href":"https:\/\/api.w.org\/{rel}","templated":true}]}}