{"id":120388,"date":"2025-06-18T18:43:58","date_gmt":"2025-06-18T16:43:58","guid":{"rendered":"https:\/\/peach-pump.com\/products\/seksowny-czarny-biustonosz-z-glebokim-dekoltem-v\/"},"modified":"2026-03-29T09:51:48","modified_gmt":"2026-03-29T07:51:48","slug":"seksowny-czarny-biustonosz-z-glebokim-dekoltem-v","status":"publish","type":"product","link":"https:\/\/peach-pump.com\/pl\/products\/seksowny-czarny-biustonosz-z-glebokim-dekoltem-v\/","title":{"rendered":"Seksowny czarny biustonosz z g\u0142\u0119bokim dekoltem V"},"content":{"rendered":"<p>Sportowy czarny biustonosz z g\u0142\u0119bokim dekoltem V i wyjmowanymi wk\u0142adkami. Model wykonano z mi\u0119kkiego, bardzo elastycznego, oddychaj\u0105cego materia\u0142u, kt\u00f3ry odprowadza wilgo\u0107 od cia\u0142a. Biustonosz ma seksowny dekolt w kszta\u0142cie litery V, idealny na gor\u0105ce letnie dni. Mo\u017cna go nosi\u0107 r\u00f3wnie\u017c pod ubraniem \u2013 pozostanie niewidoczny, a Ty b\u0119dziesz czu\u0107 komfort i swobod\u0119 ruchu. Dost\u0119pny tak\u017ce w kolorze czarnym. <\/p>\n<ul>\n<li> Wyjmowane wk\u0142adki<\/li>\n<li> Efekt Push-Up<\/li>\n<li> Du\u017ca elastyczno\u015b\u0107<\/li>\n<li> Termicznie naklejone logo Peach Pump z boku biustonosza<\/li>\n<li> Technologia odprowadzania wilgoci od cia\u0142a<\/li>\n<\/ul>\n<p>Sk\u0142ad: 80% poliester 20% elastan<\/p>\n<p>Biustonosz mo\u017cna pra\u0107 w temperaturze do 30 stopni. Nie wybiela\u0107. Nie czy\u015bci\u0107 chemicznie.<\/p>\n<p>Modelka na zdj\u0119ciu ma 166 cm wzrostu, wa\u017cy 52 kg i pozuje w rozmiarze S.<\/p>\n<p>Aby wybra\u0107 dok\u0142adny rozmiar, skorzystaj z tabel rozmiarowych.<\/p>\n","protected":false},"excerpt":{"rendered":"<p>Sportowy czarny biustonosz z g\u0142\u0119bokim dekoltem V i wyjmowanymi wk\u0142adkami. Model wykonano z mi\u0119kkiego, bardzo elastycznego, oddychaj\u0105cego materia\u0142u, kt\u00f3ry odprowadza wilgo\u0107 od cia\u0142a. Biustonosz ma seksowny dekolt w kszta\u0142cie litery V, idealny na gor\u0105ce letnie dni. Mo\u017cna go nosi\u0107 r\u00f3wnie\u017c pod ubraniem \u2013 pozostanie niewidoczny, a Ty b\u0119dziesz czu\u0107 komfort i swobod\u0119 ruchu. Dost\u0119pny tak\u017ce [&hellip;]<\/p>\n","protected":false},"featured_media":120156,"comment_status":"open","ping_status":"closed","template":"","meta":[],"product_brand":[],"product_cat":[361],"product_tag":[],"class_list":{"0":"post-120388","1":"product","2":"type-product","3":"status-publish","4":"has-post-thumbnail","6":"product_cat-biustonosz-staniki-sportove","7":"pa_cviat-czarny","8":"pa_razmer-l-pl","9":"pa_razmer-m-pl-2","10":"pa_razmer-s-pl-2","11":"inventories-world","13":"first","14":"instock","15":"sale","16":"taxable","17":"shipping-taxable","18":"purchasable","19":"product-type-variable"},"_links":{"self":[{"href":"https:\/\/peach-pump.com\/pl\/wp-json\/wp\/v2\/product\/120388","targetHints":{"allow":["GET"]}}],"collection":[{"href":"https:\/\/peach-pump.com\/pl\/wp-json\/wp\/v2\/product"}],"about":[{"href":"https:\/\/peach-pump.com\/pl\/wp-json\/wp\/v2\/types\/product"}],"replies":[{"embeddable":true,"href":"https:\/\/peach-pump.com\/pl\/wp-json\/wp\/v2\/comments?post=120388"}],"version-history":[{"count":0,"href":"https:\/\/peach-pump.com\/pl\/wp-json\/wp\/v2\/product\/120388\/revisions"}],"wp:featuredmedia":[{"embeddable":true,"href":"https:\/\/peach-pump.com\/pl\/wp-json\/wp\/v2\/media\/120156"}],"wp:attachment":[{"href":"https:\/\/peach-pump.com\/pl\/wp-json\/wp\/v2\/media?parent=120388"}],"wp:term":[{"taxonomy":"product_brand","embeddable":true,"href":"https:\/\/peach-pump.com\/pl\/wp-json\/wp\/v2\/product_brand?post=120388"},{"taxonomy":"product_cat","embeddable":true,"href":"https:\/\/peach-pump.com\/pl\/wp-json\/wp\/v2\/product_cat?post=120388"},{"taxonomy":"product_tag","embeddable":true,"href":"https:\/\/peach-pump.com\/pl\/wp-json\/wp\/v2\/product_tag?post=120388"}],"curies":[{"name":"wp","href":"https:\/\/api.w.org\/{rel}","templated":true}]}}