{"id":117435,"date":"2025-05-28T14:29:45","date_gmt":"2025-05-28T12:29:45","guid":{"rendered":"https:\/\/peach-pump.com\/products\/czarna-czapka-z-daszkiem-z-czarnym-logo-peach-pump\/"},"modified":"2026-04-04T08:20:09","modified_gmt":"2026-04-04T06:20:09","slug":"czarna-czapka-z-daszkiem-z-czarnym-logo-peach-pump","status":"publish","type":"product","link":"https:\/\/peach-pump.com\/pl\/products\/czarna-czapka-z-daszkiem-z-czarnym-logo-peach-pump\/","title":{"rendered":"Czarna czapka z daszkiem i czarnym logo Peach Pump"},"content":{"rendered":"<p>Po\u0142\u0105cz swoje ulubione legginsy i biustonosz z czarn\u0105 czapk\u0105 z daszkiem i z logo Peach Pump. W gor\u0105ce letnie miesi\u0105ce b\u0119dzie doskona\u0142ym uzupe\u0142nieniem Twojej stylizacji, a jednocze\u015bnie os\u0142oni twarz przed ostrym s\u0142o\u0144cem. Czapka ma efektowny, tr\u00f3jwymiarowy haftowany design z czarnym logo z czarn\u0105 obw\u00f3dk\u0105 oraz motywacyjnym napisem w kolorze czarnym: <br \/>\u201eCzarny to m\u00f3j szcz\u0119\u015bliwy kolor\u201d. Czapka jest regulowana za pomoc\u0105 zapi\u0119cia na klamr\u0119, a daszek jest zakrzywiony. B\u0105d\u017a stylowa i wyr\u00f3\u017cniaj\u0105ca si\u0119 dzi\u0119ki temu doskona\u0142emu wyko\u0144czeniu swojego sportowego stroju.<\/p>\n","protected":false},"excerpt":{"rendered":"<p>Po\u0142\u0105cz swoje ulubione legginsy i biustonosz z czarn\u0105 czapk\u0105 z daszkiem i z logo Peach Pump. W gor\u0105ce letnie miesi\u0105ce b\u0119dzie doskona\u0142ym uzupe\u0142nieniem Twojej stylizacji, a jednocze\u015bnie os\u0142oni twarz przed ostrym s\u0142o\u0144cem. Czapka ma efektowny, tr\u00f3jwymiarowy haftowany design z czarnym logo z czarn\u0105 obw\u00f3dk\u0105 oraz motywacyjnym napisem w kolorze czarnym: \u201eCzarny to m\u00f3j szcz\u0119\u015bliwy kolor\u201d. [&hellip;]<\/p>\n","protected":false},"featured_media":116293,"comment_status":"open","ping_status":"closed","template":"","meta":[],"product_brand":[],"product_cat":[861],"product_tag":[],"class_list":{"0":"post-117435","1":"product","2":"type-product","3":"status-publish","4":"has-post-thumbnail","6":"product_cat-akcesoria","7":"pa_cviat-czarny","8":"pa_razmer-one-size-pl","9":"inventories-world","10":"inventories-pl","12":"first","13":"instock","14":"taxable","15":"shipping-taxable","16":"purchasable","17":"product-type-variable"},"_links":{"self":[{"href":"https:\/\/peach-pump.com\/en\/wp-json\/wp\/v2\/product\/117435","targetHints":{"allow":["GET"]}}],"collection":[{"href":"https:\/\/peach-pump.com\/en\/wp-json\/wp\/v2\/product"}],"about":[{"href":"https:\/\/peach-pump.com\/en\/wp-json\/wp\/v2\/types\/product"}],"replies":[{"embeddable":true,"href":"https:\/\/peach-pump.com\/en\/wp-json\/wp\/v2\/comments?post=117435"}],"version-history":[{"count":0,"href":"https:\/\/peach-pump.com\/en\/wp-json\/wp\/v2\/product\/117435\/revisions"}],"wp:featuredmedia":[{"embeddable":true,"href":"https:\/\/peach-pump.com\/en\/wp-json\/wp\/v2\/media\/116293"}],"wp:attachment":[{"href":"https:\/\/peach-pump.com\/en\/wp-json\/wp\/v2\/media?parent=117435"}],"wp:term":[{"taxonomy":"product_brand","embeddable":true,"href":"https:\/\/peach-pump.com\/en\/wp-json\/wp\/v2\/product_brand?post=117435"},{"taxonomy":"product_cat","embeddable":true,"href":"https:\/\/peach-pump.com\/en\/wp-json\/wp\/v2\/product_cat?post=117435"},{"taxonomy":"product_tag","embeddable":true,"href":"https:\/\/peach-pump.com\/en\/wp-json\/wp\/v2\/product_tag?post=117435"}],"curies":[{"name":"wp","href":"https:\/\/api.w.org\/{rel}","templated":true}]}}