{"id":117419,"date":"2025-05-28T14:54:25","date_gmt":"2025-05-28T12:54:25","guid":{"rendered":"https:\/\/peach-pump.com\/products\/jasnoniebieskie-krotkie-legginsy-ze-srednia-talia-i-efektem-modelujacym\/"},"modified":"2026-04-02T13:02:21","modified_gmt":"2026-04-02T11:02:21","slug":"jasnoniebieskie-krotkie-legginsy-ze-srednia-talia-i-efektem-modelujacym","status":"publish","type":"product","link":"https:\/\/peach-pump.com\/pl\/products\/jasnoniebieskie-krotkie-legginsy-ze-srednia-talia-i-efektem-modelujacym\/","title":{"rendered":"Jasnoniebieskie kr\u00f3tkie legginsy ze \u015bredni\u0105 tali\u0105 i efektem modeluj\u0105cym"},"content":{"rendered":"<p>Sportowe kr\u00f3tkie legginsy w jasnoniebieskim kolorze ze \u015brednim stanem i efektem modeluj\u0105cym, wykonane z bezszwowego, elastycznego i mi\u0119kkiego w dotyku materia\u0142u. Model ten doskonale modeluje sylwetk\u0119, posiada pas ze \u015brednim stanem, kt\u00f3ry delikatnie \u015bci\u0105ga. Materia\u0142 leggins\u00f3w zakrywa problematyczne strefy, odprowadza wilgo\u0107 z cia\u0142a, zapewniaj\u0105c pi\u0119kn\u0105 i zgrabn\u0105 sylwetk\u0119.   Z tym modelem poczujesz si\u0119 komfortowo i pewnie. Legginsy mo\u017cna po\u0142\u0105czy\u0107 z biustonoszem lub bluz\u0105 marki.<\/p>\n<ul>\n<li>\u015arednia talia<\/li>\n<li>Tkanina bez szw\u00f3w<\/li>\n<li>Efekt liftinguj\u0105cy, modeluj\u0105cy, maskuj\u0105cy obszary problematyczne<\/li>\n<li>Pr\u0105\u017ckowany pas obejmuj\u0105cy talie<\/li>\n<li>Efekt Peachy<\/li>\n<li>Termicznie naklejony napis &#8220;Peach Pump&#8221; z przodu<\/li>\n<li>Bez szwu z przodu<\/li>\n<li>Termicznie naklejone logo Peach Pump z ty\u0142u leggins\u00f3w<\/li>\n<li>Tkanina odprowadzaj\u0105ca wilgo\u0107 z cia\u0142a<\/li>\n<\/ul>\n<p>Sk\u0142ad: 80% poliester 20% elastan<\/p>\n<p>Legginsy mo\u017cna pra\u0107 w temperaturze do 30 stopni. Nie wybiela\u0107 i nie czy\u015bci\u0107 chemicznie.<\/p>\n<p>Modelka na zdj\u0119ciu ma 178 cm wzrostu, wa\u017cy 55 kg i pozuje w rozmiarze S.<\/p>\n<p>Aby wybra\u0107 dok\u0142adny rozmiar, skorzystaj z tabel rozmiarowych.<\/p>\n","protected":false},"excerpt":{"rendered":"<p>Sportowe kr\u00f3tkie legginsy w jasnoniebieskim kolorze ze \u015brednim stanem i efektem modeluj\u0105cym, wykonane z bezszwowego, elastycznego i mi\u0119kkiego w dotyku materia\u0142u. Model ten doskonale modeluje sylwetk\u0119, posiada pas ze \u015brednim stanem, kt\u00f3ry delikatnie \u015bci\u0105ga. Materia\u0142 leggins\u00f3w zakrywa problematyczne strefy, odprowadza wilgo\u0107 z cia\u0142a, zapewniaj\u0105c pi\u0119kn\u0105 i zgrabn\u0105 sylwetk\u0119. Z tym modelem poczujesz si\u0119 komfortowo i [&hellip;]<\/p>\n","protected":false},"featured_media":116423,"comment_status":"open","ping_status":"closed","template":"","meta":[],"product_brand":[],"product_cat":[201,144],"product_tag":[],"class_list":{"0":"post-117419","1":"product","2":"type-product","3":"status-publish","4":"has-post-thumbnail","6":"product_cat-krotkie-legginsy","7":"product_cat-legginsy-sportowe-damskie","8":"pa_cviat-jasnoniebieski","9":"pa_razmer-l-pl","10":"pa_razmer-m-pl-2","11":"pa_razmer-s-pl-2","12":"pa_razmer-xs-pl","13":"inventories-world","15":"first","16":"instock","17":"taxable","18":"shipping-taxable","19":"purchasable","20":"product-type-variable"},"_links":{"self":[{"href":"https:\/\/peach-pump.com\/en\/wp-json\/wp\/v2\/product\/117419","targetHints":{"allow":["GET"]}}],"collection":[{"href":"https:\/\/peach-pump.com\/en\/wp-json\/wp\/v2\/product"}],"about":[{"href":"https:\/\/peach-pump.com\/en\/wp-json\/wp\/v2\/types\/product"}],"replies":[{"embeddable":true,"href":"https:\/\/peach-pump.com\/en\/wp-json\/wp\/v2\/comments?post=117419"}],"version-history":[{"count":0,"href":"https:\/\/peach-pump.com\/en\/wp-json\/wp\/v2\/product\/117419\/revisions"}],"wp:featuredmedia":[{"embeddable":true,"href":"https:\/\/peach-pump.com\/en\/wp-json\/wp\/v2\/media\/116423"}],"wp:attachment":[{"href":"https:\/\/peach-pump.com\/en\/wp-json\/wp\/v2\/media?parent=117419"}],"wp:term":[{"taxonomy":"product_brand","embeddable":true,"href":"https:\/\/peach-pump.com\/en\/wp-json\/wp\/v2\/product_brand?post=117419"},{"taxonomy":"product_cat","embeddable":true,"href":"https:\/\/peach-pump.com\/en\/wp-json\/wp\/v2\/product_cat?post=117419"},{"taxonomy":"product_tag","embeddable":true,"href":"https:\/\/peach-pump.com\/en\/wp-json\/wp\/v2\/product_tag?post=117419"}],"curies":[{"name":"wp","href":"https:\/\/api.w.org\/{rel}","templated":true}]}}