{"id":117379,"date":"2025-05-29T12:17:57","date_gmt":"2025-05-29T10:17:57","guid":{"rendered":"https:\/\/peach-pump.com\/products\/krotka-czarna-sportowa-bluza-dopasowana-do-ciala-z-poduszkami\/"},"modified":"2026-04-03T12:31:12","modified_gmt":"2026-04-03T10:31:12","slug":"krotka-czarna-sportowa-bluza-dopasowana-do-ciala-z-poduszkami","status":"publish","type":"product","link":"https:\/\/peach-pump.com\/pl\/products\/krotka-czarna-sportowa-bluza-dopasowana-do-ciala-z-poduszkami\/","title":{"rendered":"Kr\u00f3tka czarna sportowa bluza dopasowana do cia\u0142a z poduszkami"},"content":{"rendered":"<p>Kr\u00f3tka czarna sportowa bluzka dopasowana do cia\u0142a z poduszkami \u015awietnie le\u017cy, a kr\u00f3j sprawia, \u017ce jest niezast\u0105pionym elementem zar\u00f3wno sportowego, jak i codziennego stroju. Nadaje si\u0119 do fitnessu, biegania, \u0107wicze\u0144 aerobowych lub spaceru w parku. Ma ukryt\u0105 gumk\u0119 w dolnej cz\u0119\u015bci, wyjmowane poduszki oraz materia\u0142, kt\u00f3ry nie zatrzymuje wilgoci przy ciele. Koszulka ma termicznie naklejone logo \u201ePeach Pump\u201d na ramieniu, kt\u00f3re jest minimalistyczne i wygl\u0105da suptelnie Zakochasz si\u0119 w tym modelu i sposobie, w jaki uk\u0142ada si\u0119 na ciele. Idealnie pasuje do wszystkich naszych kr\u00f3tkich i d\u0142ugich leggins\u00f3w. <\/p>\n<ul>\n<li>Wyjmowane poduszki<\/li>\n<li>Ukryta gumka u do\u0142u<\/li>\n<li>Idealnie przylega do cia\u0142a<\/li>\n<li>Termicznie naklejone logo &#8220;Peach Pump&#8221; na ramieniu<\/li>\n<li>Tkanina, kt\u00f3ra nie zatrzymuje wilgoci w ciele<\/li>\n<\/ul>\n<p>Sk\u0142ad: elastan i poliester<\/p>\n<p>Bluz\u0119 mo\u017cna pra\u0107 w temperaturze do 30 stopni, prosz\u0119 nie wybiela\u0107, nie suszy\u0107 w suszarce ani czy\u015bci\u0107 chemicznie.<\/p>\n<p>Model na zdj\u0119ciu ma 178 cm wzrostu, wa\u017cy 55 kg, obw\u00f3d klatki piersiowej 90 cm i pozuje w rozmiarze M.<\/p>\n<p>Aby wybra\u0107 dok\u0142adny rozmiar, skorzystaj z tabel rozmiarowych.<\/p>\n","protected":false},"excerpt":{"rendered":"<p>Kr\u00f3tka czarna sportowa bluzka dopasowana do cia\u0142a z poduszkami \u015awietnie le\u017cy, a kr\u00f3j sprawia, \u017ce jest niezast\u0105pionym elementem zar\u00f3wno sportowego, jak i codziennego stroju. Nadaje si\u0119 do fitnessu, biegania, \u0107wicze\u0144 aerobowych lub spaceru w parku. Ma ukryt\u0105 gumk\u0119 w dolnej cz\u0119\u015bci, wyjmowane poduszki oraz materia\u0142, kt\u00f3ry nie zatrzymuje wilgoci przy ciele. Koszulka ma termicznie naklejone [&hellip;]<\/p>\n","protected":false},"featured_media":117010,"comment_status":"open","ping_status":"closed","template":"","meta":[],"product_brand":[],"product_cat":[360],"product_tag":[],"class_list":{"0":"post-117379","1":"product","2":"type-product","3":"status-publish","4":"has-post-thumbnail","6":"product_cat-bluzki-koszulki-fitness-sportowe","7":"pa_cviat-czarny","8":"pa_razmer-l-pl","9":"pa_razmer-m-pl-2","10":"pa_razmer-s-pl-2","11":"inventories-world","13":"first","14":"instock","15":"sale","16":"taxable","17":"shipping-taxable","18":"purchasable","19":"product-type-variable"},"_links":{"self":[{"href":"https:\/\/peach-pump.com\/pl\/wp-json\/wp\/v2\/product\/117379","targetHints":{"allow":["GET"]}}],"collection":[{"href":"https:\/\/peach-pump.com\/pl\/wp-json\/wp\/v2\/product"}],"about":[{"href":"https:\/\/peach-pump.com\/pl\/wp-json\/wp\/v2\/types\/product"}],"replies":[{"embeddable":true,"href":"https:\/\/peach-pump.com\/pl\/wp-json\/wp\/v2\/comments?post=117379"}],"version-history":[{"count":0,"href":"https:\/\/peach-pump.com\/pl\/wp-json\/wp\/v2\/product\/117379\/revisions"}],"wp:featuredmedia":[{"embeddable":true,"href":"https:\/\/peach-pump.com\/pl\/wp-json\/wp\/v2\/media\/117010"}],"wp:attachment":[{"href":"https:\/\/peach-pump.com\/pl\/wp-json\/wp\/v2\/media?parent=117379"}],"wp:term":[{"taxonomy":"product_brand","embeddable":true,"href":"https:\/\/peach-pump.com\/pl\/wp-json\/wp\/v2\/product_brand?post=117379"},{"taxonomy":"product_cat","embeddable":true,"href":"https:\/\/peach-pump.com\/pl\/wp-json\/wp\/v2\/product_cat?post=117379"},{"taxonomy":"product_tag","embeddable":true,"href":"https:\/\/peach-pump.com\/pl\/wp-json\/wp\/v2\/product_tag?post=117379"}],"curies":[{"name":"wp","href":"https:\/\/api.w.org\/{rel}","templated":true}]}}