{"id":115347,"date":"2025-05-09T13:50:03","date_gmt":"2025-05-09T11:50:03","guid":{"rendered":"https:\/\/peach-pump.com\/products\/bialy-komplet-krotkie-legginsy-z-kieszeniami-i-biustonoszem\/"},"modified":"2026-01-18T13:19:44","modified_gmt":"2026-01-18T11:19:44","slug":"bialy-komplet-krotkie-legginsy-z-kieszeniami-i-biustonoszem","status":"publish","type":"product","link":"https:\/\/peach-pump.com\/pl\/products\/bialy-komplet-krotkie-legginsy-z-kieszeniami-i-biustonoszem\/","title":{"rendered":"Bia\u0142y komplet kr\u00f3tkie legginsy z kieszeniami i biustonoszem"},"content":{"rendered":"<p>Bia\u0142y komplet, kr\u00f3tkie legginsy z kieszeniami i biustonosz z wk\u0142adkami. Legginsy s\u0105 wykonane z mi\u0119kkiego w dotyku materia\u0142u, posiadaj\u0105 elastyczny szew z ty\u0142u typu &#8220;invisible scrunch&#8221;, kt\u00f3ry doskonale modeluje sylwetk\u0119, maj\u0105 dwie boczne kieszenie, odpowiednie na telefon lub kart\u0119 fitness i zapewniaj\u0105 wygod\u0119 podczas \u0107wicze\u0144. Szeroki pas delikatnie podkre\u015bla tali\u0119 i modeluje sylwetk\u0119. Biustonosz ma regulowane rami\u0105czka, wk\u0142adki, kt\u00f3r\u0105 mo\u017cna zdj\u0105\u0107 w razie potrzeby. Sportowy zestaw mo\u017cna po\u0142\u0105czy\u0107 z dodatkami &#8211; czapk\u0105, skarpetkami lub kurtk\u0105 marki, aby uzyska\u0107 idealne wyko\u0144czenie stylizacji Peach Pump.    <\/p>\n<p>Dla biustonosza:<\/p>\n<ul>\n<li> Wyjmowane wk\u0142adki<\/li>\n<li> Efekt Push-Up<\/li>\n<li> Regulowane rami\u0105czka<\/li>\n<li> Du\u017ca elastyczno\u015b\u0107<\/li>\n<li> Termicznie naklejone logo Peach Pump z boku biustonosza<\/li>\n<li> Tkanina odprowadzaj\u0105ca wilgo\u0107 z cia\u0142a<\/li>\n<\/ul>\n<p>Do Leggins\u00f3w:<\/p>\n<ul>\n<li>Wysoki stan<\/li>\n<li>Dwie kieszenie boczne<\/li>\n<li>Tkanina bez szw\u00f3w<\/li>\n<li>Podnosi, modeluje i napina<\/li>\n<li>Ukrywa problematyczne obszary<\/li>\n<li>Efekt brzoskwini typu \u201cinvisible scrunch\u201d<\/li>\n<li>Termicznie naklejone logo Peach Pump z ty\u0142u leggins\u00f3w<\/li>\n<li>Termicznie naklejone logo Peach Pump z przodu kieszeni leggins\u00f3w<\/li>\n<li>Bezszwowy materia\u0142, kt\u00f3ry nie zatrzymuje wilgoci w ciele<\/li>\n<\/ul>\n<p>Sk\u0142ad: 92% Nylon; 8% Elastan<\/p>\n<p>Zestaw mo\u017cna pra\u0107 w temperaturze do 30 stopni, nie nale\u017cy u\u017cywa\u0107 wybielaczy ani czy\u015bci\u0107 chemicznie.<\/p>\n<p>Modelka na zdj\u0119ciu ma 168 cm wzrostu, wa\u017cy 51 kg i pozuje w legginsach w rozmiarze S oraz biustonosz w rozmiarze S.<\/p>\n<p>Aby wybra\u0107 dok\u0142adny rozmiar, skorzystaj z tabel rozmiarowych.<\/p>\n","protected":false},"excerpt":{"rendered":"<p>Bia\u0142y komplet, kr\u00f3tkie legginsy z kieszeniami i biustonosz z wk\u0142adkami. Legginsy s\u0105 wykonane z mi\u0119kkiego w dotyku materia\u0142u, posiadaj\u0105 elastyczny szew z ty\u0142u typu &#8220;invisible scrunch&#8221;, kt\u00f3ry doskonale modeluje sylwetk\u0119, maj\u0105 dwie boczne kieszenie, odpowiednie na telefon lub kart\u0119 fitness i zapewniaj\u0105 wygod\u0119 podczas \u0107wicze\u0144. Szeroki pas delikatnie podkre\u015bla tali\u0119 i modeluje sylwetk\u0119. Biustonosz ma [&hellip;]<\/p>\n","protected":false},"featured_media":114594,"comment_status":"open","ping_status":"closed","template":"","meta":[],"product_brand":[],"product_cat":[362,363],"product_tag":[],"class_list":{"0":"post-115347","1":"product","2":"type-product","3":"status-publish","4":"has-post-thumbnail","6":"product_cat-komplety-sportowe-damskie","7":"product_cat-krotkie-komplet-legginsy","8":"inventories-world","10":"first","11":"instock","12":"virtual","13":"taxable","14":"purchasable","15":"product-type-yith_bundle"},"_links":{"self":[{"href":"https:\/\/peach-pump.com\/pl\/wp-json\/wp\/v2\/product\/115347","targetHints":{"allow":["GET"]}}],"collection":[{"href":"https:\/\/peach-pump.com\/pl\/wp-json\/wp\/v2\/product"}],"about":[{"href":"https:\/\/peach-pump.com\/pl\/wp-json\/wp\/v2\/types\/product"}],"replies":[{"embeddable":true,"href":"https:\/\/peach-pump.com\/pl\/wp-json\/wp\/v2\/comments?post=115347"}],"version-history":[{"count":0,"href":"https:\/\/peach-pump.com\/pl\/wp-json\/wp\/v2\/product\/115347\/revisions"}],"wp:featuredmedia":[{"embeddable":true,"href":"https:\/\/peach-pump.com\/pl\/wp-json\/wp\/v2\/media\/114594"}],"wp:attachment":[{"href":"https:\/\/peach-pump.com\/pl\/wp-json\/wp\/v2\/media?parent=115347"}],"wp:term":[{"taxonomy":"product_brand","embeddable":true,"href":"https:\/\/peach-pump.com\/pl\/wp-json\/wp\/v2\/product_brand?post=115347"},{"taxonomy":"product_cat","embeddable":true,"href":"https:\/\/peach-pump.com\/pl\/wp-json\/wp\/v2\/product_cat?post=115347"},{"taxonomy":"product_tag","embeddable":true,"href":"https:\/\/peach-pump.com\/pl\/wp-json\/wp\/v2\/product_tag?post=115347"}],"curies":[{"name":"wp","href":"https:\/\/api.w.org\/{rel}","templated":true}]}}