{"id":113899,"date":"2025-04-21T12:02:37","date_gmt":"2025-04-21T10:02:37","guid":{"rendered":"https:\/\/peach-pump.com\/products\/czarne-szorty-z-legginsami-i-kieszeniami\/"},"modified":"2026-04-03T12:32:34","modified_gmt":"2026-04-03T10:32:34","slug":"czarne-szorty-z-legginsami-i-kieszeniami","status":"publish","type":"product","link":"https:\/\/peach-pump.com\/pl\/products\/czarne-szorty-z-legginsami-i-kieszeniami\/","title":{"rendered":"Czarne szorty z legginsami i kieszeniami"},"content":{"rendered":"<p>Damskie czarne szorty z legginsami i bocznymi kieszeniami. Model wykonany z mi\u0119kkiej tkaniny, lu\u017any kr\u00f3j z szerokim pasem i wewn\u0119trznymi legginsami, dzi\u0119ki kt\u00f3rym poczujesz komfort i pe\u0142n\u0105 swobod\u0119 ruch\u00f3w. Szorty s\u0105 idealne na gor\u0105ce letnie dni, bieganie, si\u0142owni\u0119 lub spacer po parku. \u015arednia talia, nowe na p\u0119pku, boczne rozci\u0119cia daj\u0105ce seksowny wygl\u0105d. Dost\u0119pne w kilku kolorach, modnych w tym sezonie.    <\/p>\n<ul>\n<li>Mi\u0119kki w dotyku materia\u0142<\/li>\n<li>Szeroka gumka<\/li>\n<li>Wewn\u0119trzne legginsy<\/li>\n<li>Dwie kieszenie boczne<\/li>\n<li>Zgrzewane logo &#8220;Peach Pump&#8221; na spodenkach<\/li>\n<li>Termicznie naklejony napis &#8220;Peach Pump&#8221; na wewn\u0119trznych legginsach<\/li>\n<\/ul>\n<p>Sk\u0142ad: 80% poliester 20% elastan<\/p>\n<p>Szorty mo\u017cna pra\u0107 w temperaturze do 30 stopni, nie nale\u017cy u\u017cywa\u0107 wybielaczy ani czy\u015bci\u0107 chemicznie.<\/p>\n<p>Modelka na zdj\u0119ciu ma 169 cm wzrostu, wa\u017cy 50 kg i pozuje w rozmiarze S.<\/p>\n<p>Aby wybra\u0107 dok\u0142adny rozmiar, skorzystaj z tabel rozmiarowych.<\/p>\n","protected":false},"excerpt":{"rendered":"<p>Damskie czarne szorty z legginsami i bocznymi kieszeniami. Model wykonany z mi\u0119kkiej tkaniny, lu\u017any kr\u00f3j z szerokim pasem i wewn\u0119trznymi legginsami, dzi\u0119ki kt\u00f3rym poczujesz komfort i pe\u0142n\u0105 swobod\u0119 ruch\u00f3w. Szorty s\u0105 idealne na gor\u0105ce letnie dni, bieganie, si\u0142owni\u0119 lub spacer po parku. \u015arednia talia, nowe na p\u0119pku, boczne rozci\u0119cia daj\u0105ce seksowny wygl\u0105d. Dost\u0119pne w kilku [&hellip;]<\/p>\n","protected":false},"featured_media":112779,"comment_status":"open","ping_status":"closed","template":"","meta":[],"product_brand":[],"product_cat":[201,144],"product_tag":[],"class_list":{"0":"post-113899","1":"product","2":"type-product","3":"status-publish","4":"has-post-thumbnail","6":"product_cat-krotkie-legginsy","7":"product_cat-legginsy-sportowe-damskie","8":"pa_cviat-czarny","9":"pa_razmer-l-pl","10":"pa_razmer-m-pl-2","11":"pa_razmer-s-pl-2","12":"inventories-world","14":"first","15":"instock","16":"taxable","17":"shipping-taxable","18":"purchasable","19":"product-type-variable"},"_links":{"self":[{"href":"https:\/\/peach-pump.com\/pl\/wp-json\/wp\/v2\/product\/113899","targetHints":{"allow":["GET"]}}],"collection":[{"href":"https:\/\/peach-pump.com\/pl\/wp-json\/wp\/v2\/product"}],"about":[{"href":"https:\/\/peach-pump.com\/pl\/wp-json\/wp\/v2\/types\/product"}],"replies":[{"embeddable":true,"href":"https:\/\/peach-pump.com\/pl\/wp-json\/wp\/v2\/comments?post=113899"}],"version-history":[{"count":0,"href":"https:\/\/peach-pump.com\/pl\/wp-json\/wp\/v2\/product\/113899\/revisions"}],"wp:featuredmedia":[{"embeddable":true,"href":"https:\/\/peach-pump.com\/pl\/wp-json\/wp\/v2\/media\/112779"}],"wp:attachment":[{"href":"https:\/\/peach-pump.com\/pl\/wp-json\/wp\/v2\/media?parent=113899"}],"wp:term":[{"taxonomy":"product_brand","embeddable":true,"href":"https:\/\/peach-pump.com\/pl\/wp-json\/wp\/v2\/product_brand?post=113899"},{"taxonomy":"product_cat","embeddable":true,"href":"https:\/\/peach-pump.com\/pl\/wp-json\/wp\/v2\/product_cat?post=113899"},{"taxonomy":"product_tag","embeddable":true,"href":"https:\/\/peach-pump.com\/pl\/wp-json\/wp\/v2\/product_tag?post=113899"}],"curies":[{"name":"wp","href":"https:\/\/api.w.org\/{rel}","templated":true}]}}