{"id":100139,"date":"2024-12-02T22:29:23","date_gmt":"2024-12-02T20:29:23","guid":{"rendered":"https:\/\/peach-pump.com\/?post_type=product&#038;p=100139"},"modified":"2026-01-23T15:57:48","modified_gmt":"2026-01-23T13:57:48","slug":"krotkie-legginsy-i-biustonosz-zestaw-niebieski","status":"publish","type":"product","link":"https:\/\/peach-pump.com\/pl\/products\/krotkie-legginsy-i-biustonosz-zestaw-niebieski\/","title":{"rendered":"Jasnoniebieskie kr\u00f3tkie legginsy i zestaw biustonosz"},"content":{"rendered":"<p>Sportowy jasnoniebieski zestaw, kr\u00f3tkie legginsy i biustonosz, wykonany z elastycznego i mi\u0119kkiego w dotyku materia\u0142u. Sk\u0142ada si\u0119 z kr\u00f3tkich spodenek typu &#8221;biker shorts&#8221; wykonanych z bezszwowego, elastycznego i mi\u0119kkiego w dotyku materia\u0142u. Model ten doskonale kszta\u0142tuje sylwetk\u0119, posiada szeroki, pr\u0105\u017ckowany pas z grawerowanym napisem &#8220;Peach Pump&#8221;, kt\u00f3ry delikatnie \u015bci\u0105ga tali\u0119. Materia\u0142 leggins\u00f3w ukrywa problematyczne obszary, odprowadza wilgo\u0107 z cia\u0142a i ma elementy, kt\u00f3re modeluj\u0105 po\u015bladki w kszta\u0142cie brzoskwini, zapewniaj\u0105c pi\u0119kn\u0105 i zgrabn\u0105 sylwetk\u0119. Biustonosz ma regulowane rami\u0105czka, wyjmowane wk\u0142adki, mo\u017cna go nosi\u0107 pod ubraniem, jego konstrukcja jest niewidoczna, a Ty poczujesz komfort i swobod\u0119 ruch\u00f3w. Sportowy zestaw mo\u017cna po\u0142\u0105czy\u0107 z czapk\u0105 i kurtk\u0105 marki, aby uzyska\u0107 idealne wyko\u0144czenie stylizacji Peach Pump.<\/p>\n<p>Dla biustonosza:<\/p>\n<ul>\n<li> Wyjmowane wk\u0142adki<\/li>\n<li> Efekt Push-Up<\/li>\n<li> Regulowane rami\u0105czka<\/li>\n<li> Du\u017ca elastyczno\u015b\u0107<\/li>\n<li> Termicznie naklejone logo Peach Pump z boku biustonosza<\/li>\n<li> Tkanina odprowadzaj\u0105ca wilgo\u0107 z cia\u0142a<\/li>\n<\/ul>\n<p>Do Leggins\u00f3w:<\/p>\n<ul>\n<li>Wysoki stan<\/li>\n<li>Tkanina bez szw\u00f3w<\/li>\n<li>Podnosz\u0105, modeluj\u0105, ukrywaj\u0105 problematyczne obszary<\/li>\n<li>Pr\u0105\u017ckowany pas obejmuj\u0105cy talie<\/li>\n<li>Kszta\u0142tuj\u0105cy efekt Peach Pump<\/li>\n<li>Termicznie naklejony napis &#8220;Peach Pump&#8221; z przodu<\/li>\n<li>Bez szwu z przodu<\/li>\n<li>Termicznie naklejone logo Peach Pump z ty\u0142u leggins\u00f3w<\/li>\n<li>Tkany napis &#8220;Peach Pump&#8221; na pasku<\/li>\n<li>Tkanina odprowadzaj\u0105ca wilgo\u0107 z cia\u0142a<\/li>\n<\/ul>\n<p>Sk\u0142ad: 80% poliester 20% elastan<\/p>\n<p>Zestaw mo\u017cna pra\u0107 w temperaturze do 30 stopni, nie nale\u017cy u\u017cywa\u0107 wybielaczy ani czy\u015bci\u0107 chemicznie.<\/p>\n<p>Modelka na zdj\u0119ciu ma 168 cm wzrostu, wa\u017cy 51 kg i pozuje w legginsach w rozmiarze S oraz biustonosz w rozmiarze S.<\/p>\n<p>Aby wybra\u0107 dok\u0142adny rozmiar, skorzystaj z tabel rozmiarowych.<\/p>\n","protected":false},"excerpt":{"rendered":"<p>Sportowy jasnoniebieski zestaw, kr\u00f3tkie legginsy i biustonosz, wykonany z elastycznego i mi\u0119kkiego w dotyku materia\u0142u. Sk\u0142ada si\u0119 z kr\u00f3tkich spodenek typu &#8221;biker shorts&#8221; wykonanych z bezszwowego, elastycznego i mi\u0119kkiego w dotyku materia\u0142u. Model ten doskonale kszta\u0142tuje sylwetk\u0119, posiada szeroki, pr\u0105\u017ckowany pas z grawerowanym napisem &#8220;Peach Pump&#8221;, kt\u00f3ry delikatnie \u015bci\u0105ga tali\u0119. Materia\u0142 leggins\u00f3w ukrywa problematyczne obszary, [&hellip;]<\/p>\n","protected":false},"featured_media":98145,"comment_status":"open","ping_status":"closed","template":"","meta":[],"product_brand":[],"product_cat":[362,363],"product_tag":[],"class_list":{"0":"post-100139","1":"product","2":"type-product","3":"status-publish","4":"has-post-thumbnail","6":"product_cat-komplety-sportowe-damskie","7":"product_cat-krotkie-komplet-legginsy","9":"first","10":"outofstock","11":"taxable","12":"shipping-taxable","13":"purchasable","14":"product-type-yith_bundle"},"_links":{"self":[{"href":"https:\/\/peach-pump.com\/en\/wp-json\/wp\/v2\/product\/100139","targetHints":{"allow":["GET"]}}],"collection":[{"href":"https:\/\/peach-pump.com\/en\/wp-json\/wp\/v2\/product"}],"about":[{"href":"https:\/\/peach-pump.com\/en\/wp-json\/wp\/v2\/types\/product"}],"replies":[{"embeddable":true,"href":"https:\/\/peach-pump.com\/en\/wp-json\/wp\/v2\/comments?post=100139"}],"version-history":[{"count":1,"href":"https:\/\/peach-pump.com\/en\/wp-json\/wp\/v2\/product\/100139\/revisions"}],"predecessor-version":[{"id":105105,"href":"https:\/\/peach-pump.com\/en\/wp-json\/wp\/v2\/product\/100139\/revisions\/105105"}],"wp:featuredmedia":[{"embeddable":true,"href":"https:\/\/peach-pump.com\/en\/wp-json\/wp\/v2\/media\/98145"}],"wp:attachment":[{"href":"https:\/\/peach-pump.com\/en\/wp-json\/wp\/v2\/media?parent=100139"}],"wp:term":[{"taxonomy":"product_brand","embeddable":true,"href":"https:\/\/peach-pump.com\/en\/wp-json\/wp\/v2\/product_brand?post=100139"},{"taxonomy":"product_cat","embeddable":true,"href":"https:\/\/peach-pump.com\/en\/wp-json\/wp\/v2\/product_cat?post=100139"},{"taxonomy":"product_tag","embeddable":true,"href":"https:\/\/peach-pump.com\/en\/wp-json\/wp\/v2\/product_tag?post=100139"}],"curies":[{"name":"wp","href":"https:\/\/api.w.org\/{rel}","templated":true}]}}