{"id":98256,"date":"2024-11-17T21:23:58","date_gmt":"2024-11-17T19:23:58","guid":{"rendered":"https:\/\/peach-pump.com\/products\/fekete-sportzokni\/"},"modified":"2026-04-09T07:46:42","modified_gmt":"2026-04-09T05:46:42","slug":"fekete-sportzokni","status":"publish","type":"product","link":"https:\/\/peach-pump.com\/hu\/products\/fekete-sportzokni\/","title":{"rendered":"N\u0151i fekete Peach Pump sportzokni"},"content":{"rendered":"<p>N\u0151i fekete sportzokni besz\u0151tt Peach Pump log\u00f3val. Meger\u0151s\u00edtett talpr\u00e9sszel rendelkeznek, amely tart\u00f3ss\u00e1got, stabilit\u00e1st \u00e9s p\u00e1rn\u00e1zotts\u00e1got biztos\u00edt mozg\u00e1s k\u00f6zben. Az anyaguk nedvess\u00e9gelvezet\u0151, \u00edgy sz\u00e1razon tartja a l\u00e1b\u00e1t <\/p>\n<ul>\n<li>Puha anyag<\/li>\n<li>magas min\u0151s\u00e9g<\/li>\n<li>Rugalmass\u00e1g<\/li>\n<li>80% pamut<\/li>\n<li>Besz\u0151tt Peach Pump log\u00f3<\/li>\n<li>Meger\u0151s\u00edtett talpr\u00e9sz a tart\u00f3ss\u00e1g \u00e9rdek\u00e9ben<\/li>\n<li>Crew size &#8211; v\u00e1dliig \u00e9r\u0151 hossz<\/li>\n<\/ul>\n<p>\u00d6sszet\u00e9tel: 80% pamut, 17% poli\u00e9szter, 3% elaszt\u00e1n. 40 \u00b0C-on moshat\u00f3, vegytiszt\u00edt\u00e1s n\u00e9lk\u00fcl, alacsony h\u0151m\u00e9rs\u00e9kleten sz\u00e1r\u00edthat\u00f3. A zoknik nem cser\u00e9lhet\u0151k \u00e9s nem visszak\u00fcldhet\u0151k!<\/p>\n","protected":false},"excerpt":{"rendered":"<p>N\u0151i fekete sportzokni besz\u0151tt Peach Pump log\u00f3val. Meger\u0151s\u00edtett talpr\u00e9sszel rendelkeznek, amely tart\u00f3ss\u00e1got, stabilit\u00e1st \u00e9s p\u00e1rn\u00e1zotts\u00e1got biztos\u00edt mozg\u00e1s k\u00f6zben. Az anyaguk nedvess\u00e9gelvezet\u0151, \u00edgy sz\u00e1razon tartja a l\u00e1b\u00e1t Puha anyag magas min\u0151s\u00e9g Rugalmass\u00e1g 80% pamut Besz\u0151tt Peach Pump log\u00f3 Meger\u0151s\u00edtett talpr\u00e9sz a tart\u00f3ss\u00e1g \u00e9rdek\u00e9ben Crew size &#8211; v\u00e1dliig \u00e9r\u0151 hossz \u00d6sszet\u00e9tel: 80% pamut, 17% poli\u00e9szter, 3% elaszt\u00e1n. [&hellip;]<\/p>\n","protected":false},"featured_media":96481,"comment_status":"open","ping_status":"closed","template":"","meta":[],"product_brand":[],"product_cat":[926],"product_tag":[],"class_list":{"0":"post-98256","1":"product","2":"type-product","3":"status-publish","4":"has-post-thumbnail","6":"product_cat-noi-sport-kiegeszitok","7":"pa_cviat-fekete","8":"pa_razmer-one-size-hu","9":"inventories-world","10":"inventories-pl","11":"inventories-uk","13":"first","14":"instock","15":"taxable","16":"shipping-taxable","17":"purchasable","18":"product-type-variable"},"_links":{"self":[{"href":"https:\/\/peach-pump.com\/hu\/wp-json\/wp\/v2\/product\/98256","targetHints":{"allow":["GET"]}}],"collection":[{"href":"https:\/\/peach-pump.com\/hu\/wp-json\/wp\/v2\/product"}],"about":[{"href":"https:\/\/peach-pump.com\/hu\/wp-json\/wp\/v2\/types\/product"}],"replies":[{"embeddable":true,"href":"https:\/\/peach-pump.com\/hu\/wp-json\/wp\/v2\/comments?post=98256"}],"version-history":[{"count":0,"href":"https:\/\/peach-pump.com\/hu\/wp-json\/wp\/v2\/product\/98256\/revisions"}],"wp:featuredmedia":[{"embeddable":true,"href":"https:\/\/peach-pump.com\/hu\/wp-json\/wp\/v2\/media\/96481"}],"wp:attachment":[{"href":"https:\/\/peach-pump.com\/hu\/wp-json\/wp\/v2\/media?parent=98256"}],"wp:term":[{"taxonomy":"product_brand","embeddable":true,"href":"https:\/\/peach-pump.com\/hu\/wp-json\/wp\/v2\/product_brand?post=98256"},{"taxonomy":"product_cat","embeddable":true,"href":"https:\/\/peach-pump.com\/hu\/wp-json\/wp\/v2\/product_cat?post=98256"},{"taxonomy":"product_tag","embeddable":true,"href":"https:\/\/peach-pump.com\/hu\/wp-json\/wp\/v2\/product_tag?post=98256"}],"curies":[{"name":"wp","href":"https:\/\/api.w.org\/{rel}","templated":true}]}}