{"id":96065,"date":"2024-11-17T20:22:34","date_gmt":"2024-11-17T18:22:34","guid":{"rendered":"https:\/\/peach-pump.com\/products\/fekete-sportpolo-testhezallo\/"},"modified":"2026-04-06T00:25:19","modified_gmt":"2026-04-05T22:25:19","slug":"fekete-sportpolo-testhezallo","status":"publish","type":"product","link":"https:\/\/peach-pump.com\/hu\/products\/fekete-sportpolo-testhezallo\/","title":{"rendered":"Fekete testhez\u00e1ll\u00f3 sportp\u00f3l\u00f3"},"content":{"rendered":"<p>Testhez\u00e1ll\u00f3, r\u00f6vid ujj\u00fa fekete sportp\u00f3l\u00f3, rendk\u00edv\u00fcl puha tapint\u00e1s\u00fa anyagb\u00f3l. T\u00f6k\u00e9letesen illeszkedik, \u00e9s a szab\u00e1sa n\u00e9lk\u00fcl\u00f6zhetetlenn\u00e9 teszi mind sportos, mind mindennapi viselethez. Alkalmas fitneszhez, fut\u00e1shoz, aerobikhoz vagy egy parkb\u00e9li s\u00e9t\u00e1hoz, \u00e9s nem tartja vissza a test nedvess\u00e9g\u00e9t. A p\u00f3l\u00f3 v\u00e1ll\u00e1n minim\u00e1lis, finoman elhelyezett h\u0151pr\u00e9ssel r\u00f6gz\u00edtett Peach Pump log\u00f3 tal\u00e1lhat\u00f3. Az anyag puhas\u00e1ga \u00e9s a testhez\u00e1ll\u00f3 szab\u00e1s garant\u00e1ltan elnyeri tetsz\u00e9s\u00e9t. T\u00f6k\u00e9letesen kombin\u00e1lhat\u00f3 minden leggings modell\u00fcnkkel.     <\/p>\n<ul>\n<li>Puha, gyeng\u00e9d anyag<\/li>\n<li>Nagy rugalmass\u00e1g<\/li>\n<li>T\u00f6k\u00e9letesen illeszkedik a testhez<\/li>\n<li>H\u0151pr\u00e9ssel r\u00f6gz\u00edtett &#8216;Peach Pump&#8217; log\u00f3 a v\u00e1llon<\/li>\n<li>Nedvess\u00e9gelvezet\u0151 anyag<\/li>\n<\/ul>\n<p>\u00d6sszet\u00e9tel: elaszt\u00e1n \u00e9s poli\u00e9szter. A p\u00f3l\u00f3 legfeljebb 30 fokon moshat\u00f3, k\u00e9rj\u00fck, ne haszn\u00e1ljon feh\u00e9r\u00edt\u0151t, sz\u00e1r\u00edt\u00f3g\u00e9pet vagy vegytiszt\u00edt\u00e1st. A k\u00e9pen l\u00e1that\u00f3 modell 170 cm magas, 54 kg s\u00faly\u00fa, \u00e9s S-es m\u00e9retet visel.<\/p>\n<p>K\u00e9rj\u00fck, haszn\u00e1lja a m\u00e9rett\u00e1bl\u00e1zatokat a megfelel\u0151 m\u00e9ret kiv\u00e1laszt\u00e1s\u00e1hoz.<\/p>\n","protected":false},"excerpt":{"rendered":"<p>Testhez\u00e1ll\u00f3, r\u00f6vid ujj\u00fa fekete sportp\u00f3l\u00f3, rendk\u00edv\u00fcl puha tapint\u00e1s\u00fa anyagb\u00f3l. T\u00f6k\u00e9letesen illeszkedik, \u00e9s a szab\u00e1sa n\u00e9lk\u00fcl\u00f6zhetetlenn\u00e9 teszi mind sportos, mind mindennapi viselethez. Alkalmas fitneszhez, fut\u00e1shoz, aerobikhoz vagy egy parkb\u00e9li s\u00e9t\u00e1hoz, \u00e9s nem tartja vissza a test nedvess\u00e9g\u00e9t. A p\u00f3l\u00f3 v\u00e1ll\u00e1n minim\u00e1lis, finoman elhelyezett h\u0151pr\u00e9ssel r\u00f6gz\u00edtett Peach Pump log\u00f3 tal\u00e1lhat\u00f3. Az anyag puhas\u00e1ga \u00e9s a testhez\u00e1ll\u00f3 szab\u00e1s [&hellip;]<\/p>\n","protected":false},"featured_media":95125,"comment_status":"open","ping_status":"closed","template":"","meta":[],"product_brand":[],"product_cat":[355],"product_tag":[],"class_list":{"0":"post-96065","1":"product","2":"type-product","3":"status-publish","4":"has-post-thumbnail","6":"product_cat-noi-polo-fitneszhez","7":"pa_cviat-fekete","8":"pa_razmer-l-hu-2","9":"pa_razmer-m-hu","10":"pa_razmer-s-hu-2","11":"inventories-world","12":"inventories-pl","13":"inventories-uk","15":"first","16":"instock","17":"taxable","18":"shipping-taxable","19":"purchasable","20":"product-type-variable"},"_links":{"self":[{"href":"https:\/\/peach-pump.com\/en\/wp-json\/wp\/v2\/product\/96065","targetHints":{"allow":["GET"]}}],"collection":[{"href":"https:\/\/peach-pump.com\/en\/wp-json\/wp\/v2\/product"}],"about":[{"href":"https:\/\/peach-pump.com\/en\/wp-json\/wp\/v2\/types\/product"}],"replies":[{"embeddable":true,"href":"https:\/\/peach-pump.com\/en\/wp-json\/wp\/v2\/comments?post=96065"}],"version-history":[{"count":1,"href":"https:\/\/peach-pump.com\/en\/wp-json\/wp\/v2\/product\/96065\/revisions"}],"predecessor-version":[{"id":117284,"href":"https:\/\/peach-pump.com\/en\/wp-json\/wp\/v2\/product\/96065\/revisions\/117284"}],"wp:featuredmedia":[{"embeddable":true,"href":"https:\/\/peach-pump.com\/en\/wp-json\/wp\/v2\/media\/95125"}],"wp:attachment":[{"href":"https:\/\/peach-pump.com\/en\/wp-json\/wp\/v2\/media?parent=96065"}],"wp:term":[{"taxonomy":"product_brand","embeddable":true,"href":"https:\/\/peach-pump.com\/en\/wp-json\/wp\/v2\/product_brand?post=96065"},{"taxonomy":"product_cat","embeddable":true,"href":"https:\/\/peach-pump.com\/en\/wp-json\/wp\/v2\/product_cat?post=96065"},{"taxonomy":"product_tag","embeddable":true,"href":"https:\/\/peach-pump.com\/en\/wp-json\/wp\/v2\/product_tag?post=96065"}],"curies":[{"name":"wp","href":"https:\/\/api.w.org\/{rel}","templated":true}]}}