{"id":93307,"date":"2024-11-02T22:43:01","date_gmt":"2024-11-02T20:43:01","guid":{"rendered":"https:\/\/peach-pump.com\/products\/kekesszurke-leggings-alacsony-derekresz\/"},"modified":"2026-04-17T15:24:54","modified_gmt":"2026-04-17T13:24:54","slug":"kekesszurke-leggings-alacsony-derekresz","status":"publish","type":"product","link":"https:\/\/peach-pump.com\/hu\/products\/kekesszurke-leggings-alacsony-derekresz\/","title":{"rendered":"Varr\u00e1smentes k\u00e9kessz\u00fcrke, alacsony derek\u00fa leggings"},"content":{"rendered":"<p>Varr\u00e1s n\u00e9lk\u00fcli k\u00e9kessz\u00fcrke leggings, s\u0171r\u0171n sz\u0151tt, varr\u00e1s n\u00e9lk\u00fcli, rugalmas \u00e9s puha anyagb\u00f3l k\u00e9sz\u00fclt. Ez a modell t\u00f6k\u00e9letesen form\u00e1lja a testet, \u00e9s alacsonyabb der\u00e9k vonallal rendelkezik. Az anyag eltakarja a probl\u00e9m\u00e1s ter\u00fcleteket, elvezeti a nedvess\u00e9get a testt\u0151l \u00e9s barack alak\u00fav\u00e1 form\u00e1lja a feneket a szebb \u00e9s eleg\u00e1nsabb sziluett\u00e9rt.   Ezzel a modellel k\u00e9nyelmesen \u00e9s magabiztosan \u00e9rezheti mag\u00e1t. A modell \u00f6ssze\u00e1ll\u00edthat\u00f3 ugyanabb\u00f3l a mint\u00e1b\u00f3l k\u00e9sz\u00fclt sportmelltart\u00f3val, vagy saj\u00e1t sportos megjelen\u00e9st alkothat, ami kit\u0171nik \u00e9s k\u00fcl\u00f6nb\u00f6zik gazdag gy\u0171jtem\u00e9ny\u00fcnknek k\u00f6sz\u00f6nhet\u0151en, amely dzsekiket, sportmelltart\u00f3kat \u00e9s kieg\u00e9sz\u00edt\u0151ket tartalmaz.<\/p>\n<ul>\n<li>Alacsony der\u00e9kr\u00e9sz<\/li>\n<li>Varr\u00e1smentes anyag<\/li>\n<li>Kiemeli, form\u00e1lja, elrejti a probl\u00e9m\u00e1s r\u00e9szeket<\/li>\n<li>Der\u00e9kra simul\u00f3 bord\u00e1s k\u00f6t\u00e9s\u0171 der\u00e9ksz\u00edj<\/li>\n<li>Peachy hat\u00e1s<\/li>\n<li>Varr\u00e1s n\u00e9lk\u00fcli el\u00fcls\u0151 r\u00e9sz<\/li>\n<li>H\u0151pr\u00e9ssel r\u00f6gz\u00edtett Peach Pump log\u00f3 a leggings h\u00e1toldal\u00e1n<\/li>\n<li>Peach Pump log\u00f3 a combr\u00e9szen<\/li>\n<li>Kiemelked\u0151 izzads\u00e1gelvezet\u0151 tulajdons\u00e1gokkal rendelkez\u0151 anyag<\/li>\n<\/ul>\n<p>Anyag\u00f6sszet\u00e9tel: 80% poli\u00e9szter, 20% elaszt\u00e1n<\/p>\n<p>A leggings k\u00edm\u00e9l\u0151 mos\u00e1ssal, legfeljebb 30 fokon moshat\u00f3. K\u00e9rj\u00fck, a tiszt\u00edt\u00e1s sor\u00e1n ne haszn\u00e1ljon feh\u00e9r\u00edt\u0151t vagy vegyi tiszt\u00edt\u00f3szereket.<\/p>\n<p>A k\u00e9pen l\u00e1that\u00f3 modell 162 cm magas, 51 kg s\u00faly\u00fa, \u00e9s S-es m\u00e9retet visel.<\/p>\n<p>K\u00e9rj\u00fck, haszn\u00e1lja a m\u00e9rett\u00e1bl\u00e1zatokat a pontos m\u00e9ret kiv\u00e1laszt\u00e1s\u00e1hoz.<\/p>\n","protected":false},"excerpt":{"rendered":"<p>Varr\u00e1s n\u00e9lk\u00fcli k\u00e9kessz\u00fcrke leggings, s\u0171r\u0171n sz\u0151tt, varr\u00e1s n\u00e9lk\u00fcli, rugalmas \u00e9s puha anyagb\u00f3l k\u00e9sz\u00fclt. Ez a modell t\u00f6k\u00e9letesen form\u00e1lja a testet, \u00e9s alacsonyabb der\u00e9k vonallal rendelkezik. Az anyag eltakarja a probl\u00e9m\u00e1s ter\u00fcleteket, elvezeti a nedvess\u00e9get a testt\u0151l \u00e9s barack alak\u00fav\u00e1 form\u00e1lja a feneket a szebb \u00e9s eleg\u00e1nsabb sziluett\u00e9rt. Ezzel a modellel k\u00e9nyelmesen \u00e9s magabiztosan \u00e9rezheti mag\u00e1t. [&hellip;]<\/p>\n","protected":false},"featured_media":92435,"comment_status":"open","ping_status":"closed","template":"","meta":[],"product_brand":[],"product_cat":[142,304],"product_tag":[963,962],"class_list":{"0":"post-93307","1":"product","2":"type-product","3":"status-publish","4":"has-post-thumbnail","6":"product_cat-noi-sport-leggings-fitnesz","7":"product_cat-noi-leggings-hosszu","8":"product_tag-alacsony-derekresz","9":"product_tag-kekesszurke-leggings","10":"pa_cviat-kek","11":"pa_razmer-l-hu-2","12":"pa_razmer-m-hu","13":"pa_razmer-s-hu-2","14":"pa_razmer-xl-hu","15":"inventories-world","16":"inventories-pl","17":"inventories-uk","19":"first","20":"instock","21":"taxable","22":"shipping-taxable","23":"purchasable","24":"product-type-variable"},"_links":{"self":[{"href":"https:\/\/peach-pump.com\/en\/wp-json\/wp\/v2\/product\/93307","targetHints":{"allow":["GET"]}}],"collection":[{"href":"https:\/\/peach-pump.com\/en\/wp-json\/wp\/v2\/product"}],"about":[{"href":"https:\/\/peach-pump.com\/en\/wp-json\/wp\/v2\/types\/product"}],"replies":[{"embeddable":true,"href":"https:\/\/peach-pump.com\/en\/wp-json\/wp\/v2\/comments?post=93307"}],"version-history":[{"count":1,"href":"https:\/\/peach-pump.com\/en\/wp-json\/wp\/v2\/product\/93307\/revisions"}],"predecessor-version":[{"id":108779,"href":"https:\/\/peach-pump.com\/en\/wp-json\/wp\/v2\/product\/93307\/revisions\/108779"}],"wp:featuredmedia":[{"embeddable":true,"href":"https:\/\/peach-pump.com\/en\/wp-json\/wp\/v2\/media\/92435"}],"wp:attachment":[{"href":"https:\/\/peach-pump.com\/en\/wp-json\/wp\/v2\/media?parent=93307"}],"wp:term":[{"taxonomy":"product_brand","embeddable":true,"href":"https:\/\/peach-pump.com\/en\/wp-json\/wp\/v2\/product_brand?post=93307"},{"taxonomy":"product_cat","embeddable":true,"href":"https:\/\/peach-pump.com\/en\/wp-json\/wp\/v2\/product_cat?post=93307"},{"taxonomy":"product_tag","embeddable":true,"href":"https:\/\/peach-pump.com\/en\/wp-json\/wp\/v2\/product_tag?post=93307"}],"curies":[{"name":"wp","href":"https:\/\/api.w.org\/{rel}","templated":true}]}}