{"id":93230,"date":"2024-11-02T23:08:48","date_gmt":"2024-11-02T21:08:48","guid":{"rendered":"https:\/\/peach-pump.com\/products\/varras-nelkuli-barna-sportmelltarto-v-nyakkivagas\/"},"modified":"2026-04-04T10:09:00","modified_gmt":"2026-04-04T08:09:00","slug":"varras-nelkuli-barna-sportmelltarto-v-nyakkivagas","status":"publish","type":"product","link":"https:\/\/peach-pump.com\/hu\/products\/varras-nelkuli-barna-sportmelltarto-v-nyakkivagas\/","title":{"rendered":"Varr\u00e1s n\u00e9lk\u00fcli barna sportmelltart\u00f3 m\u00e9ly V-nyakkiv\u00e1g\u00e1ssal"},"content":{"rendered":"<p>Varr\u00e1s n\u00e9lk\u00fcli barna sportmelltart\u00f3 m\u00e9ly V-nyakkiv\u00e1g\u00e1ssal, kivehet\u0151 p\u00e1rn\u00e1kkal \u00e9s \u00e1ll\u00edthat\u00f3 p\u00e1ntokkal. A modell puha, nagyon rugalmas \u00e9s l\u00e9g\u00e1tereszt\u0151 anyagb\u00f3l k\u00e9sz\u00fclt, amely elvezeti a nedvess\u00e9get a testt\u0151l. A sportmelltart\u00f3 ruh\u00e1k alatt is viselhet\u0151, mivel a diz\u00e1jnja \u00e9szrev\u00e9tlen, \u00edgy \u00d6n k\u00e9nyelmesen fogja \u00e9rezni mag\u00e1t, \u00e9s szabadon mozoghat. T\u00f6bbf\u00e9le sz\u00ednben kaphat\u00f3, \u00edgy ugyanolyan sz\u00edn\u0171 vagy m\u00e1s sz\u00edn\u0171 leggingsszel is p\u00e1ros\u00edthat\u00f3. N\u00e9zze meg a &#8220;Sport szettek&#8221; men\u00fcpont alatt.<\/p>\n<ul>\n<li> Kivehet\u0151 p\u00e1rn\u00e1k<\/li>\n<li> Push-Up hat\u00e1s<\/li>\n<li> \u00c1ll\u00edthat\u00f3 p\u00e1ntok<\/li>\n<li> Nagy rugalmass\u00e1g<\/li>\n<li> H\u0151pr\u00e9ssel r\u00f6gz\u00edtett Peach Pump log\u00f3 a sportmellt\u00e1rt\u00f3 oldals\u00f3 r\u00e9szen<\/li>\n<li> Technol\u00f3gia a nedvess\u00e9g elt\u00e1vol\u00edt\u00e1s\u00e1ra a testt\u0151l<\/li>\n<\/ul>\n<p>Anyag\u00f6sszet\u00e9tel: 80% poli\u00e9szter, 20% elaszt\u00e1n<\/p>\n<p>A sportmellt\u00e1rt\u00f3 k\u00edm\u00e9l\u0151 mos\u00e1ssal, legfeljebb 30 fokon moshat\u00f3. K\u00e9rj\u00fck, a tiszt\u00edt\u00e1s sor\u00e1n ne haszn\u00e1ljon feh\u00e9r\u00edt\u0151t vagy vegyi tiszt\u00edt\u00f3szereket.<\/p>\n<p>A k\u00e9pen l\u00e1that\u00f3 modell 165 cm magas, 51 kg s\u00faly\u00fa \u00e9s S m\u00e9ret\u0171 sportmellt\u00e1rt\u00f3t visel.<\/p>\n<p>A pontos m\u00e9ret kiv\u00e1laszt\u00e1s\u00e1hoz, k\u00e9rj\u00fck haszn\u00e1lja a m\u00e9rett\u00e1bl\u00e1zatokat.<\/p>\n","protected":false},"excerpt":{"rendered":"<p>Varr\u00e1s n\u00e9lk\u00fcli barna sportmelltart\u00f3 m\u00e9ly V-nyakkiv\u00e1g\u00e1ssal, kivehet\u0151 p\u00e1rn\u00e1kkal \u00e9s \u00e1ll\u00edthat\u00f3 p\u00e1ntokkal. A modell puha, nagyon rugalmas \u00e9s l\u00e9g\u00e1tereszt\u0151 anyagb\u00f3l k\u00e9sz\u00fclt, amely elvezeti a nedvess\u00e9get a testt\u0151l. A sportmelltart\u00f3 ruh\u00e1k alatt is viselhet\u0151, mivel a diz\u00e1jnja \u00e9szrev\u00e9tlen, \u00edgy \u00d6n k\u00e9nyelmesen fogja \u00e9rezni mag\u00e1t, \u00e9s szabadon mozoghat. T\u00f6bbf\u00e9le sz\u00ednben kaphat\u00f3, \u00edgy ugyanolyan sz\u00edn\u0171 vagy m\u00e1s sz\u00edn\u0171 leggingsszel [&hellip;]<\/p>\n","protected":false},"featured_media":92621,"comment_status":"open","ping_status":"closed","template":"","meta":[],"product_brand":[],"product_cat":[356],"product_tag":[],"class_list":{"0":"post-93230","1":"product","2":"type-product","3":"status-publish","4":"has-post-thumbnail","6":"product_cat-sportmelltartok-fitneszhez","7":"pa_cviat-barna","8":"pa_razmer-l-hu-2","9":"pa_razmer-m-hu","10":"pa_razmer-s-hu-2","11":"inventories-world","12":"inventories-uk","14":"first","15":"instock","16":"taxable","17":"shipping-taxable","18":"purchasable","19":"product-type-variable"},"_links":{"self":[{"href":"https:\/\/peach-pump.com\/en\/wp-json\/wp\/v2\/product\/93230","targetHints":{"allow":["GET"]}}],"collection":[{"href":"https:\/\/peach-pump.com\/en\/wp-json\/wp\/v2\/product"}],"about":[{"href":"https:\/\/peach-pump.com\/en\/wp-json\/wp\/v2\/types\/product"}],"replies":[{"embeddable":true,"href":"https:\/\/peach-pump.com\/en\/wp-json\/wp\/v2\/comments?post=93230"}],"version-history":[{"count":1,"href":"https:\/\/peach-pump.com\/en\/wp-json\/wp\/v2\/product\/93230\/revisions"}],"predecessor-version":[{"id":108742,"href":"https:\/\/peach-pump.com\/en\/wp-json\/wp\/v2\/product\/93230\/revisions\/108742"}],"wp:featuredmedia":[{"embeddable":true,"href":"https:\/\/peach-pump.com\/en\/wp-json\/wp\/v2\/media\/92621"}],"wp:attachment":[{"href":"https:\/\/peach-pump.com\/en\/wp-json\/wp\/v2\/media?parent=93230"}],"wp:term":[{"taxonomy":"product_brand","embeddable":true,"href":"https:\/\/peach-pump.com\/en\/wp-json\/wp\/v2\/product_brand?post=93230"},{"taxonomy":"product_cat","embeddable":true,"href":"https:\/\/peach-pump.com\/en\/wp-json\/wp\/v2\/product_cat?post=93230"},{"taxonomy":"product_tag","embeddable":true,"href":"https:\/\/peach-pump.com\/en\/wp-json\/wp\/v2\/product_tag?post=93230"}],"curies":[{"name":"wp","href":"https:\/\/api.w.org\/{rel}","templated":true}]}}