{"id":90847,"date":"2024-10-11T16:54:50","date_gmt":"2024-10-11T14:54:50","guid":{"rendered":"https:\/\/peach-pump.com\/products\/sport-overal-barna-varras-nelkuli\/"},"modified":"2026-04-15T05:46:31","modified_gmt":"2026-04-15T03:46:31","slug":"sport-overal-barna-varras-nelkuli","status":"publish","type":"product","link":"https:\/\/peach-pump.com\/hu\/products\/sport-overal-barna-varras-nelkuli\/","title":{"rendered":"Varr\u00e1s n\u00e9lk\u00fcli s\u00f6t\u00e9tbarna sport over\u00e1l"},"content":{"rendered":"<p>Barna sport over\u00e1l varr\u00e1smentes, rugalmas anyagb\u00f3l, amely t\u00f6k\u00e9letesen illeszkedik a testhez. A modell h\u00e1tr\u00e9sz\u00e9n \u00e1ll\u00edthat\u00f3 p\u00e1ntokkal \u00e9s h\u00e1tul magasabb der\u00e9kkal rendelkezik, ami k\u00e9nyelmet biztos\u00edt edz\u00e9s k\u00f6zben. Kiemel\u0151 hat\u00e1s\u00fa p\u00e1rn\u00e1kkal is rendelkezik, amely r\u00f6gz\u00edti a mellet, \u00edgy melltart\u00f3 n\u00e9lk\u00fcl is sz\u00e9pen \u00e1ll. A der\u00e9kr\u00e9sz bord\u00e1s k\u00f6t\u00e9s\u0171 anyagb\u00f3l k\u00e9sz\u00fclt, amely gy\u00f6ny\u00f6r\u0171en form\u00e1lja a n\u0151i \u00edveket. A leggings Peachy hat\u00e1s\u00fa \u00e9s t\u00f6k\u00e9letesen alakform\u00e1l\u00f3. K\u00e9t m\u00e1sik, a szezonhoz ill\u0151 sz\u00ednben is kaphat\u00f3.     <\/p>\n<ul>\n<li>Varr\u00e1smentes anyag<\/li>\n<li>\u00c1ll\u00edthat\u00f3 p\u00e1ntok<\/li>\n<li>Push-Up hat\u00e1s\u00fa p\u00e1rn\u00e1k<\/li>\n<li>Bord\u00e1s anyag\u00fa der\u00e9kr\u00e9sz, amely gy\u00f6ny\u00f6r\u0171en form\u00e1lja a n\u0151i \u00edveket<\/li>\n<li>Peachy hat\u00e1s<\/li>\n<li>H\u0151pr\u00e9ssel r\u00f6gz\u00edtett Peach Pump log\u00f3 az over\u00e1l oldals\u00f3 \u00e9s h\u00e1ts\u00f3 r\u00e9szen<\/li>\n<\/ul>\n<p>Anyag\u00f6sszet\u00e9tel: 80% poli\u00e9szter, 20% elaszt\u00e1n.<\/p>\n<p>A k\u00e9pen l\u00e1that\u00f3 modell 164 cm magas, 52 kg s\u00faly\u00fa \u00e9s S-es m\u00e9retben p\u00f3zol.<\/p>\n<p>Az overall legfeljebb 30 fokon moshat\u00f3, k\u00e9rj\u00fck, ne feh\u00e9r\u00edtse vagy tiszt\u00edtsa sz\u00e1razra.<\/p>\n<p>A pontos m\u00e9ret kiv\u00e1laszt\u00e1s\u00e1hoz, k\u00e9rj\u00fck haszn\u00e1lja a m\u00e9rett\u00e1bl\u00e1zatokat.<\/p>\n<p>&nbsp;<\/p>\n","protected":false},"excerpt":{"rendered":"<p>Barna sport over\u00e1l varr\u00e1smentes, rugalmas anyagb\u00f3l, amely t\u00f6k\u00e9letesen illeszkedik a testhez. A modell h\u00e1tr\u00e9sz\u00e9n \u00e1ll\u00edthat\u00f3 p\u00e1ntokkal \u00e9s h\u00e1tul magasabb der\u00e9kkal rendelkezik, ami k\u00e9nyelmet biztos\u00edt edz\u00e9s k\u00f6zben. Kiemel\u0151 hat\u00e1s\u00fa p\u00e1rn\u00e1kkal is rendelkezik, amely r\u00f6gz\u00edti a mellet, \u00edgy melltart\u00f3 n\u00e9lk\u00fcl is sz\u00e9pen \u00e1ll. A der\u00e9kr\u00e9sz bord\u00e1s k\u00f6t\u00e9s\u0171 anyagb\u00f3l k\u00e9sz\u00fclt, amely gy\u00f6ny\u00f6r\u0171en form\u00e1lja a n\u0151i \u00edveket. A leggings [&hellip;]<\/p>\n","protected":false},"featured_media":90484,"comment_status":"open","ping_status":"closed","template":"","meta":[],"product_brand":[],"product_cat":[1130,357,359],"product_tag":[],"class_list":{"0":"post-90847","1":"product","2":"type-product","3":"status-publish","4":"has-post-thumbnail","6":"product_cat-noi-sportos-overalok","7":"product_cat-noi-sportruhazat","8":"product_cat-szett-leggings-s-portmelltart","9":"pa_cviat-barna","10":"pa_razmer-l-hu-2","11":"pa_razmer-m-hu","12":"pa_razmer-s-hu-2","13":"inventories-world","14":"inventories-pl","15":"inventories-uk","17":"first","18":"instock","19":"taxable","20":"shipping-taxable","21":"purchasable","22":"product-type-variable"},"_links":{"self":[{"href":"https:\/\/peach-pump.com\/hu\/wp-json\/wp\/v2\/product\/90847","targetHints":{"allow":["GET"]}}],"collection":[{"href":"https:\/\/peach-pump.com\/hu\/wp-json\/wp\/v2\/product"}],"about":[{"href":"https:\/\/peach-pump.com\/hu\/wp-json\/wp\/v2\/types\/product"}],"replies":[{"embeddable":true,"href":"https:\/\/peach-pump.com\/hu\/wp-json\/wp\/v2\/comments?post=90847"}],"version-history":[{"count":1,"href":"https:\/\/peach-pump.com\/hu\/wp-json\/wp\/v2\/product\/90847\/revisions"}],"predecessor-version":[{"id":105908,"href":"https:\/\/peach-pump.com\/hu\/wp-json\/wp\/v2\/product\/90847\/revisions\/105908"}],"wp:featuredmedia":[{"embeddable":true,"href":"https:\/\/peach-pump.com\/hu\/wp-json\/wp\/v2\/media\/90484"}],"wp:attachment":[{"href":"https:\/\/peach-pump.com\/hu\/wp-json\/wp\/v2\/media?parent=90847"}],"wp:term":[{"taxonomy":"product_brand","embeddable":true,"href":"https:\/\/peach-pump.com\/hu\/wp-json\/wp\/v2\/product_brand?post=90847"},{"taxonomy":"product_cat","embeddable":true,"href":"https:\/\/peach-pump.com\/hu\/wp-json\/wp\/v2\/product_cat?post=90847"},{"taxonomy":"product_tag","embeddable":true,"href":"https:\/\/peach-pump.com\/hu\/wp-json\/wp\/v2\/product_tag?post=90847"}],"curies":[{"name":"wp","href":"https:\/\/api.w.org\/{rel}","templated":true}]}}