{"id":87646,"date":"2024-08-27T21:49:21","date_gmt":"2024-08-27T19:49:21","guid":{"rendered":"https:\/\/peach-pump.com\/products\/fekete-melltarto-feher-pantokkal\/"},"modified":"2026-04-04T12:39:20","modified_gmt":"2026-04-04T10:39:20","slug":"fekete-melltarto-feher-pantokkal","status":"publish","type":"product","link":"https:\/\/peach-pump.com\/hu\/products\/fekete-melltarto-feher-pantokkal\/","title":{"rendered":"Fekete melltart\u00f3 feh\u00e9r p\u00e1ntokkal"},"content":{"rendered":"<p>Fekete melltart\u00f3 feh\u00e9r p\u00e1ntokkal \u00e9s emel\u0151 hat\u00e1s\u00fa p\u00e1rn\u00e1z\u00e1ssal.<br \/>\nEz a modell rugalmas, l\u00e9g\u00e1tereszt\u0151 anyagb\u00f3l k\u00e9sz\u00fclt, amely elvezeti a nedvess\u00e9get a testt\u0151l, \u00e9s teljes mozg\u00e1sszabads\u00e1got biztos\u00edt az edz\u00e9sek sor\u00e1n.<br \/>\nA melltart\u00f3 p\u00e1rn\u00e1zata kivehet\u0151, \u00e9s el\u00f6l a &#8220;Peach Pump&#8221; log\u00f3val van ell\u00e1tva, amely h\u0151pecs\u00e9tel\u00e9ssel van ell\u00e1tva.<br \/>\nP\u00e1ros\u00edthat\u00f3 ugyanilyen mint\u00e1j\u00fa r\u00f6vid legginggel vagy egysz\u00edn\u0171 hossz\u00fa legginggel.<br \/>\nEgy friss aj\u00e1nlat, amelyt\u0151l gy\u00f6ny\u00f6r\u0171nek \u00e9s szexinek fogja \u00e9rezni mag\u00e1t.     A sportmelltart\u00f3r\u00f3l: <\/p>\n<ul>\n<li> Kivehet\u0151 p\u00e1rn\u00e1k<\/li>\n<li> Push-Up hat\u00e1s<\/li>\n<li> Nagy rugalmass\u00e1g<\/li>\n<li> H\u0151pr\u00e9ssel r\u00f6gz\u00edtett Peach Pump log\u00f3 a sportmellt\u00e1rt\u00f3 el\u00fcls\u0151 r\u00e9szen<\/li>\n<li> A nedvess\u00e9get a testt\u0151l elvezet\u0151 anyag<\/li>\n<\/ul>\n<p> Anyag\u00f6sszet\u00e9tel: 80% poli\u00e9szter 20% elaszt\u00e1n. A sportmellt\u00e1rt\u00f3 k\u00edm\u00e9l\u0151 mos\u00e1ssal, legfeljebb 30 fokon moshat\u00f3. K\u00e9rj\u00fck, a tiszt\u00edt\u00e1s sor\u00e1n ne haszn\u00e1ljon feh\u00e9r\u00edt\u0151t vagy vegyi tiszt\u00edt\u00f3szereket.. A k\u00e9pen l\u00e1that\u00f3 modell 180 cm magas, 56 kg s\u00faly\u00fa \u00e9s S-es m\u00e9retet visel.  A megfelel\u0151 m\u00e9ret pontos kiv\u00e1laszt\u00e1s\u00e1hoz k\u00e9rj\u00fck tekintse meg a m\u00e9rett\u00e1bl\u00e1zatunkat. <a href=\"https:\/\/peach-pump.com\/wp-content\/uploads\/2024\/06\/Sport-Bras-Peach-Pump-size-chart-800x800.jpg\"><img loading=\"lazy\" class=\"alignnone wp-image-80917 \" src=\"https:\/\/peach-pump.com\/wp-content\/uploads\/2024\/06\/Sport-Bras-Peach-Pump-size-chart-800x800.jpg\" alt=\"\" width=\"561\" height=\"561\" srcset=\"https:\/\/peach-pump.com\/wp-content\/uploads\/2024\/06\/Sport-Bras-Peach-Pump-size-chart-800x800.jpg 800w, https:\/\/peach-pump.com\/wp-content\/uploads\/2024\/06\/Sport-Bras-Peach-Pump-size-chart-480x480.jpg 480w, https:\/\/peach-pump.com\/wp-content\/uploads\/2024\/06\/Sport-Bras-Peach-Pump-size-chart-1000x1000.jpg 1000w, https:\/\/peach-pump.com\/wp-content\/uploads\/2024\/06\/Sport-Bras-Peach-Pump-size-chart-300x300.jpg 300w, https:\/\/peach-pump.com\/wp-content\/uploads\/2024\/06\/Sport-Bras-Peach-Pump-size-chart-150x150.jpg 150w, https:\/\/peach-pump.com\/wp-content\/uploads\/2024\/06\/Sport-Bras-Peach-Pump-size-chart-768x768.jpg 768w, https:\/\/peach-pump.com\/wp-content\/uploads\/2024\/06\/Sport-Bras-Peach-Pump-size-chart-990x990.jpg 990w, https:\/\/peach-pump.com\/wp-content\/uploads\/2024\/06\/Sport-Bras-Peach-Pump-size-chart-441x441.jpg 441w, https:\/\/peach-pump.com\/wp-content\/uploads\/2024\/06\/Sport-Bras-Peach-Pump-size-chart-100x100.jpg 100w, https:\/\/peach-pump.com\/wp-content\/uploads\/2024\/06\/Sport-Bras-Peach-Pump-size-chart-64x64.jpg 64w, https:\/\/peach-pump.com\/wp-content\/uploads\/2024\/06\/Sport-Bras-Peach-Pump-size-chart.jpg 1080w\" sizes=\"auto, (max-width: 561px) 100vw, 561px\" \/><\/a><\/p>\n","protected":false},"excerpt":{"rendered":"<p>Fekete melltart\u00f3 feh\u00e9r p\u00e1ntokkal \u00e9s emel\u0151 hat\u00e1s\u00fa p\u00e1rn\u00e1z\u00e1ssal. Ez a modell rugalmas, l\u00e9g\u00e1tereszt\u0151 anyagb\u00f3l k\u00e9sz\u00fclt, amely elvezeti a nedvess\u00e9get a testt\u0151l, \u00e9s teljes mozg\u00e1sszabads\u00e1got biztos\u00edt az edz\u00e9sek sor\u00e1n. A melltart\u00f3 p\u00e1rn\u00e1zata kivehet\u0151, \u00e9s el\u00f6l a &#8220;Peach Pump&#8221; log\u00f3val van ell\u00e1tva, amely h\u0151pecs\u00e9tel\u00e9ssel van ell\u00e1tva. P\u00e1ros\u00edthat\u00f3 ugyanilyen mint\u00e1j\u00fa r\u00f6vid legginggel vagy egysz\u00edn\u0171 hossz\u00fa legginggel. Egy friss [&hellip;]<\/p>\n","protected":false},"featured_media":86943,"comment_status":"open","ping_status":"closed","template":"","meta":[],"product_brand":[],"product_cat":[356],"product_tag":[],"class_list":{"0":"post-87646","1":"product","2":"type-product","3":"status-publish","4":"has-post-thumbnail","6":"product_cat-sportmelltartok-fitneszhez","7":"pa_cviat-fekete","8":"pa_razmer-l-hu-2","9":"pa_razmer-m-hu","10":"pa_razmer-s-hu-2","11":"inventories-world","12":"inventories-pl","13":"inventories-uk","15":"first","16":"instock","17":"taxable","18":"shipping-taxable","19":"purchasable","20":"product-type-variable"},"_links":{"self":[{"href":"https:\/\/peach-pump.com\/hu\/wp-json\/wp\/v2\/product\/87646","targetHints":{"allow":["GET"]}}],"collection":[{"href":"https:\/\/peach-pump.com\/hu\/wp-json\/wp\/v2\/product"}],"about":[{"href":"https:\/\/peach-pump.com\/hu\/wp-json\/wp\/v2\/types\/product"}],"replies":[{"embeddable":true,"href":"https:\/\/peach-pump.com\/hu\/wp-json\/wp\/v2\/comments?post=87646"}],"version-history":[{"count":0,"href":"https:\/\/peach-pump.com\/hu\/wp-json\/wp\/v2\/product\/87646\/revisions"}],"wp:featuredmedia":[{"embeddable":true,"href":"https:\/\/peach-pump.com\/hu\/wp-json\/wp\/v2\/media\/86943"}],"wp:attachment":[{"href":"https:\/\/peach-pump.com\/hu\/wp-json\/wp\/v2\/media?parent=87646"}],"wp:term":[{"taxonomy":"product_brand","embeddable":true,"href":"https:\/\/peach-pump.com\/hu\/wp-json\/wp\/v2\/product_brand?post=87646"},{"taxonomy":"product_cat","embeddable":true,"href":"https:\/\/peach-pump.com\/hu\/wp-json\/wp\/v2\/product_cat?post=87646"},{"taxonomy":"product_tag","embeddable":true,"href":"https:\/\/peach-pump.com\/hu\/wp-json\/wp\/v2\/product_tag?post=87646"}],"curies":[{"name":"wp","href":"https:\/\/api.w.org\/{rel}","templated":true}]}}