{"id":85382,"date":"2024-07-23T19:15:02","date_gmt":"2024-07-23T17:15:02","guid":{"rendered":"https:\/\/peach-pump.com\/products\/percent-d0-percent-2\/"},"modified":"2026-01-19T19:23:44","modified_gmt":"2026-01-19T17:23:44","slug":"bezs-szett-rovid-leggings-es-sportmelltarto","status":"publish","type":"product","link":"https:\/\/peach-pump.com\/hu\/products\/bezs-szett-rovid-leggings-es-sportmelltarto\/","title":{"rendered":"Varr\u00e1s n\u00e9lk\u00fcli r\u00f6vid leggingsb\u0151l \u00e9s sportmelltart\u00f3b\u00f3l \u00e1ll\u00f3 b\u00e9zs sz\u00edn\u0171 sport szett"},"content":{"rendered":"<p>Varr\u00e1smentes, rugalmas \u00e9s puha tapint\u00e1s\u00fa anyagb\u00f3l k\u00e9sz\u00fclt feh\u00e9r r\u00f6vid leggingsb\u0151l \u00e9s sportmelltart\u00f3b\u00f3l \u00e1ll\u00f3 sport szett. Egy r\u00f6vid biciklis nadr\u00e1g t\u00edpus\u00fa leggingsb\u0151l \u00e1ll, amely varr\u00e1s n\u00e9lk\u00fcli, rugalmas \u00e9s puha tapint\u00e1s\u00fa anyagb\u00f3l k\u00e9sz\u00fclt. Ez a modell t\u00f6k\u00e9letesen alakform\u00e1l\u00f3, a Peach Pump l\u00f3g\u00f3val rendelkez\u0151 sz\u00e9les bord\u00e1s k\u00f6t\u00e9s\u0171 der\u00e9ksz\u00edja pedig finoman k\u00f6rbe\u00f6leli a derekat. A leggings anyaga elrejti a probl\u00e9m\u00e1s r\u00e9szeket, elvezeti a nedvess\u00e9get a testt\u0151l, \u00e9s olyan elemekkel rendelkezik, amelyek a t\u00f6k\u00e9letes kerek popsit form\u00e1lj\u00e1k a gy\u00f6ny\u00f6r\u0171 \u00e9s kecses sziluett \u00e9rdek\u00e9ben. A sportmelltart\u00f3 \u00e1ll\u00edthat\u00f3 p\u00e1ntokkal \u00e9s kivehet\u0151 szivacsbet\u00e9tekkel rendelkezik, amelyek ig\u00e9ny szerint elt\u00e1vol\u00edthat\u00f3k. Ruh\u00e1k alatt is viselhet\u0151, mivel a kialak\u00edt\u00e1sa diszkr\u00e9t, mik\u00f6zben k\u00e9nyelmet \u00e9s mozg\u00e1sszabads\u00e1got biztos\u00edt. A sport szett kieg\u00e9sz\u00edthet\u0151 a m\u00e1rka sapk\u00e1j\u00e1val \u00e9s kab\u00e1tj\u00e1val, hogy t\u00f6k\u00e9letesen teljess\u00e9 tegye Peach Pump megjelen\u00e9s\u00e9t.<\/p>\n<p>A sportmelltart\u00f3r\u00f3l:<\/p>\n<ul>\n<li> Kivehet\u0151 p\u00e1rn\u00e1k<\/li>\n<li> Push-Up hat\u00e1s<\/li>\n<li> \u00c1ll\u00edthat\u00f3 p\u00e1ntok<\/li>\n<li> Nagy rugalmass\u00e1g<\/li>\n<li> H\u0151pr\u00e9ssel r\u00f6gz\u00edtett Peach Pump log\u00f3 a sportmellt\u00e1rt\u00f3 oldals\u00f3 r\u00e9szen<\/li>\n<li> Nedvess\u00e9gelvezet\u0151 anyag<\/li>\n<\/ul>\n<p>A leggingsr\u0151l:<\/p>\n<ul>\n<li>Magas\u00edtott der\u00e9k<\/li>\n<li>Varr\u00e1smentes anyag<\/li>\n<li>Kiemeli, form\u00e1lja, elrejti a probl\u00e9m\u00e1s r\u00e9szeket<\/li>\n<li>Der\u00e9kra simul\u00f3 bord\u00e1s k\u00f6t\u00e9s\u0171 der\u00e9ksz\u00edj<\/li>\n<li>Alakform\u00e1l\u00f3 Peach Pump hat\u00e1s<\/li>\n<li>H\u0151pr\u00e9ssel r\u00f6gz\u00edtett Peach Pump log\u00f3 a sportmellt\u00e1rt\u00f3 el\u00fcls\u0151 r\u00e9szen<\/li>\n<li>El\u00fcls\u0151 varr\u00e1s n\u00e9lk\u00fcl<\/li>\n<li>H\u0151pr\u00e9ssel r\u00f6gz\u00edtett Peach Pump log\u00f3 a leggings h\u00e1toldal\u00e1n<\/li>\n<li>Besz\u0151tt Peach Pump felirat a der\u00e9ksz\u00edjon<\/li>\n<li>Nedvess\u00e9gelvezet\u0151 anyag<\/li>\n<\/ul>\n<p>Anyag\u00f6sszet\u00e9tel: 80% poli\u00e9szter, 20% elaszt\u00e1n<\/p>\n<p>A szett k\u00edm\u00e9l\u0151 mos\u00e1ssal, legfeljebb 30 fokon moshat\u00f3. K\u00e9rj\u00fck, a tiszt\u00edt\u00e1s sor\u00e1n ne haszn\u00e1ljon feh\u00e9r\u00edt\u0151t vagy vegyi tiszt\u00edt\u00f3szereket.<\/p>\n<p>A k\u00e9pen l\u00e1that\u00f3 modell 168 cm magas, 51 kg s\u00faly\u00fa, \u00e9s S-es m\u00e9ret\u0171 leggingsszet \u00e9s S-es m\u00e9ret\u0171 sportmellt\u00e1rt\u00f3t visel.<\/p>\n<p>A pontos m\u00e9ret kiv\u00e1laszt\u00e1s\u00e1hoz, k\u00e9rj\u00fck haszn\u00e1lja a m\u00e9rett\u00e1bl\u00e1zatokat.<\/p>\n<p>&nbsp;<\/p>\n","protected":false},"excerpt":{"rendered":"<p>Varr\u00e1smentes, rugalmas \u00e9s puha tapint\u00e1s\u00fa anyagb\u00f3l k\u00e9sz\u00fclt feh\u00e9r r\u00f6vid leggingsb\u0151l \u00e9s sportmelltart\u00f3b\u00f3l \u00e1ll\u00f3 sport szett. Egy r\u00f6vid biciklis nadr\u00e1g t\u00edpus\u00fa leggingsb\u0151l \u00e1ll, amely varr\u00e1s n\u00e9lk\u00fcli, rugalmas \u00e9s puha tapint\u00e1s\u00fa anyagb\u00f3l k\u00e9sz\u00fclt. Ez a modell t\u00f6k\u00e9letesen alakform\u00e1l\u00f3, a Peach Pump l\u00f3g\u00f3val rendelkez\u0151 sz\u00e9les bord\u00e1s k\u00f6t\u00e9s\u0171 der\u00e9ksz\u00edja pedig finoman k\u00f6rbe\u00f6leli a derekat. A leggings anyaga elrejti a [&hellip;]<\/p>\n","protected":false},"featured_media":84673,"comment_status":"open","ping_status":"closed","template":"","meta":[],"product_brand":[],"product_cat":[357,358],"product_tag":[],"class_list":{"0":"post-85382","1":"product","2":"type-product","3":"status-publish","4":"has-post-thumbnail","6":"product_cat-noi-sportruhazat","7":"product_cat-rovid-sportruhak-leggings-sportmelltarto","8":"pa_cviat-bezs","9":"inventories-world","10":"inventories-uk","12":"first","13":"instock","14":"virtual","15":"taxable","16":"purchasable","17":"product-type-yith_bundle"},"_links":{"self":[{"href":"https:\/\/peach-pump.com\/en\/wp-json\/wp\/v2\/product\/85382","targetHints":{"allow":["GET"]}}],"collection":[{"href":"https:\/\/peach-pump.com\/en\/wp-json\/wp\/v2\/product"}],"about":[{"href":"https:\/\/peach-pump.com\/en\/wp-json\/wp\/v2\/types\/product"}],"replies":[{"embeddable":true,"href":"https:\/\/peach-pump.com\/en\/wp-json\/wp\/v2\/comments?post=85382"}],"version-history":[{"count":1,"href":"https:\/\/peach-pump.com\/en\/wp-json\/wp\/v2\/product\/85382\/revisions"}],"predecessor-version":[{"id":104080,"href":"https:\/\/peach-pump.com\/en\/wp-json\/wp\/v2\/product\/85382\/revisions\/104080"}],"wp:featuredmedia":[{"embeddable":true,"href":"https:\/\/peach-pump.com\/en\/wp-json\/wp\/v2\/media\/84673"}],"wp:attachment":[{"href":"https:\/\/peach-pump.com\/en\/wp-json\/wp\/v2\/media?parent=85382"}],"wp:term":[{"taxonomy":"product_brand","embeddable":true,"href":"https:\/\/peach-pump.com\/en\/wp-json\/wp\/v2\/product_brand?post=85382"},{"taxonomy":"product_cat","embeddable":true,"href":"https:\/\/peach-pump.com\/en\/wp-json\/wp\/v2\/product_cat?post=85382"},{"taxonomy":"product_tag","embeddable":true,"href":"https:\/\/peach-pump.com\/en\/wp-json\/wp\/v2\/product_tag?post=85382"}],"curies":[{"name":"wp","href":"https:\/\/api.w.org\/{rel}","templated":true}]}}