{"id":85371,"date":"2024-07-16T11:37:46","date_gmt":"2024-07-16T09:37:46","guid":{"rendered":"https:\/\/peach-pump.com\/products\/feher-noi-leggings-alakformalo\/"},"modified":"2026-04-06T08:51:24","modified_gmt":"2026-04-06T06:51:24","slug":"feher-noi-leggings-alakformalo","status":"publish","type":"product","link":"https:\/\/peach-pump.com\/hu\/products\/feher-noi-leggings-alakformalo\/","title":{"rendered":"Varr\u00e1s n\u00e9lk\u00fcli feh\u00e9r leggings alakform\u00e1l\u00f3 hat\u00e1ssal"},"content":{"rendered":"<p>Varratmentes, rugalmas \u00e9s puha tapint\u00e1s\u00fa anyagb\u00f3l k\u00e9sz\u00fclt feh\u00e9r sport leggings Ez a modell t\u00f6k\u00e9letesen alakform\u00e1l\u00f3, a Peach Pump l\u00f3g\u00f3val rendelkez\u0151 sz\u00e9les bord\u00e1s k\u00f6t\u00e9s\u0171 der\u00e9ksz\u00edja pedig finoman k\u00f6rbe\u00f6leli a derekat. A leggings anyaga elrejti a probl\u00e9m\u00e1s r\u00e9szeket, elvezeti a nedvess\u00e9get a testt\u0151l, \u00e9s olyan elemekkel rendelkezik, amelyek a t\u00f6k\u00e9letes kerek popsit form\u00e1lj\u00e1k a gy\u00f6ny\u00f6r\u0171 \u00e9s kecses sziluett \u00e9rdek\u00e9ben. Ebben a modellben k\u00e9nyelmesen \u00e9s magabiztosan fogja \u00e9rezni mag\u00e1t. Ez a leggings modell p\u00e1ros\u00edthat\u00f3 ugyanilyen mint\u00e1j\u00fa sportmelltart\u00f3val, vagy saj\u00e1t, egyedi \u00e9s elt\u00e9r\u0151 sport\u00f6lt\u00f6zetet k\u00e9sz\u00edthet kab\u00e1tok, sportmelltart\u00f3k \u00e9s kieg\u00e9sz\u00edt\u0151k sz\u00e9les v\u00e1laszt\u00e9k\u00e1nak seg\u00edts\u00e9g\u00e9vel. <\/p>\n<ul>\n<li>Magas\u00edtott der\u00e9k<\/li>\n<li>Varr\u00e1smentes anyag<\/li>\n<li>Kiemeli, form\u00e1lja, elrejti a probl\u00e9m\u00e1s r\u00e9szeket<\/li>\n<li>Der\u00e9kra simul\u00f3 bord\u00e1s k\u00f6t\u00e9s\u0171 der\u00e9ksz\u00edj<\/li>\n<li>Peachy hat\u00e1s<\/li>\n<li>Varr\u00e1s n\u00e9lk\u00fcli el\u00fcls\u0151 r\u00e9sz<\/li>\n<li>H\u0151pr\u00e9ssel r\u00f6gz\u00edtett Peach Pump log\u00f3 a leggings h\u00e1toldal\u00e1n<\/li>\n<li>Besz\u0151tt Peach Pump felirat a der\u00e9ksz\u00edjon<\/li>\n<li>Kiemelked\u0151 izzads\u00e1gelvezet\u0151 tulajdons\u00e1gokkal rendelkez\u0151 anyag<\/li>\n<\/ul>\n<p> Anyag\u00f6sszet\u00e9tel: 80% poli\u00e9szter, 20% elaszt\u00e1n. A leggings k\u00edm\u00e9l\u0151 mos\u00e1ssal, legfeljebb 30 fokon moshat\u00f3. K\u00e9rj\u00fck, a tiszt\u00edt\u00e1s sor\u00e1n ne haszn\u00e1ljon feh\u00e9r\u00edt\u0151t vagy vegyi tiszt\u00edt\u00f3szereket. A k\u00e9pen l\u00e1that\u00f3 modell 178 cm magas, 54 kg s\u00faly\u00fa \u00e9s S-es m\u00e9retet visel. A megfelel\u0151 m\u00e9ret pontos kiv\u00e1laszt\u00e1s\u00e1hoz k\u00e9rj\u00fck tekintse meg a m\u00e9rett\u00e1bl\u00e1zatunkat.  <a href=\"https:\/\/peach-pump.com\/wp-content\/uploads\/2024\/06\/Elastic-models-Peach-Pump-size-chart.jpg\"><img loading=\"lazy\" class=\"alignnone wp-image-80867 \" src=\"https:\/\/peach-pump.com\/wp-content\/uploads\/2024\/06\/Elastic-models-Peach-Pump-size-chart.jpg\" alt=\"\" width=\"629\" height=\"472\" srcset=\"https:\/\/peach-pump.com\/wp-content\/uploads\/2024\/06\/Elastic-models-Peach-Pump-size-chart.jpg 1024w, https:\/\/peach-pump.com\/wp-content\/uploads\/2024\/06\/Elastic-models-Peach-Pump-size-chart-480x360.jpg 480w, https:\/\/peach-pump.com\/wp-content\/uploads\/2024\/06\/Elastic-models-Peach-Pump-size-chart-1000x750.jpg 1000w, https:\/\/peach-pump.com\/wp-content\/uploads\/2024\/06\/Elastic-models-Peach-Pump-size-chart-400x300.jpg 400w, https:\/\/peach-pump.com\/wp-content\/uploads\/2024\/06\/Elastic-models-Peach-Pump-size-chart-768x576.jpg 768w, https:\/\/peach-pump.com\/wp-content\/uploads\/2024\/06\/Elastic-models-Peach-Pump-size-chart-990x743.jpg 990w, https:\/\/peach-pump.com\/wp-content\/uploads\/2024\/06\/Elastic-models-Peach-Pump-size-chart-441x331.jpg 441w, https:\/\/peach-pump.com\/wp-content\/uploads\/2024\/06\/Elastic-models-Peach-Pump-size-chart-150x113.jpg 150w, https:\/\/peach-pump.com\/wp-content\/uploads\/2024\/06\/Elastic-models-Peach-Pump-size-chart-64x48.jpg 64w\" sizes=\"auto, (max-width: 629px) 100vw, 629px\" \/><\/a><\/p>\n","protected":false},"excerpt":{"rendered":"<p>Varratmentes, rugalmas \u00e9s puha tapint\u00e1s\u00fa anyagb\u00f3l k\u00e9sz\u00fclt feh\u00e9r sport leggings Ez a modell t\u00f6k\u00e9letesen alakform\u00e1l\u00f3, a Peach Pump l\u00f3g\u00f3val rendelkez\u0151 sz\u00e9les bord\u00e1s k\u00f6t\u00e9s\u0171 der\u00e9ksz\u00edja pedig finoman k\u00f6rbe\u00f6leli a derekat. A leggings anyaga elrejti a probl\u00e9m\u00e1s r\u00e9szeket, elvezeti a nedvess\u00e9get a testt\u0151l, \u00e9s olyan elemekkel rendelkezik, amelyek a t\u00f6k\u00e9letes kerek popsit form\u00e1lj\u00e1k a gy\u00f6ny\u00f6r\u0171 \u00e9s kecses [&hellip;]<\/p>\n","protected":false},"featured_media":83903,"comment_status":"open","ping_status":"closed","template":"","meta":[],"product_brand":[],"product_cat":[142,304],"product_tag":[],"class_list":{"0":"post-85371","1":"product","2":"type-product","3":"status-publish","4":"has-post-thumbnail","6":"product_cat-noi-sport-leggings-fitnesz","7":"product_cat-noi-leggings-hosszu","8":"pa_cviat-feher-hu","9":"pa_razmer-m-hu","10":"pa_razmer-s-hu-2","11":"inventories-world","12":"inventories-pl","13":"inventories-uk","15":"first","16":"instock","17":"taxable","18":"shipping-taxable","19":"purchasable","20":"product-type-variable"},"_links":{"self":[{"href":"https:\/\/peach-pump.com\/en\/wp-json\/wp\/v2\/product\/85371","targetHints":{"allow":["GET"]}}],"collection":[{"href":"https:\/\/peach-pump.com\/en\/wp-json\/wp\/v2\/product"}],"about":[{"href":"https:\/\/peach-pump.com\/en\/wp-json\/wp\/v2\/types\/product"}],"replies":[{"embeddable":true,"href":"https:\/\/peach-pump.com\/en\/wp-json\/wp\/v2\/comments?post=85371"}],"version-history":[{"count":0,"href":"https:\/\/peach-pump.com\/en\/wp-json\/wp\/v2\/product\/85371\/revisions"}],"wp:featuredmedia":[{"embeddable":true,"href":"https:\/\/peach-pump.com\/en\/wp-json\/wp\/v2\/media\/83903"}],"wp:attachment":[{"href":"https:\/\/peach-pump.com\/en\/wp-json\/wp\/v2\/media?parent=85371"}],"wp:term":[{"taxonomy":"product_brand","embeddable":true,"href":"https:\/\/peach-pump.com\/en\/wp-json\/wp\/v2\/product_brand?post=85371"},{"taxonomy":"product_cat","embeddable":true,"href":"https:\/\/peach-pump.com\/en\/wp-json\/wp\/v2\/product_cat?post=85371"},{"taxonomy":"product_tag","embeddable":true,"href":"https:\/\/peach-pump.com\/en\/wp-json\/wp\/v2\/product_tag?post=85371"}],"curies":[{"name":"wp","href":"https:\/\/api.w.org\/{rel}","templated":true}]}}