{"id":83869,"date":"2024-06-25T10:51:40","date_gmt":"2024-06-25T08:51:40","guid":{"rendered":"https:\/\/peach-pump.com\/products\/kek-sportmelltarto-feliratok\/"},"modified":"2026-03-29T20:55:26","modified_gmt":"2026-03-29T18:55:26","slug":"kek-sportmelltarto-feliratok","status":"publish","type":"product","link":"https:\/\/peach-pump.com\/hu\/products\/kek-sportmelltarto-feliratok\/","title":{"rendered":"K\u00e9k sportmelltart\u00f3 Peach Pump Y feliratokkal"},"content":{"rendered":"<p>K\u00e9k sportmelltart\u00f3 Super Push-Up hat\u00e1ssal rendelkez\u0151 kivehet\u0151 p\u00e1rn\u00e1kkal Ez az sportmelltart\u00f3 Peach Pump &#8220;Y&#8221; feliratokkal el\u0151l \u00e9s \u00e1ll\u00edthat\u00f3 p\u00e1ntokkal ell\u00e1tott, keresztbe tett h\u00e1ttal rendelkezik. Az anyag rendk\u00edv\u00fcl puha \u00e9s rugalmas, elvezeti a nedvess\u00e9get a testt\u0151l , a mellr\u00e9sz alatt sz\u00e9les gumir\u00e9sszel van ell\u00e1tva, a h\u00e1ts\u00f3 bekapcsol\u00e1sa pedig h\u00e1rom fokos. A modell k\u00e9nyelmes fut\u00e1shoz, j\u00f3g\u00e1hoz, fitneszhez, pilateshez \u00e9s b\u00e1rmilyen sporthoz vagy mindennapi viselethez, a mellkasa r\u00f6gzitve lesz, \u00d6n pedig k\u00e9nyelmesen \u00e9s biztons\u00e1gban \u00e9rezneti mag\u00e1t.<\/p>\n<ul>\n<li>Kivehet\u0151 p\u00e1rn\u00e1k<\/li>\n<li>Push-Up hat\u00e1s<\/li>\n<li>Keresztp\u00e1ntos h\u00e1tul \u00e1ll\u00edthat\u00f3 p\u00e1ntokkal<\/li>\n<li>Gumir\u00e9sz a mellr\u00e9sz alatt, 3 fokozatban \u00e1ll\u00edthat\u00f3 z\u00e1r\u00f3d\u00e1ssal<\/li>\n<li>H\u0151pr\u00e9ssel r\u00f6gz\u00edtett Peach Pump log\u00f3<\/li>\n<li>&#8220;Y&#8221; Peach Pump felirat az el\u00fcls\u0151 r\u00e9szen<\/li>\n<li>Nedvess\u00e9gelvezet\u0151 anyag<\/li>\n<\/ul>\n<p>Anyag\u00f6sszet\u00e9tel: 80% poli\u00e9szter, 20% elaszt\u00e1n<\/p>\n<p>A sportmellt\u00e1rt\u00f3 k\u00edm\u00e9l\u0151 mos\u00e1ssal, legfeljebb 30 fokon moshat\u00f3. K\u00e9rj\u00fck, a tiszt\u00edt\u00e1s sor\u00e1n ne haszn\u00e1ljon feh\u00e9r\u00edt\u0151t vagy vegyi tiszt\u00edt\u00f3szereket.<\/p>\n<p>A k\u00e9pen l\u00e1that\u00f3 modell 167 m magas, 53 kg s\u00faly\u00fa, \u00e9s S-es m\u00e9retet visel.<\/p>\n<p>A pontos m\u00e9ret kiv\u00e1laszt\u00e1s\u00e1hoz, k\u00e9rj\u00fck haszn\u00e1lja a m\u00e9rett\u00e1bl\u00e1zatokat.<\/p>\n<p><a href=\"https:\/\/peach-pump.com\/wp-content\/uploads\/2024\/06\/Sport-Bras-Peach-Pump-size-chart-800x800.jpg\"><img loading=\"lazy\" class=\"alignnone wp-image-80917 \" src=\"https:\/\/peach-pump.com\/wp-content\/uploads\/2024\/06\/Sport-Bras-Peach-Pump-size-chart-800x800.jpg\" alt=\"\" width=\"537\" height=\"537\" srcset=\"https:\/\/peach-pump.com\/wp-content\/uploads\/2024\/06\/Sport-Bras-Peach-Pump-size-chart-800x800.jpg 800w, https:\/\/peach-pump.com\/wp-content\/uploads\/2024\/06\/Sport-Bras-Peach-Pump-size-chart-480x480.jpg 480w, https:\/\/peach-pump.com\/wp-content\/uploads\/2024\/06\/Sport-Bras-Peach-Pump-size-chart-1000x1000.jpg 1000w, https:\/\/peach-pump.com\/wp-content\/uploads\/2024\/06\/Sport-Bras-Peach-Pump-size-chart-300x300.jpg 300w, https:\/\/peach-pump.com\/wp-content\/uploads\/2024\/06\/Sport-Bras-Peach-Pump-size-chart-150x150.jpg 150w, https:\/\/peach-pump.com\/wp-content\/uploads\/2024\/06\/Sport-Bras-Peach-Pump-size-chart-768x768.jpg 768w, https:\/\/peach-pump.com\/wp-content\/uploads\/2024\/06\/Sport-Bras-Peach-Pump-size-chart-990x990.jpg 990w, https:\/\/peach-pump.com\/wp-content\/uploads\/2024\/06\/Sport-Bras-Peach-Pump-size-chart-441x441.jpg 441w, https:\/\/peach-pump.com\/wp-content\/uploads\/2024\/06\/Sport-Bras-Peach-Pump-size-chart-100x100.jpg 100w, https:\/\/peach-pump.com\/wp-content\/uploads\/2024\/06\/Sport-Bras-Peach-Pump-size-chart-64x64.jpg 64w, https:\/\/peach-pump.com\/wp-content\/uploads\/2024\/06\/Sport-Bras-Peach-Pump-size-chart.jpg 1080w\" sizes=\"auto, (max-width: 537px) 100vw, 537px\" \/><\/a><\/p>\n","protected":false},"excerpt":{"rendered":"<p>K\u00e9k sportmelltart\u00f3 Super Push-Up hat\u00e1ssal rendelkez\u0151 kivehet\u0151 p\u00e1rn\u00e1kkal Ez az sportmelltart\u00f3 Peach Pump &#8220;Y&#8221; feliratokkal el\u0151l \u00e9s \u00e1ll\u00edthat\u00f3 p\u00e1ntokkal ell\u00e1tott, keresztbe tett h\u00e1ttal rendelkezik. Az anyag rendk\u00edv\u00fcl puha \u00e9s rugalmas, elvezeti a nedvess\u00e9get a testt\u0151l , a mellr\u00e9sz alatt sz\u00e9les gumir\u00e9sszel van ell\u00e1tva, a h\u00e1ts\u00f3 bekapcsol\u00e1sa pedig h\u00e1rom fokos. A modell k\u00e9nyelmes fut\u00e1shoz, j\u00f3g\u00e1hoz, fitneszhez, [&hellip;]<\/p>\n","protected":false},"featured_media":83517,"comment_status":"open","ping_status":"closed","template":"","meta":[],"product_brand":[],"product_cat":[356],"product_tag":[],"class_list":{"0":"post-83869","1":"product","2":"type-product","3":"status-publish","4":"has-post-thumbnail","6":"product_cat-sportmelltartok-fitneszhez","7":"pa_cviat-kek","8":"pa_razmer-l-hu-2","9":"pa_razmer-m-hu","10":"pa_razmer-s-hu-2","11":"inventories-world","12":"inventories-pl","13":"inventories-uk","15":"first","16":"instock","17":"taxable","18":"shipping-taxable","19":"purchasable","20":"product-type-variable"},"_links":{"self":[{"href":"https:\/\/peach-pump.com\/hu\/wp-json\/wp\/v2\/product\/83869","targetHints":{"allow":["GET"]}}],"collection":[{"href":"https:\/\/peach-pump.com\/hu\/wp-json\/wp\/v2\/product"}],"about":[{"href":"https:\/\/peach-pump.com\/hu\/wp-json\/wp\/v2\/types\/product"}],"replies":[{"embeddable":true,"href":"https:\/\/peach-pump.com\/hu\/wp-json\/wp\/v2\/comments?post=83869"}],"version-history":[{"count":1,"href":"https:\/\/peach-pump.com\/hu\/wp-json\/wp\/v2\/product\/83869\/revisions"}],"predecessor-version":[{"id":108906,"href":"https:\/\/peach-pump.com\/hu\/wp-json\/wp\/v2\/product\/83869\/revisions\/108906"}],"wp:featuredmedia":[{"embeddable":true,"href":"https:\/\/peach-pump.com\/hu\/wp-json\/wp\/v2\/media\/83517"}],"wp:attachment":[{"href":"https:\/\/peach-pump.com\/hu\/wp-json\/wp\/v2\/media?parent=83869"}],"wp:term":[{"taxonomy":"product_brand","embeddable":true,"href":"https:\/\/peach-pump.com\/hu\/wp-json\/wp\/v2\/product_brand?post=83869"},{"taxonomy":"product_cat","embeddable":true,"href":"https:\/\/peach-pump.com\/hu\/wp-json\/wp\/v2\/product_cat?post=83869"},{"taxonomy":"product_tag","embeddable":true,"href":"https:\/\/peach-pump.com\/hu\/wp-json\/wp\/v2\/product_tag?post=83869"}],"curies":[{"name":"wp","href":"https:\/\/api.w.org\/{rel}","templated":true}]}}