{"id":78109,"date":"2024-05-01T23:27:01","date_gmt":"2024-05-01T21:27:01","guid":{"rendered":"https:\/\/peach-pump.com\/products\/percent-d0-percent-5\/"},"modified":"2026-04-04T07:41:58","modified_gmt":"2026-04-04T05:41:58","slug":"parnazott-sportmelltarto-rozsaszin","status":"publish","type":"product","link":"https:\/\/peach-pump.com\/hu\/products\/parnazott-sportmelltarto-rozsaszin\/","title":{"rendered":"Varr\u00e1s n\u00e9lk\u00fcli vil\u00e1gos r\u00f3zsasz\u00edn sportmelltart\u00f3 p\u00e1rn\u00e1kkal"},"content":{"rendered":"<p>Varr\u00e1s n\u00e9lk\u00fcli r\u00f3zsasz\u00edn sportmelltart\u00f3 kivehet\u0151 p\u00e1rn\u00e1kkal \u00e9s \u00e1ll\u00edthat\u00f3 p\u00e1ntokkal. A modell puha, nagyon rugalmas \u00e9s l\u00e9g\u00e1tereszt\u0151 anyagb\u00f3l k\u00e9sz\u00fclt, amely elvezeti a nedvess\u00e9get a testt\u0151l. A sportmelltart\u00f3 ruh\u00e1k alatt is viselhet\u0151, mivel a diz\u00e1jnja \u00e9szrev\u00e9tlen, \u00edgy \u00d6n k\u00e9nyelmesen fogja \u00e9rezni mag\u00e1t, \u00e9s szabadon mozoghat. T\u00f6bbf\u00e9le sz\u00ednben kaphat\u00f3, \u00edgy ugyanolyan sz\u00edn\u0171 vagy m\u00e1s sz\u00edn\u0171 leggingsszel is p\u00e1ros\u00edthat\u00f3. N\u00e9zze meg a &#8220;Sport szettek&#8221; men\u00fcpont alatt.<\/p>\n<ul>\n<li> Kivehet\u0151 p\u00e1rn\u00e1k<\/li>\n<li> Push-Up hat\u00e1s<\/li>\n<li> \u00c1ll\u00edthat\u00f3 p\u00e1ntok<\/li>\n<li> Nagy rugalmass\u00e1g<\/li>\n<li> H\u0151pr\u00e9ssel r\u00f6gz\u00edtett Peach Pump log\u00f3 a sportmellt\u00e1rt\u00f3 oldals\u00f3 r\u00e9szen<\/li>\n<li> Technol\u00f3gia a nedvess\u00e9g elt\u00e1vol\u00edt\u00e1s\u00e1ra a testt\u0151l<\/li>\n<\/ul>\n<p>Anyag\u00f6sszet\u00e9tel: 80% poli\u00e9szter, 20% elaszt\u00e1n<\/p>\n<p>A sportmellt\u00e1rt\u00f3 k\u00edm\u00e9l\u0151 mos\u00e1ssal, legfeljebb 30 fokon moshat\u00f3. K\u00e9rj\u00fck, a tiszt\u00edt\u00e1s sor\u00e1n ne haszn\u00e1ljon feh\u00e9r\u00edt\u0151t vagy vegyi tiszt\u00edt\u00f3szereket.<\/p>\n<p>A k\u00e9pen l\u00e1that\u00f3 modell 178 cm magas, 54 kg s\u00faly\u00fa \u00e9s S-es m\u00e9retet visel.<\/p>\n<p>A pontos m\u00e9ret kiv\u00e1laszt\u00e1s\u00e1hoz, k\u00e9rj\u00fck haszn\u00e1lja a m\u00e9rett\u00e1bl\u00e1zatokat.<\/p>\n<p><a href=\"https:\/\/peach-pump.com\/wp-content\/uploads\/2024\/04\/7ACDDC23-3BB3-4220-B273-C079DABBAC53-800x800.png\"><img loading=\"lazy\" class=\"alignnone wp-image-72618 \" src=\"https:\/\/peach-pump.com\/wp-content\/uploads\/2024\/04\/7ACDDC23-3BB3-4220-B273-C079DABBAC53-800x800.png\" alt=\"Peach Pump sportmelltart\u00f3 m\u00e9rett\u00e1bl\u00e1zat\" width=\"529\" height=\"529\" srcset=\"https:\/\/peach-pump.com\/wp-content\/uploads\/2024\/04\/7ACDDC23-3BB3-4220-B273-C079DABBAC53-800x800.png 800w, https:\/\/peach-pump.com\/wp-content\/uploads\/2024\/04\/7ACDDC23-3BB3-4220-B273-C079DABBAC53-480x480.png 480w, https:\/\/peach-pump.com\/wp-content\/uploads\/2024\/04\/7ACDDC23-3BB3-4220-B273-C079DABBAC53-1000x1000.png 1000w, https:\/\/peach-pump.com\/wp-content\/uploads\/2024\/04\/7ACDDC23-3BB3-4220-B273-C079DABBAC53-300x300.png 300w, https:\/\/peach-pump.com\/wp-content\/uploads\/2024\/04\/7ACDDC23-3BB3-4220-B273-C079DABBAC53-150x150.png 150w, https:\/\/peach-pump.com\/wp-content\/uploads\/2024\/04\/7ACDDC23-3BB3-4220-B273-C079DABBAC53-768x768.png 768w, https:\/\/peach-pump.com\/wp-content\/uploads\/2024\/04\/7ACDDC23-3BB3-4220-B273-C079DABBAC53-990x990.png 990w, https:\/\/peach-pump.com\/wp-content\/uploads\/2024\/04\/7ACDDC23-3BB3-4220-B273-C079DABBAC53-441x441.png 441w, https:\/\/peach-pump.com\/wp-content\/uploads\/2024\/04\/7ACDDC23-3BB3-4220-B273-C079DABBAC53-100x100.png 100w, https:\/\/peach-pump.com\/wp-content\/uploads\/2024\/04\/7ACDDC23-3BB3-4220-B273-C079DABBAC53-64x64.png 64w, https:\/\/peach-pump.com\/wp-content\/uploads\/2024\/04\/7ACDDC23-3BB3-4220-B273-C079DABBAC53.png 1080w\" sizes=\"auto, (max-width: 529px) 100vw, 529px\" \/><\/a><\/p>\n","protected":false},"excerpt":{"rendered":"<p>Varr\u00e1s n\u00e9lk\u00fcli r\u00f3zsasz\u00edn sportmelltart\u00f3 kivehet\u0151 p\u00e1rn\u00e1kkal \u00e9s \u00e1ll\u00edthat\u00f3 p\u00e1ntokkal. A modell puha, nagyon rugalmas \u00e9s l\u00e9g\u00e1tereszt\u0151 anyagb\u00f3l k\u00e9sz\u00fclt, amely elvezeti a nedvess\u00e9get a testt\u0151l. A sportmelltart\u00f3 ruh\u00e1k alatt is viselhet\u0151, mivel a diz\u00e1jnja \u00e9szrev\u00e9tlen, \u00edgy \u00d6n k\u00e9nyelmesen fogja \u00e9rezni mag\u00e1t, \u00e9s szabadon mozoghat. T\u00f6bbf\u00e9le sz\u00ednben kaphat\u00f3, \u00edgy ugyanolyan sz\u00edn\u0171 vagy m\u00e1s sz\u00edn\u0171 leggingsszel is p\u00e1ros\u00edthat\u00f3. [&hellip;]<\/p>\n","protected":false},"featured_media":75595,"comment_status":"open","ping_status":"closed","template":"","meta":[],"product_brand":[],"product_cat":[356],"product_tag":[],"class_list":{"0":"post-78109","1":"product","2":"type-product","3":"status-publish","4":"has-post-thumbnail","6":"product_cat-sportmelltartok-fitneszhez","7":"pa_cviat-rozsaszin","8":"pa_razmer-m-hu","9":"pa_razmer-s-hu-2","10":"inventories-world","11":"inventories-pl","12":"inventories-uk","14":"first","15":"instock","16":"taxable","17":"shipping-taxable","18":"purchasable","19":"product-type-variable"},"_links":{"self":[{"href":"https:\/\/peach-pump.com\/en\/wp-json\/wp\/v2\/product\/78109","targetHints":{"allow":["GET"]}}],"collection":[{"href":"https:\/\/peach-pump.com\/en\/wp-json\/wp\/v2\/product"}],"about":[{"href":"https:\/\/peach-pump.com\/en\/wp-json\/wp\/v2\/types\/product"}],"replies":[{"embeddable":true,"href":"https:\/\/peach-pump.com\/en\/wp-json\/wp\/v2\/comments?post=78109"}],"version-history":[{"count":1,"href":"https:\/\/peach-pump.com\/en\/wp-json\/wp\/v2\/product\/78109\/revisions"}],"predecessor-version":[{"id":108925,"href":"https:\/\/peach-pump.com\/en\/wp-json\/wp\/v2\/product\/78109\/revisions\/108925"}],"wp:featuredmedia":[{"embeddable":true,"href":"https:\/\/peach-pump.com\/en\/wp-json\/wp\/v2\/media\/75595"}],"wp:attachment":[{"href":"https:\/\/peach-pump.com\/en\/wp-json\/wp\/v2\/media?parent=78109"}],"wp:term":[{"taxonomy":"product_brand","embeddable":true,"href":"https:\/\/peach-pump.com\/en\/wp-json\/wp\/v2\/product_brand?post=78109"},{"taxonomy":"product_cat","embeddable":true,"href":"https:\/\/peach-pump.com\/en\/wp-json\/wp\/v2\/product_cat?post=78109"},{"taxonomy":"product_tag","embeddable":true,"href":"https:\/\/peach-pump.com\/en\/wp-json\/wp\/v2\/product_tag?post=78109"}],"curies":[{"name":"wp","href":"https:\/\/api.w.org\/{rel}","templated":true}]}}