{"id":78020,"date":"2024-05-01T22:44:55","date_gmt":"2024-05-01T20:44:55","guid":{"rendered":"https:\/\/peach-pump.com\/products\/percent-d1-percent\/"},"modified":"2026-02-06T15:05:16","modified_gmt":"2026-02-06T13:05:16","slug":"vilagoskek-noi-leggings","status":"publish","type":"product","link":"https:\/\/peach-pump.com\/hu\/products\/vilagoskek-noi-leggings\/","title":{"rendered":"Varr\u00e1s n\u00e9lk\u00fcli vil\u00e1gosk\u00e9k n\u0151i leggings Peach Pump alakform\u00e1l\u00f3 hat\u00e1ssal"},"content":{"rendered":"<p>N\u0151i sport leggings vil\u00e1gosk\u00e9k sz\u00ednben, varr\u00e1smentes, rugalmas \u00e9s puha tapint\u00e1s\u00fa anyagb\u00f3l. Ez a modell t\u00f6k\u00e9letesen alakform\u00e1l\u00f3, a Peach Pump l\u00f3g\u00f3val rendelkez\u0151 sz\u00e9les bord\u00e1s k\u00f6t\u00e9s\u0171 der\u00e9ksz\u00edja pedig finoman k\u00f6rbe\u00f6leli a derekat. A leggings anyaga elrejti a probl\u00e9m\u00e1s r\u00e9szeket, elvezeti a nedvess\u00e9get a testt\u0151l, \u00e9s olyan elemekkel rendelkezik, amelyek a t\u00f6k\u00e9letes kerek popsit form\u00e1lj\u00e1k a gy\u00f6ny\u00f6r\u0171 \u00e9s kecses sziluett \u00e9rdek\u00e9ben. Ezzel a modellel k\u00e9nyelmesen \u00e9s magabiztosan \u00e9rezheti mag\u00e1t. A modell \u00f6ssze\u00e1ll\u00edthat\u00f3 ugyanabb\u00f3l a mint\u00e1b\u00f3l k\u00e9sz\u00fclt sportmelltart\u00f3val, vagy saj\u00e1t sportos megjelen\u00e9st alkothat, ami kit\u0171nik \u00e9s k\u00fcl\u00f6nb\u00f6zik gazdag gy\u0171jtem\u00e9ny\u00fcnknek k\u00f6sz\u00f6nhet\u0151en, amely dzsekiket, sportmelltart\u00f3kat \u00e9s kieg\u00e9sz\u00edt\u0151ket tartalmaz.<\/p>\n<ul>\n<li>Magas\u00edtott der\u00e9k<\/li>\n<li>Varr\u00e1smentes anyag<\/li>\n<li>Kiemeli, form\u00e1lja, elrejti a probl\u00e9m\u00e1s r\u00e9szeket<\/li>\n<li>Der\u00e9kra simul\u00f3 bord\u00e1s k\u00f6t\u00e9s\u0171 der\u00e9ksz\u00edj<\/li>\n<li>Peachy hat\u00e1s<\/li>\n<li>El\u00fcls\u0151 varr\u00e1s n\u00e9lk\u00fcl<\/li>\n<li>H\u0151pr\u00e9ssel r\u00f6gz\u00edtett Peach Pump log\u00f3 a leggings h\u00e1toldal\u00e1n<\/li>\n<li>Besz\u0151tt Peach Pump felirat a der\u00e9ksz\u00edjon<\/li>\n<li>Kiemelked\u0151 izzads\u00e1gelvezet\u0151 tulajdons\u00e1gokkal rendelkez\u0151 anyag<\/li>\n<\/ul>\n<p>Anyag\u00f6sszet\u00e9tel: 80% poli\u00e9szter, 20% elaszt\u00e1n<\/p>\n<p>A leggings k\u00edm\u00e9l\u0151 mos\u00e1ssal, legfeljebb 30 fokon moshat\u00f3. K\u00e9rj\u00fck, a tiszt\u00edt\u00e1s sor\u00e1n ne haszn\u00e1ljon feh\u00e9r\u00edt\u0151t vagy vegyi tiszt\u00edt\u00f3szereket.<\/p>\n<p>A k\u00e9pen l\u00e1that\u00f3 modell 178 cm magas, 54 kg s\u00faly\u00fa \u00e9s S-es m\u00e9retet visel.<\/p>\n<p>A pontos m\u00e9ret kiv\u00e1laszt\u00e1s\u00e1hoz, k\u00e9rj\u00fck haszn\u00e1lja a m\u00e9rett\u00e1bl\u00e1zatokat.<\/p>\n","protected":false},"excerpt":{"rendered":"<p>N\u0151i sport leggings vil\u00e1gosk\u00e9k sz\u00ednben, varr\u00e1smentes, rugalmas \u00e9s puha tapint\u00e1s\u00fa anyagb\u00f3l. Ez a modell t\u00f6k\u00e9letesen alakform\u00e1l\u00f3, a Peach Pump l\u00f3g\u00f3val rendelkez\u0151 sz\u00e9les bord\u00e1s k\u00f6t\u00e9s\u0171 der\u00e9ksz\u00edja pedig finoman k\u00f6rbe\u00f6leli a derekat. A leggings anyaga elrejti a probl\u00e9m\u00e1s r\u00e9szeket, elvezeti a nedvess\u00e9get a testt\u0151l, \u00e9s olyan elemekkel rendelkezik, amelyek a t\u00f6k\u00e9letes kerek popsit form\u00e1lj\u00e1k a gy\u00f6ny\u00f6r\u0171 \u00e9s [&hellip;]<\/p>\n","protected":false},"featured_media":75392,"comment_status":"open","ping_status":"closed","template":"","meta":[],"product_brand":[],"product_cat":[142,304],"product_tag":[],"class_list":{"0":"post-78020","1":"product","2":"type-product","3":"status-publish","4":"has-post-thumbnail","6":"product_cat-noi-sport-leggings-fitnesz","7":"product_cat-noi-leggings-hosszu","8":"pa_cviat-vilagoskek","9":"pa_razmer-m-hu","10":"pa_razmer-s-hu-2","11":"inventories-world","12":"inventories-uk","14":"first","15":"outofstock","16":"taxable","17":"shipping-taxable","18":"purchasable","19":"product-type-variable"},"_links":{"self":[{"href":"https:\/\/peach-pump.com\/en\/wp-json\/wp\/v2\/product\/78020","targetHints":{"allow":["GET"]}}],"collection":[{"href":"https:\/\/peach-pump.com\/en\/wp-json\/wp\/v2\/product"}],"about":[{"href":"https:\/\/peach-pump.com\/en\/wp-json\/wp\/v2\/types\/product"}],"replies":[{"embeddable":true,"href":"https:\/\/peach-pump.com\/en\/wp-json\/wp\/v2\/comments?post=78020"}],"version-history":[{"count":1,"href":"https:\/\/peach-pump.com\/en\/wp-json\/wp\/v2\/product\/78020\/revisions"}],"predecessor-version":[{"id":111459,"href":"https:\/\/peach-pump.com\/en\/wp-json\/wp\/v2\/product\/78020\/revisions\/111459"}],"wp:featuredmedia":[{"embeddable":true,"href":"https:\/\/peach-pump.com\/en\/wp-json\/wp\/v2\/media\/75392"}],"wp:attachment":[{"href":"https:\/\/peach-pump.com\/en\/wp-json\/wp\/v2\/media?parent=78020"}],"wp:term":[{"taxonomy":"product_brand","embeddable":true,"href":"https:\/\/peach-pump.com\/en\/wp-json\/wp\/v2\/product_brand?post=78020"},{"taxonomy":"product_cat","embeddable":true,"href":"https:\/\/peach-pump.com\/en\/wp-json\/wp\/v2\/product_cat?post=78020"},{"taxonomy":"product_tag","embeddable":true,"href":"https:\/\/peach-pump.com\/en\/wp-json\/wp\/v2\/product_tag?post=78020"}],"curies":[{"name":"wp","href":"https:\/\/api.w.org\/{rel}","templated":true}]}}