{"id":73764,"date":"2024-04-06T14:50:01","date_gmt":"2024-04-06T12:50:01","guid":{"rendered":"https:\/\/peach-pump.com\/?post_type=product&#038;p=73764"},"modified":"2025-08-25T09:59:11","modified_gmt":"2025-08-25T07:59:11","slug":"rozsaszin-noi-rovidnadrag-zsebekkel","status":"publish","type":"product","link":"https:\/\/peach-pump.com\/hu\/products\/rozsaszin-noi-rovidnadrag-zsebekkel\/","title":{"rendered":"R\u00f3zsasz\u00edn n\u0151i r\u00f6vidnadr\u00e1g zsebekkel"},"content":{"rendered":"<p>Pamut n\u0151i r\u00f3zsasz\u00edn r\u00f6vidnadr\u00e1g, sport r\u00f6vidnadr\u00e1g. A modell el\u00fcls\u0151 zsebekkel \u00e9s h\u00edmzett Peach Pump log\u00f3val rendelkezik. A r\u00f6vidnadr\u00e1g megk\u00f6t\u00f6vel rendelkezik, amely a nagyobb k\u00e9nyelem \u00e9s komfort \u00e9rdek\u00e9ben a derekat a testmozg\u00e1s sor\u00e1n megszor\u00edtja. Ez a modell t\u00f6k\u00e9letesen p\u00e1ros\u00edthat\u00f3 a Peach Pump V-nyak\u00fa fels\u0151nkkel vagy r\u00f6vid Crop Topunkkal, hogy t\u00f6k\u00e9letes befejez\u00e9st adjon megjelen\u00e9s\u00e9nek, amely alkalmas mind a fitneszhez, mind a szabadid\u0151 elt\u00f6lt\u00e9s\u00e9hez.<\/p>\n<ul>\n<li>Pamut r\u00f6vidnadr\u00e1g<\/li>\n<li>Trendi diz\u00e1jn<\/li>\n<li>Zsebek el\u00fcls\u0151 r\u00e9szen<\/li>\n<li>Peach Pump h\u00edmz\u00e9s<\/li>\n<li>\u00d6sszek\u00f6t\u00f6k a der\u00e9kn\u00e1l t\u00f6rt\u00e9n\u0151 megszor\u00edt\u00e1shoz<\/li>\n<\/ul>\n<p>Anyag\u00f6sszet\u00e9tel: 95% pamut, 5% elaszt\u00e1n<\/p>\n<p>A r\u00f6vidnadr\u00e1g k\u00edm\u00e9l\u0151 mos\u00e1ssal, legfeljebb 30 fokon moshat\u00f3. K\u00e9rj\u00fck, a tiszt\u00edt\u00e1s sor\u00e1n ne haszn\u00e1ljon feh\u00e9r\u00edt\u0151t vagy vegyi tiszt\u00edt\u00f3szereket.<\/p>\n<p>A k\u00e9pen l\u00e1that\u00f3 modell 170 magas, 49 kg s\u00faly\u00fa, \u00e9s S-es m\u00e9retet visel.<\/p>\n<p>A pontos m\u00e9ret kiv\u00e1laszt\u00e1s\u00e1hoz, k\u00e9rj\u00fck haszn\u00e1lja a m\u00e9rett\u00e1bl\u00e1zatokat.<\/p>\n","protected":false},"excerpt":{"rendered":"<p>Pamut n\u0151i r\u00f3zsasz\u00edn r\u00f6vidnadr\u00e1g, sport r\u00f6vidnadr\u00e1g. A modell el\u00fcls\u0151 zsebekkel \u00e9s h\u00edmzett Peach Pump log\u00f3val rendelkezik. A r\u00f6vidnadr\u00e1g megk\u00f6t\u00f6vel rendelkezik, amely a nagyobb k\u00e9nyelem \u00e9s komfort \u00e9rdek\u00e9ben a derekat a testmozg\u00e1s sor\u00e1n megszor\u00edtja. Ez a modell t\u00f6k\u00e9letesen p\u00e1ros\u00edthat\u00f3 a Peach Pump V-nyak\u00fa fels\u0151nkkel vagy r\u00f6vid Crop Topunkkal, hogy t\u00f6k\u00e9letes befejez\u00e9st adjon megjelen\u00e9s\u00e9nek, amely alkalmas mind [&hellip;]<\/p>\n","protected":false},"featured_media":73888,"comment_status":"open","ping_status":"closed","template":"","meta":[],"product_brand":[],"product_cat":[191,142,200],"product_tag":[],"class_list":{"0":"post-73764","1":"product","2":"type-product","3":"status-publish","4":"has-post-thumbnail","6":"product_cat-leggings-zsebekkel","7":"product_cat-noi-sport-leggings-fitnesz","8":"product_cat-rovid-noi-leggings","9":"pa_razmer-m-hu","10":"pa_razmer-s-hu-2","11":"inventories-world","12":"inventories-uk","14":"first","15":"instock","16":"sale","17":"taxable","18":"shipping-taxable","19":"purchasable","20":"product-type-variable"},"_links":{"self":[{"href":"https:\/\/peach-pump.com\/en\/wp-json\/wp\/v2\/product\/73764","targetHints":{"allow":["GET"]}}],"collection":[{"href":"https:\/\/peach-pump.com\/en\/wp-json\/wp\/v2\/product"}],"about":[{"href":"https:\/\/peach-pump.com\/en\/wp-json\/wp\/v2\/types\/product"}],"replies":[{"embeddable":true,"href":"https:\/\/peach-pump.com\/en\/wp-json\/wp\/v2\/comments?post=73764"}],"version-history":[{"count":1,"href":"https:\/\/peach-pump.com\/en\/wp-json\/wp\/v2\/product\/73764\/revisions"}],"predecessor-version":[{"id":111412,"href":"https:\/\/peach-pump.com\/en\/wp-json\/wp\/v2\/product\/73764\/revisions\/111412"}],"wp:featuredmedia":[{"embeddable":true,"href":"https:\/\/peach-pump.com\/en\/wp-json\/wp\/v2\/media\/73888"}],"wp:attachment":[{"href":"https:\/\/peach-pump.com\/en\/wp-json\/wp\/v2\/media?parent=73764"}],"wp:term":[{"taxonomy":"product_brand","embeddable":true,"href":"https:\/\/peach-pump.com\/en\/wp-json\/wp\/v2\/product_brand?post=73764"},{"taxonomy":"product_cat","embeddable":true,"href":"https:\/\/peach-pump.com\/en\/wp-json\/wp\/v2\/product_cat?post=73764"},{"taxonomy":"product_tag","embeddable":true,"href":"https:\/\/peach-pump.com\/en\/wp-json\/wp\/v2\/product_tag?post=73764"}],"curies":[{"name":"wp","href":"https:\/\/api.w.org\/{rel}","templated":true}]}}