{"id":73456,"date":"2024-04-01T00:49:17","date_gmt":"2024-03-31T22:49:17","guid":{"rendered":"https:\/\/peach-pump.com\/products\/rozsaszin-sportmelltarto-beepitett-parnakkal\/"},"modified":"2025-12-31T13:47:34","modified_gmt":"2025-12-31T11:47:34","slug":"rozsaszin-sportmelltarto-beepitett-parnakkal","status":"publish","type":"product","link":"https:\/\/peach-pump.com\/hu\/products\/rozsaszin-sportmelltarto-beepitett-parnakkal\/","title":{"rendered":"Varr\u00e1s n\u00e9lk\u00fcli, r\u00f3zsasz\u00edn sportmelltart\u00f3 be\u00e9p\u00edtett p\u00e1rn\u00e1kkal"},"content":{"rendered":"<p>Varr\u00e1s n\u00e9lk\u00fcli r\u00f3zsasz\u00edn sportmelltart\u00f3, hamvas r\u00f3zsasz\u00ednben be\u00e9p\u00edtett, nem kivehet\u0151 p\u00e1rn\u00e1kkal. A modell puha, nagyon rugalmas, l\u00e9g\u00e1tereszt\u0151 anyagb\u00f3l k\u00e9sz\u00fclt, amely elvezeti az izzads\u00e1got a testt\u0151l. A melltart\u00f3 ruha alatt is viselhet\u0151, diz\u00e1jnja felt\u0171n\u00e9smentes, \u00e9s teljes k\u00e9nyelmet \u00e9s mozg\u00e1sszabads\u00e1got biztos\u00edt. A m\u00e9ret univerz\u00e1lis 4 fokos kapcsos bekapsol\u00e1ssal \u00e9s sz\u00e9les gumir\u00e9sszel rendelkezik A modell k\u00fcl\u00f6nb\u00f6z\u0151 sz\u00ednekben kaphat\u00f3, kombin\u00e1lhatja ugyanolyan sz\u00edn\u0171 leggingsszel vagy egy m\u00e1sikkal. N\u00e9zze meg a &#8220;Sport szettek&#8221; men\u00fcpont alatt.<\/p>\n<ul>\n<li> Be\u00e9p\u00edtett p\u00e1rn\u00e1k<\/li>\n<li> Push-Up hat\u00e1s<\/li>\n<li> M\u00e9lyen kiv\u00e1gott h\u00e1tr\u00e9sz<\/li>\n<li> Nagy rugalmass\u00e1g<\/li>\n<li> N\u00e9gy fokos kapcsos bekapcsol\u00e1s<\/li>\n<li> H\u0151pr\u00e9ssel r\u00f6gz\u00edtett Peach Pump log\u00f3 a sportmellt\u00e1rt\u00f3 oldals\u00f3 r\u00e9szen<\/li>\n<li> Izzadts\u00e1g elt\u00e1vol\u00edt\u00f3 technol\u00f3gia<\/li>\n<\/ul>\n<p>Anyag\u00f6sszet\u00e9tel: 80% poli\u00e9szter, 20% elaszt\u00e1n<\/p>\n<p>A sportmellt\u00e1rt\u00f3 k\u00edm\u00e9l\u0151 mos\u00e1ssal, legfeljebb 30 fokon moshat\u00f3. K\u00e9rj\u00fck, a tiszt\u00edt\u00e1s sor\u00e1n ne haszn\u00e1ljon feh\u00e9r\u00edt\u0151t vagy vegyi tiszt\u00edt\u00f3szereket.<\/p>\n<p>A k\u00e9pen l\u00e1that\u00f3 modell 178 cm magas, 54 kg s\u00faly\u00fa, \u00e9s M-es m\u00e9retet visel.<\/p>\n<p>A pontos m\u00e9ret kiv\u00e1laszt\u00e1s\u00e1hoz, k\u00e9rj\u00fck haszn\u00e1lja a m\u00e9rett\u00e1bl\u00e1zatokat.<\/p>\n<p>&nbsp;<\/p>\n<p><a href=\"https:\/\/peach-pump.com\/wp-content\/uploads\/2024\/04\/7ACDDC23-3BB3-4220-B273-C079DABBAC53.png\"><img loading=\"lazy\" class=\"alignnone wp-image-72618 \" src=\"https:\/\/peach-pump.com\/wp-content\/uploads\/2024\/04\/7ACDDC23-3BB3-4220-B273-C079DABBAC53.png\" alt=\"\" width=\"553\" height=\"553\" srcset=\"https:\/\/peach-pump.com\/wp-content\/uploads\/2024\/04\/7ACDDC23-3BB3-4220-B273-C079DABBAC53.png 1080w, https:\/\/peach-pump.com\/wp-content\/uploads\/2024\/04\/7ACDDC23-3BB3-4220-B273-C079DABBAC53-480x480.png 480w, https:\/\/peach-pump.com\/wp-content\/uploads\/2024\/04\/7ACDDC23-3BB3-4220-B273-C079DABBAC53-1000x1000.png 1000w, https:\/\/peach-pump.com\/wp-content\/uploads\/2024\/04\/7ACDDC23-3BB3-4220-B273-C079DABBAC53-300x300.png 300w, https:\/\/peach-pump.com\/wp-content\/uploads\/2024\/04\/7ACDDC23-3BB3-4220-B273-C079DABBAC53-800x800.png 800w, https:\/\/peach-pump.com\/wp-content\/uploads\/2024\/04\/7ACDDC23-3BB3-4220-B273-C079DABBAC53-150x150.png 150w, https:\/\/peach-pump.com\/wp-content\/uploads\/2024\/04\/7ACDDC23-3BB3-4220-B273-C079DABBAC53-768x768.png 768w, https:\/\/peach-pump.com\/wp-content\/uploads\/2024\/04\/7ACDDC23-3BB3-4220-B273-C079DABBAC53-990x990.png 990w, https:\/\/peach-pump.com\/wp-content\/uploads\/2024\/04\/7ACDDC23-3BB3-4220-B273-C079DABBAC53-441x441.png 441w, https:\/\/peach-pump.com\/wp-content\/uploads\/2024\/04\/7ACDDC23-3BB3-4220-B273-C079DABBAC53-100x100.png 100w, https:\/\/peach-pump.com\/wp-content\/uploads\/2024\/04\/7ACDDC23-3BB3-4220-B273-C079DABBAC53-64x64.png 64w\" sizes=\"auto, (max-width: 553px) 100vw, 553px\" \/><\/a><\/p>\n","protected":false},"excerpt":{"rendered":"<p>Varr\u00e1s n\u00e9lk\u00fcli r\u00f3zsasz\u00edn sportmelltart\u00f3, hamvas r\u00f3zsasz\u00ednben be\u00e9p\u00edtett, nem kivehet\u0151 p\u00e1rn\u00e1kkal. A modell puha, nagyon rugalmas, l\u00e9g\u00e1tereszt\u0151 anyagb\u00f3l k\u00e9sz\u00fclt, amely elvezeti az izzads\u00e1got a testt\u0151l. A melltart\u00f3 ruha alatt is viselhet\u0151, diz\u00e1jnja felt\u0171n\u00e9smentes, \u00e9s teljes k\u00e9nyelmet \u00e9s mozg\u00e1sszabads\u00e1got biztos\u00edt. A m\u00e9ret univerz\u00e1lis 4 fokos kapcsos bekapsol\u00e1ssal \u00e9s sz\u00e9les gumir\u00e9sszel rendelkezik A modell k\u00fcl\u00f6nb\u00f6z\u0151 sz\u00ednekben kaphat\u00f3, kombin\u00e1lhatja [&hellip;]<\/p>\n","protected":false},"featured_media":73088,"comment_status":"open","ping_status":"closed","template":"","meta":[],"product_brand":[],"product_cat":[356],"product_tag":[],"class_list":{"0":"post-73456","1":"product","2":"type-product","3":"status-publish","4":"has-post-thumbnail","6":"product_cat-sportmelltartok-fitneszhez","7":"pa_razmer-l-hu-2","8":"pa_razmer-m-hu","9":"pa_razmer-s-hu-2","10":"inventories-world","11":"inventories-uk","13":"first","14":"instock","15":"taxable","16":"shipping-taxable","17":"purchasable","18":"product-type-variable"},"_links":{"self":[{"href":"https:\/\/peach-pump.com\/en\/wp-json\/wp\/v2\/product\/73456","targetHints":{"allow":["GET"]}}],"collection":[{"href":"https:\/\/peach-pump.com\/en\/wp-json\/wp\/v2\/product"}],"about":[{"href":"https:\/\/peach-pump.com\/en\/wp-json\/wp\/v2\/types\/product"}],"replies":[{"embeddable":true,"href":"https:\/\/peach-pump.com\/en\/wp-json\/wp\/v2\/comments?post=73456"}],"version-history":[{"count":1,"href":"https:\/\/peach-pump.com\/en\/wp-json\/wp\/v2\/product\/73456\/revisions"}],"predecessor-version":[{"id":108954,"href":"https:\/\/peach-pump.com\/en\/wp-json\/wp\/v2\/product\/73456\/revisions\/108954"}],"wp:featuredmedia":[{"embeddable":true,"href":"https:\/\/peach-pump.com\/en\/wp-json\/wp\/v2\/media\/73088"}],"wp:attachment":[{"href":"https:\/\/peach-pump.com\/en\/wp-json\/wp\/v2\/media?parent=73456"}],"wp:term":[{"taxonomy":"product_brand","embeddable":true,"href":"https:\/\/peach-pump.com\/en\/wp-json\/wp\/v2\/product_brand?post=73456"},{"taxonomy":"product_cat","embeddable":true,"href":"https:\/\/peach-pump.com\/en\/wp-json\/wp\/v2\/product_cat?post=73456"},{"taxonomy":"product_tag","embeddable":true,"href":"https:\/\/peach-pump.com\/en\/wp-json\/wp\/v2\/product_tag?post=73456"}],"curies":[{"name":"wp","href":"https:\/\/api.w.org\/{rel}","templated":true}]}}