{"id":68032,"date":"2022-06-29T15:21:25","date_gmt":"2022-06-29T15:21:25","guid":{"rendered":"https:\/\/peach-pump.com\/products\/varras-nelkuli-sport-leggings-kek-szinatmenettel\/"},"modified":"2025-11-09T15:53:13","modified_gmt":"2025-11-09T13:53:13","slug":"varras-nelkuli-sport-leggings-kek-szinatmenettel","status":"publish","type":"product","link":"https:\/\/peach-pump.com\/hu\/products\/varras-nelkuli-sport-leggings-kek-szinatmenettel\/","title":{"rendered":"Varr\u00e1s n\u00e9lk\u00fcli sport leggings k\u00e9k sz\u00edn\u00e1tmenettel"},"content":{"rendered":"<p>N\u0151i varr\u00e1s n\u00e9lk\u00fcli sport leggings k\u00e9k sz\u00edn\u00e1tmenettel A leggings varr\u00e1smentes anyagb\u00f3l k\u00e9sz\u00fclt, l\u00e9zerrel v\u00e9kony\u00edtott elemekb\u0151l, amelyek megakad\u00e1lyozz\u00e1k az izzad\u00e1st edz\u00e9s vagy fut\u00e1s k\u00f6zben. A leggings gy\u00f6ny\u00f6r\u0171 Peach Pump hat\u00e1s\u00fa, a sz\u00ednek l\u00e1gy sz\u00edn\u00e1tmenettel, a modell magas\u00edtott der\u00e9kkal \u00e9s szoros der\u00e9ksz\u00edjjal rendelkezik, amely finoman \u00f6sszeh\u00fazza \u00e9s gy\u00f6ny\u00f6r\u0171en form\u00e1lja a cs\u00edp\u0151t. K\u00e9rj\u00fck, vegye figyelembe a m\u00e9ret kiv\u00e1laszt\u00e1sakor, hogy a leggings szorosabb anyag\u00fa, modell\u00fcnk M-es m\u00e9retet visel.<\/p>\n<ul>\n<li>Magas\u00edtott der\u00e9k<\/li>\n<li>Varr\u00e1smentes anyag<\/li>\n<li>Kiemeli \u00e9s form\u00e1lja<\/li>\n<li>Der\u00e9kra simul\u00f3 bord\u00e1s k\u00f6t\u00e9s\u0171 der\u00e9ksz\u00edj<\/li>\n<li>Peachy hat\u00e1s<\/li>\n<li>Varr\u00e1smentes el\u00f6l<\/li>\n<li>H\u0151pr\u00e9ssel r\u00f6gz\u00edtett Peach Pump log\u00f3 a leggings h\u00e1toldal\u00e1n<\/li>\n<li>Izzadts\u00e1g elt\u00e1vol\u00edt\u00f3 technol\u00f3gia<\/li>\n<\/ul>\n<p>Anyag\u00f6sszet\u00e9tel: 80% poli\u00e9szter, 20% elaszt\u00e1n<\/p>\n<p>A leggings k\u00edm\u00e9l\u0151 mos\u00e1ssal, legfeljebb 30 fokon moshat\u00f3. K\u00e9rj\u00fck, a tiszt\u00edt\u00e1s sor\u00e1n ne haszn\u00e1ljon feh\u00e9r\u00edt\u0151t vagy vegyi tiszt\u00edt\u00f3szereket.<\/p>\n<p>A k\u00e9pen l\u00e1that\u00f3 modell 178 cm magas, 54 kg s\u00faly\u00fa, \u00e9s M-es m\u00e9retet visel (a leggings szorosabb anyagb\u00f3l k\u00e9sz\u00fclt).<\/p>\n<p>A pontos m\u00e9ret kiv\u00e1laszt\u00e1s\u00e1hoz, k\u00e9rj\u00fck haszn\u00e1lja a m\u00e9rett\u00e1bl\u00e1zatokat.<\/p>\n","protected":false},"excerpt":{"rendered":"<p>N\u0151i varr\u00e1s n\u00e9lk\u00fcli sport leggings k\u00e9k sz\u00edn\u00e1tmenettel A leggings varr\u00e1smentes anyagb\u00f3l k\u00e9sz\u00fclt, l\u00e9zerrel v\u00e9kony\u00edtott elemekb\u0151l, amelyek megakad\u00e1lyozz\u00e1k az izzad\u00e1st edz\u00e9s vagy fut\u00e1s k\u00f6zben. A leggings gy\u00f6ny\u00f6r\u0171 Peach Pump hat\u00e1s\u00fa, a sz\u00ednek l\u00e1gy sz\u00edn\u00e1tmenettel, a modell magas\u00edtott der\u00e9kkal \u00e9s szoros der\u00e9ksz\u00edjjal rendelkezik, amely finoman \u00f6sszeh\u00fazza \u00e9s gy\u00f6ny\u00f6r\u0171en form\u00e1lja a cs\u00edp\u0151t. K\u00e9rj\u00fck, vegye figyelembe a m\u00e9ret kiv\u00e1laszt\u00e1sakor, [&hellip;]<\/p>\n","protected":false},"featured_media":17828,"comment_status":"open","ping_status":"closed","template":"","meta":[],"product_brand":[],"product_cat":[142,304],"product_tag":[],"class_list":{"0":"post-68032","1":"product","2":"type-product","3":"status-publish","4":"has-post-thumbnail","6":"product_cat-noi-sport-leggings-fitnesz","7":"product_cat-noi-leggings-hosszu","8":"pa_cviat-kek","9":"pa_razmer-l-hu-2","10":"pa_razmer-m-hu","11":"pa_razmer-s-hu-2","12":"inventories-world","13":"inventories-uk","15":"first","16":"instock","17":"sale","18":"taxable","19":"shipping-taxable","20":"purchasable","21":"product-type-variable"},"_links":{"self":[{"href":"https:\/\/peach-pump.com\/hu\/wp-json\/wp\/v2\/product\/68032","targetHints":{"allow":["GET"]}}],"collection":[{"href":"https:\/\/peach-pump.com\/hu\/wp-json\/wp\/v2\/product"}],"about":[{"href":"https:\/\/peach-pump.com\/hu\/wp-json\/wp\/v2\/types\/product"}],"replies":[{"embeddable":true,"href":"https:\/\/peach-pump.com\/hu\/wp-json\/wp\/v2\/comments?post=68032"}],"version-history":[{"count":0,"href":"https:\/\/peach-pump.com\/hu\/wp-json\/wp\/v2\/product\/68032\/revisions"}],"wp:featuredmedia":[{"embeddable":true,"href":"https:\/\/peach-pump.com\/hu\/wp-json\/wp\/v2\/media\/17828"}],"wp:attachment":[{"href":"https:\/\/peach-pump.com\/hu\/wp-json\/wp\/v2\/media?parent=68032"}],"wp:term":[{"taxonomy":"product_brand","embeddable":true,"href":"https:\/\/peach-pump.com\/hu\/wp-json\/wp\/v2\/product_brand?post=68032"},{"taxonomy":"product_cat","embeddable":true,"href":"https:\/\/peach-pump.com\/hu\/wp-json\/wp\/v2\/product_cat?post=68032"},{"taxonomy":"product_tag","embeddable":true,"href":"https:\/\/peach-pump.com\/hu\/wp-json\/wp\/v2\/product_tag?post=68032"}],"curies":[{"name":"wp","href":"https:\/\/api.w.org\/{rel}","templated":true}]}}