{"id":67208,"date":"2023-12-09T19:53:53","date_gmt":"2023-12-09T17:53:53","guid":{"rendered":"https:\/\/peach-pump.com\/products\/steppelt-pulover-kapucnival-zold-szinben\/"},"modified":"2026-03-15T12:42:12","modified_gmt":"2026-03-15T10:42:12","slug":"steppelt-pulover-kapucnival-zold-szinben","status":"publish","type":"product","link":"https:\/\/peach-pump.com\/hu\/products\/steppelt-pulover-kapucnival-zold-szinben\/","title":{"rendered":"Steppelt pul\u00f3ver kapucnival, z\u00f6ld sz\u00ednben"},"content":{"rendered":"<p>Sportos st\u00edlus\u00fa steppelt kapucnis pul\u00f3ver, el\u00fcls\u0151 kenguruzsebbel, z\u00f6ld sz\u00ednben. 80% pamutb\u00f3l k\u00e9sz\u00fclt puha steppelt bels\u0151 bels\u0151 b\u00e9l\u00e9ssel. Ez a kapucnis pul\u00f3ver modell el\u00fcls\u0151 3D nyomtatott mint\u00e1val rendelkezik, amely a tart\u00f3ss\u00e1g \u00e9rdek\u00e9ben bel\u00fclr\u0151l meg van er\u0151s\u00edtve k\u00e9rj\u00fck, ne t\u00e1vol\u00edtsa el a meger\u0151s\u00edt\u0151 anyagot \u00e9s ne vasalja a mint\u00e1t. A sportos st\u00edlus\u00fa pul\u00f3ver ejtett v\u00e1llal \u00e9s az egyik mandzsett\u00e1n h\u00edmzett felirattal rendelkezik. Modern laza szab\u00e1s a nagyobb k\u00e9nyelem \u00e9s szabad mozg\u00e1s \u00e9rdek\u00e9ben. A modell nagy kapucnival ell\u00e1tott, h\u00e1tulj\u00e1n gum\u00edrozott Peach Pump log\u00f3val.<\/p>\n<p>\u00dcdv\u00f6z\u00f6lje a k\u00f6vetkez\u0151 szintet, k\u00e9nyelmet \u00e9s a puha tapint\u00e1st ezzel a kapucnis pul\u00f3verrel.<\/p>\n<ul>\n<li>Laza szab\u00e1s<\/li>\n<li>\u0415jtett v\u00e1ll<\/li>\n<li>3D nyomtatott Peach Pump mint\u0430<\/li>\n<li>Kapucnis pul\u00f3ver Peach Pump gum\u00edrozott log\u00f3val<\/li>\n<li>H\u00edmzett felirat a mandzsett\u00e1n<\/li>\n<li>El\u00fcls\u0151 kenguruzseb<\/li>\n<li>Puha bels\u0151 b\u00e9l\u00e9s<\/li>\n<li>Bord\u00e1zott mandzsetta \u00e9s als\u00f3 szeg\u00e9ly<\/li>\n<\/ul>\n<p>Anyag\u00f6sszet\u00e9tel: 80% pamut 20% poli\u00e9szter.<\/p>\n<p>A kapucnis pul\u00f3ver mos\u00f3g\u00e9pben moshat\u00f3 hideg v\u00edzzel, alacsony fordulatsz\u00e1mon feh\u00e9r\u00edt\u0151 n\u00e9lk\u00fcl, k\u00e9rj\u00fck, ne vasalja k\u00f6zvetlen\u00fcl a nyomtatott mint\u00e1t.<\/p>\n<p>A k\u00e9pen l\u00e1that\u00f3 modell 174 cm magas \u00e9s 52 kg s\u00faly\u00fa. L-es m\u00e9retet visel.<\/p>\n<p>A megfelel\u0151 m\u00e9ret pontos kiv\u00e1laszt\u00e1s\u00e1hoz, k\u00e9rj\u00fck, tekintse meg a m\u00e9rett\u00e1bl\u00e1zatunkat.<\/p>\n<p><a href=\"https:\/\/peach-pump.com\/wp-content\/uploads\/2023\/12\/IMG_2059-300x300.png\"><img loading=\"lazy\" class=\"alignnone size-medium wp-image-62124\" src=\"https:\/\/peach-pump.com\/wp-content\/uploads\/2023\/12\/IMG_2059-300x300.png\" alt=\"\" width=\"300\" height=\"300\" srcset=\"https:\/\/peach-pump.com\/wp-content\/uploads\/2023\/12\/IMG_2059-300x300.png 300w, https:\/\/peach-pump.com\/wp-content\/uploads\/2023\/12\/IMG_2059-480x480.png 480w, https:\/\/peach-pump.com\/wp-content\/uploads\/2023\/12\/IMG_2059-1000x1000.png 1000w, https:\/\/peach-pump.com\/wp-content\/uploads\/2023\/12\/IMG_2059-800x800.png 800w, https:\/\/peach-pump.com\/wp-content\/uploads\/2023\/12\/IMG_2059-150x150.png 150w, https:\/\/peach-pump.com\/wp-content\/uploads\/2023\/12\/IMG_2059-768x768.png 768w, https:\/\/peach-pump.com\/wp-content\/uploads\/2023\/12\/IMG_2059-990x990.png 990w, https:\/\/peach-pump.com\/wp-content\/uploads\/2023\/12\/IMG_2059-441x441.png 441w, https:\/\/peach-pump.com\/wp-content\/uploads\/2023\/12\/IMG_2059-100x100.png 100w, https:\/\/peach-pump.com\/wp-content\/uploads\/2023\/12\/IMG_2059-64x64.png 64w, https:\/\/peach-pump.com\/wp-content\/uploads\/2023\/12\/IMG_2059.png 1080w\" sizes=\"auto, (max-width: 300px) 100vw, 300px\" \/><\/a><\/p>\n","protected":false},"excerpt":{"rendered":"<p>Sportos st\u00edlus\u00fa steppelt kapucnis pul\u00f3ver, el\u00fcls\u0151 kenguruzsebbel, z\u00f6ld sz\u00ednben. 80% pamutb\u00f3l k\u00e9sz\u00fclt puha steppelt bels\u0151 bels\u0151 b\u00e9l\u00e9ssel. Ez a kapucnis pul\u00f3ver modell el\u00fcls\u0151 3D nyomtatott mint\u00e1val rendelkezik, amely a tart\u00f3ss\u00e1g \u00e9rdek\u00e9ben bel\u00fclr\u0151l meg van er\u0151s\u00edtve k\u00e9rj\u00fck, ne t\u00e1vol\u00edtsa el a meger\u0151s\u00edt\u0151 anyagot \u00e9s ne vasalja a mint\u00e1t. A sportos st\u00edlus\u00fa pul\u00f3ver ejtett v\u00e1llal \u00e9s az [&hellip;]<\/p>\n","protected":false},"featured_media":61846,"comment_status":"open","ping_status":"closed","template":"","meta":[],"product_brand":[],"product_cat":[1122,355],"product_tag":[],"class_list":{"0":"post-67208","1":"product","2":"type-product","3":"status-publish","4":"has-post-thumbnail","6":"product_cat-noi-kapucnis-puloverek-cipzaras","7":"product_cat-noi-polo-fitneszhez","8":"pa_cviat-zold","9":"pa_razmer-l-hu-2","10":"pa_razmer-m-hu","11":"inventories-world","12":"inventories-pl","13":"inventories-uk","15":"first","16":"instock","17":"taxable","18":"shipping-taxable","19":"purchasable","20":"product-type-variable"},"_links":{"self":[{"href":"https:\/\/peach-pump.com\/en\/wp-json\/wp\/v2\/product\/67208","targetHints":{"allow":["GET"]}}],"collection":[{"href":"https:\/\/peach-pump.com\/en\/wp-json\/wp\/v2\/product"}],"about":[{"href":"https:\/\/peach-pump.com\/en\/wp-json\/wp\/v2\/types\/product"}],"replies":[{"embeddable":true,"href":"https:\/\/peach-pump.com\/en\/wp-json\/wp\/v2\/comments?post=67208"}],"version-history":[{"count":0,"href":"https:\/\/peach-pump.com\/en\/wp-json\/wp\/v2\/product\/67208\/revisions"}],"wp:featuredmedia":[{"embeddable":true,"href":"https:\/\/peach-pump.com\/en\/wp-json\/wp\/v2\/media\/61846"}],"wp:attachment":[{"href":"https:\/\/peach-pump.com\/en\/wp-json\/wp\/v2\/media?parent=67208"}],"wp:term":[{"taxonomy":"product_brand","embeddable":true,"href":"https:\/\/peach-pump.com\/en\/wp-json\/wp\/v2\/product_brand?post=67208"},{"taxonomy":"product_cat","embeddable":true,"href":"https:\/\/peach-pump.com\/en\/wp-json\/wp\/v2\/product_cat?post=67208"},{"taxonomy":"product_tag","embeddable":true,"href":"https:\/\/peach-pump.com\/en\/wp-json\/wp\/v2\/product_tag?post=67208"}],"curies":[{"name":"wp","href":"https:\/\/api.w.org\/{rel}","templated":true}]}}