{"id":66621,"date":"2023-05-20T19:47:41","date_gmt":"2023-05-20T17:47:41","guid":{"rendered":"https:\/\/peach-pump.com\/products\/ketreszes-szett-bezs-szinben-gyaloglashoz-es-sportolashoz\/"},"modified":"2024-08-28T12:55:06","modified_gmt":"2024-08-28T10:55:06","slug":"ketreszes-szett-bezs-szinben-gyaloglashoz-es-sportolashoz","status":"publish","type":"product","link":"https:\/\/peach-pump.com\/hu\/products\/ketreszes-szett-bezs-szinben-gyaloglashoz-es-sportolashoz\/","title":{"rendered":"K\u00e9tr\u00e9szes szett b\u00e9zs sz\u00ednben gyalogl\u00e1shoz \u00e9s sportol\u00e1shoz"},"content":{"rendered":"<p>B\u00e9zs sz\u00edn\u0171 k\u00e9tr\u00e9szes szett trap\u00e9z sz\u00e1r\u00fa leggingsszel varr\u00e1s n\u00e9lk\u00fcl el\u00fcls\u0151 r\u00e9szen, form\u00e1lja a testet \u00e9s karcs\u00fas\u00edtja a sziluettet, meghosszabb\u00edtja a l\u00e1bakat \u00e9s form\u00e1lja a cs\u00edp\u0151t. Nagyon divatos \u00e9s aktu\u00e1lis a szezonban. Ugyanilyen mint\u00e1j\u00fa sportmelltart\u00f3val p\u00e1ros\u00edthat\u00f3. K\u00e9t lehet\u0151s\u00e9g k\u00f6z\u00fcl v\u00e1laszthat: egy v\u00e1llp\u00e1nttal vagy h\u00e1tul \u00e1ll\u00edthat\u00f3 megk\u00f6t\u0151vel. B\u00e1rmelyik modellt is v\u00e1lasztja, nem marad \u00e9szrev\u00e9tlen. A sport szett anyaga finom bord\u00e1s anyagb\u00f3l k\u00e9sz\u00fclt, nagyon rugalmas \u00e9s l\u00e9g\u00e1tereszt\u0151, megg\u00e1tolja az izzad\u00e1st. Ezzel a modellel teljes mozg\u00e1sszabads\u00e1ggal rendelkezik.<\/p>\n<p>A sportmellt\u00e1rt\u00f3r\u00f3l:<\/p>\n<ul>\n<li>Bord\u00e1s k\u00f6t\u00e9s\u0171 anyag<\/li>\n<li>H\u0151pr\u00e9ssel r\u00f6gz\u00edtett Peach Pump log\u00f3 a sportmellt\u00e1rt\u00f3 bal el\u00fcls\u0151 r\u00e9szen<\/li>\n<li>Nagy rugalmass\u00e1g<\/li>\n<li>Varr\u00e1s n\u00e9lk\u00fcli, bord\u00e1s k\u00f6t\u00e9s\u0171 anyag<\/li>\n<li>Kivehet\u0151k p\u00e1rn\u00e1k<\/li>\n<li>H\u00e1tul \u00e1ll\u00edthat\u00f3 megk\u00f6t\u0151<\/li>\n<\/ul>\n<p>A leggingsr\u0151l:<\/p>\n<ul>\n<li>Felsliccelt szeg\u00e9ly\u0171, trap\u00e9z sz\u00e1r\u00fa leggings<\/li>\n<li>Az el\u00fcls\u0151 r\u00e9sz varr\u00e1smentes<\/li>\n<li>Form\u00e1lja \u00e9s elrejti a probl\u00e9m\u00e1s r\u00e9szeket<\/li>\n<li>Rugalmas anyag<\/li>\n<li>Peachy hat\u00e1s n\u00e9lk\u00fcl<\/li>\n<li>H\u0151pr\u00e9ssel r\u00f6gz\u00edtett Peach Pump log\u00f3 a leggings h\u00e1toldal\u00e1n<\/li>\n<li>Kiemelked\u0151 izzads\u00e1gelvezet\u0151 tulajdons\u00e1gokkal rendelkez\u0151 anyag<\/li>\n<li>K\u00fcl\u00f6nleges diz\u00e1jn<\/li>\n<li>Magas\u00edtott der\u00e9kr\u00e9sz<\/li>\n<\/ul>\n<p>80% poli\u00e9szter 20% spandex<\/p>\n<p>A k\u00e9pen l\u00e1that\u00f3 modell 178 cm magas, 54 kg s\u00faly\u00fa, \u00e9s M-es m\u00e9ret\u0171 leggingsszet, ill. sportmellt\u00e1rt\u00f3t visel.<\/p>\n<p>A leggings, ill. a sportmellt\u00e1rt\u00f3 k\u00edm\u00e9l\u0151 mos\u00e1ssal, legfeljebb 30 fokon moshat\u00f3. K\u00e9rj\u00fck, a tiszt\u00edt\u00e1s sor\u00e1n ne haszn\u00e1ljon feh\u00e9r\u00edt\u0151t vagy vegyi tiszt\u00edt\u00f3szereket.<\/p>\n","protected":false},"excerpt":{"rendered":"<p>B\u00e9zs sz\u00edn\u0171 k\u00e9tr\u00e9szes szett trap\u00e9z sz\u00e1r\u00fa leggingsszel varr\u00e1s n\u00e9lk\u00fcl el\u00fcls\u0151 r\u00e9szen, form\u00e1lja a testet \u00e9s karcs\u00fas\u00edtja a sziluettet, meghosszabb\u00edtja a l\u00e1bakat \u00e9s form\u00e1lja a cs\u00edp\u0151t. Nagyon divatos \u00e9s aktu\u00e1lis a szezonban. Ugyanilyen mint\u00e1j\u00fa sportmelltart\u00f3val p\u00e1ros\u00edthat\u00f3. K\u00e9t lehet\u0151s\u00e9g k\u00f6z\u00fcl v\u00e1laszthat: egy v\u00e1llp\u00e1nttal vagy h\u00e1tul \u00e1ll\u00edthat\u00f3 megk\u00f6t\u0151vel. B\u00e1rmelyik modellt is v\u00e1lasztja, nem marad \u00e9szrev\u00e9tlen. A sport szett [&hellip;]<\/p>\n","protected":false},"featured_media":39344,"comment_status":"open","ping_status":"closed","template":"","meta":[],"product_brand":[],"product_cat":[357,359],"product_tag":[],"class_list":{"0":"post-66621","1":"product","2":"type-product","3":"status-publish","4":"has-post-thumbnail","6":"product_cat-noi-sportruhazat","7":"product_cat-szett-leggings-s-portmelltart","8":"pa_cviat-bezs","9":"pa_razmer-m-hu","10":"pa_razmer-s-hu-2","11":"inventories-world","12":"inventories-uk","14":"first","15":"instock","16":"virtual","17":"taxable","18":"purchasable","19":"product-type-yith_bundle"},"_links":{"self":[{"href":"https:\/\/peach-pump.com\/en\/wp-json\/wp\/v2\/product\/66621","targetHints":{"allow":["GET"]}}],"collection":[{"href":"https:\/\/peach-pump.com\/en\/wp-json\/wp\/v2\/product"}],"about":[{"href":"https:\/\/peach-pump.com\/en\/wp-json\/wp\/v2\/types\/product"}],"replies":[{"embeddable":true,"href":"https:\/\/peach-pump.com\/en\/wp-json\/wp\/v2\/comments?post=66621"}],"version-history":[{"count":0,"href":"https:\/\/peach-pump.com\/en\/wp-json\/wp\/v2\/product\/66621\/revisions"}],"wp:featuredmedia":[{"embeddable":true,"href":"https:\/\/peach-pump.com\/en\/wp-json\/wp\/v2\/media\/39344"}],"wp:attachment":[{"href":"https:\/\/peach-pump.com\/en\/wp-json\/wp\/v2\/media?parent=66621"}],"wp:term":[{"taxonomy":"product_brand","embeddable":true,"href":"https:\/\/peach-pump.com\/en\/wp-json\/wp\/v2\/product_brand?post=66621"},{"taxonomy":"product_cat","embeddable":true,"href":"https:\/\/peach-pump.com\/en\/wp-json\/wp\/v2\/product_cat?post=66621"},{"taxonomy":"product_tag","embeddable":true,"href":"https:\/\/peach-pump.com\/en\/wp-json\/wp\/v2\/product_tag?post=66621"}],"curies":[{"name":"wp","href":"https:\/\/api.w.org\/{rel}","templated":true}]}}