{"id":65134,"date":"2023-10-13T13:58:46","date_gmt":"2023-10-13T11:58:46","guid":{"rendered":"https:\/\/peach-pump.com\/products\/formazo-surun-szott-leggings-sotetkek-szinben\/"},"modified":"2026-03-18T11:44:14","modified_gmt":"2026-03-18T09:44:14","slug":"formazo-surun-szott-leggings-sotetkek-szinben","status":"publish","type":"product","link":"https:\/\/peach-pump.com\/hu\/products\/formazo-surun-szott-leggings-sotetkek-szinben\/","title":{"rendered":"Form\u00e1z\u00f3 s\u0171r\u0171n sz\u0151tt leggings s\u00f6t\u00e9tk\u00e9k sz\u00ednben"},"content":{"rendered":"<p>Form\u00e1l\u00f3, s\u0171r\u0171n sz\u0151tt leggings l\u00e9g\u00e1tereszt\u0151 anyagb\u00f3l, s\u00f6t\u00e9tk\u00e9k sz\u00ednben. A leggings bord\u00e1s k\u00f6t\u00e9s\u0171 anyagb\u00f3l k\u00e9sz\u00fclt, magas derek\u00fa, s\u0171r\u0171bb sz\u00f6v\u00e9s\u0171, ide\u00e1lis a hidegebb \u0151szi \u00e9s t\u00e9li napokra. A modell sz\u00e9les der\u00e9ksz\u00edjjal, alakform\u00e1l\u00f3, ill. kiemel\u0151 hat\u00e1ssal rendelkezik, ami annyira jellemz\u0151 a m\u00e1rk\u00e1nkra. Bele fog szeretni ebbe a leggingsbe, a puhas\u00e1g\u00e1ba, meleg\u00e9ben \u00e9s abba, ahogyan form\u00e1lja az alakj\u00e1t. A modell p\u00e1ros\u00edthat\u00f3 bl\u00fazzal vagy melltart\u00f3val, n\u00e9zze meg javaslatainkat.<\/p>\n<ul>\n<li> Magas\u00edtott der\u00e9k<\/li>\n<li> Varr\u00e1smentes bord\u00e1s k\u00f6t\u00e9s\u0171 anyag<\/li>\n<li> Kiemeli, form\u00e1lja, elrejti a probl\u00e9m\u00e1s r\u00e9szeket<\/li>\n<li> S\u0171r\u0171bb sz\u00f6v\u00e9s\u0171 anyag<\/li>\n<li> Der\u00e9kra simul\u00f3 bord\u00e1s k\u00f6t\u00e9s\u0171 der\u00e9ksz\u00edj<\/li>\n<li> Barackos hat\u00e1s<\/li>\n<li> Varr\u00e1s n\u00e9lk\u00fcl el\u00f6l<\/li>\n<li> H\u0151szigetelt Peach Pump log\u00f3 az \u00e9k h\u00e1toldal\u00e1n<\/li>\n<li> Kiemelked\u0151 izzads\u00e1gelvezet\u0151 tulajdons\u00e1gokkal rendelkez\u0151 anyag<\/li>\n<\/ul>\n<p>Anyag\u00f6sszet\u00e9tel: 80% poli\u00e9szter, 20% elaszt\u00e1n.<\/p>\n<p>A leggings k\u00edm\u00e9l\u0151 mos\u00e1ssal, legfeljebb 30 fokon moshat\u00f3. K\u00e9rj\u00fck, a tiszt\u00edt\u00e1s sor\u00e1n ne haszn\u00e1ljon feh\u00e9r\u00edt\u0151t vagy vegyi tiszt\u00edt\u00f3szereket.<\/p>\n<p>A k\u00e9pen l\u00e1that\u00f3 modell 178 cm magas, 54 kg s\u00faly\u00fa \u00e9s M-es m\u00e9retet visel.<\/p>\n<p>A pontos m\u00e9ret kiv\u00e1laszt\u00e1s\u00e1hoz, k\u00e9rj\u00fck haszn\u00e1lja a m\u00e9rett\u00e1bl\u00e1zatokat.<\/p>\n","protected":false},"excerpt":{"rendered":"<p>Form\u00e1l\u00f3, s\u0171r\u0171n sz\u0151tt leggings l\u00e9g\u00e1tereszt\u0151 anyagb\u00f3l, s\u00f6t\u00e9tk\u00e9k sz\u00ednben. A leggings bord\u00e1s k\u00f6t\u00e9s\u0171 anyagb\u00f3l k\u00e9sz\u00fclt, magas derek\u00fa, s\u0171r\u0171bb sz\u00f6v\u00e9s\u0171, ide\u00e1lis a hidegebb \u0151szi \u00e9s t\u00e9li napokra. A modell sz\u00e9les der\u00e9ksz\u00edjjal, alakform\u00e1l\u00f3, ill. kiemel\u0151 hat\u00e1ssal rendelkezik, ami annyira jellemz\u0151 a m\u00e1rk\u00e1nkra. Bele fog szeretni ebbe a leggingsbe, a puhas\u00e1g\u00e1ba, meleg\u00e9ben \u00e9s abba, ahogyan form\u00e1lja az alakj\u00e1t. A [&hellip;]<\/p>\n","protected":false},"featured_media":54702,"comment_status":"open","ping_status":"closed","template":"","meta":[],"product_brand":[],"product_cat":[304,142],"product_tag":[],"class_list":{"0":"post-65134","1":"product","2":"type-product","3":"status-publish","4":"has-post-thumbnail","6":"product_cat-noi-leggings-hosszu","7":"product_cat-noi-sport-leggings-fitnesz","8":"pa_cviat-sotetkek","9":"pa_razmer-l-hu-2","10":"pa_razmer-m-hu","11":"pa_razmer-s-hu-2","12":"inventories-world","13":"inventories-uk","15":"first","16":"outofstock","17":"taxable","18":"shipping-taxable","19":"purchasable","20":"product-type-variable"},"_links":{"self":[{"href":"https:\/\/peach-pump.com\/en\/wp-json\/wp\/v2\/product\/65134","targetHints":{"allow":["GET"]}}],"collection":[{"href":"https:\/\/peach-pump.com\/en\/wp-json\/wp\/v2\/product"}],"about":[{"href":"https:\/\/peach-pump.com\/en\/wp-json\/wp\/v2\/types\/product"}],"replies":[{"embeddable":true,"href":"https:\/\/peach-pump.com\/en\/wp-json\/wp\/v2\/comments?post=65134"}],"version-history":[{"count":0,"href":"https:\/\/peach-pump.com\/en\/wp-json\/wp\/v2\/product\/65134\/revisions"}],"wp:featuredmedia":[{"embeddable":true,"href":"https:\/\/peach-pump.com\/en\/wp-json\/wp\/v2\/media\/54702"}],"wp:attachment":[{"href":"https:\/\/peach-pump.com\/en\/wp-json\/wp\/v2\/media?parent=65134"}],"wp:term":[{"taxonomy":"product_brand","embeddable":true,"href":"https:\/\/peach-pump.com\/en\/wp-json\/wp\/v2\/product_brand?post=65134"},{"taxonomy":"product_cat","embeddable":true,"href":"https:\/\/peach-pump.com\/en\/wp-json\/wp\/v2\/product_cat?post=65134"},{"taxonomy":"product_tag","embeddable":true,"href":"https:\/\/peach-pump.com\/en\/wp-json\/wp\/v2\/product_tag?post=65134"}],"curies":[{"name":"wp","href":"https:\/\/api.w.org\/{rel}","templated":true}]}}