{"id":65116,"date":"2023-05-19T00:50:24","date_gmt":"2023-05-18T22:50:24","guid":{"rendered":"https:\/\/peach-pump.com\/products\/varras-nelkuli-rovid-overall-test-szinben\/"},"modified":"2024-12-13T17:48:37","modified_gmt":"2024-12-13T15:48:37","slug":"varras-nelkuli-rovid-overall-test-szinben","status":"publish","type":"product","link":"https:\/\/peach-pump.com\/hu\/products\/varras-nelkuli-rovid-overall-test-szinben\/","title":{"rendered":"Varr\u00e1s n\u00e9lk\u00fcli r\u00f6vid overall test sz\u00ednben"},"content":{"rendered":"<p>Varr\u00e1s n\u00e9lk\u00fcli r\u00f6vid over\u00e1l vil\u00e1gosbarna, test sz\u00ednben. Ez a modell t\u00f6k\u00e9letesen illeszkedik a testhez, varr\u00e1smentes,rugalmas anyagb\u00f3l k\u00e9sz\u00fclt. Alkalmas ker\u00e9kp\u00e1roz\u00e1shoz, fitneszhez, torn\u00e1hoz, pilateszhez, j\u00f3g\u00e1hoz \u00e9s b\u00e1rmilyen sporthoz. Ezzel a modellel k\u00e9nyelmesen \u00e9s szexisen fogja \u00e9rezni mag\u00e1t, szorosan illeszkedik a testhez, mintha egy m\u00e1sodik b\u0151r lenne. Az over\u00e1l be\u00e9p\u00edtett kivehet\u0151 p\u00e1rn\u00e1kkal rendelkezik, ezzek n\u00f6velik az \u00f6nbizalmat \u00e9s a k\u00e9nyelmet.<\/p>\n<ul>\n<li>Varr\u00e1smentes anyag<\/li>\n<li>Elrejti a probl\u00e9m\u00e1s r\u00e9szeket \u00e9s form\u00e1lja<\/li>\n<li>Be\u00e9p\u00edtett p\u00e1rn\u00e1k<\/li>\n<li>H\u0151pr\u00e9ssel r\u00f6gz\u00edtett Peach Pump log\u00f3 bal fels\u0151 r\u00e9szen<\/li>\n<li>K\u00fcl\u00f6nleges diz\u00e1jn<\/li>\n<li>Kiemelked\u0151 izzads\u00e1gelvezet\u0151 tulajdons\u00e1gokkal rendelkez\u0151 anyag<\/li>\n<li>Peachy hat\u00e1s n\u00e9lk\u00fcl<\/li>\n<\/ul>\n<p>Anyag\u00f6sszet\u00e9tel: 80% poli\u00e9szter, 20% elaszt\u00e1n.<\/p>\n<p>A k\u00e9pen l\u00e1that\u00f3 modell 178 cm magas, 54 kg s\u00faly\u00fa \u00e9s M-es m\u00e9retet visel.<\/p>\n<p>Az over\u00e1l k\u00edm\u00e9l\u0151 mos\u00e1ssal, legfeljebb 30 fokon moshat\u00f3. K\u00e9rj\u00fck, a tiszt\u00edt\u00e1s sor\u00e1n ne haszn\u00e1ljon feh\u00e9r\u00edt\u0151t vagy vegyi tiszt\u00edt\u00f3szereket.<\/p>\n","protected":false},"excerpt":{"rendered":"<p>Varr\u00e1s n\u00e9lk\u00fcli r\u00f6vid over\u00e1l vil\u00e1gosbarna, test sz\u00ednben. Ez a modell t\u00f6k\u00e9letesen illeszkedik a testhez, varr\u00e1smentes,rugalmas anyagb\u00f3l k\u00e9sz\u00fclt. Alkalmas ker\u00e9kp\u00e1roz\u00e1shoz, fitneszhez, torn\u00e1hoz, pilateszhez, j\u00f3g\u00e1hoz \u00e9s b\u00e1rmilyen sporthoz. Ezzel a modellel k\u00e9nyelmesen \u00e9s szexisen fogja \u00e9rezni mag\u00e1t, szorosan illeszkedik a testhez, mintha egy m\u00e1sodik b\u0151r lenne. Az over\u00e1l be\u00e9p\u00edtett kivehet\u0151 p\u00e1rn\u00e1kkal rendelkezik, ezzek n\u00f6velik az \u00f6nbizalmat \u00e9s [&hellip;]<\/p>\n","protected":false},"featured_media":38973,"comment_status":"open","ping_status":"closed","template":"","meta":[],"product_brand":[],"product_cat":[357,358],"product_tag":[],"class_list":{"0":"post-65116","1":"product","2":"type-product","3":"status-publish","4":"has-post-thumbnail","6":"product_cat-noi-sportruhazat","7":"product_cat-rovid-sportruhak-leggings-sportmelltarto","8":"pa_cviat-bezs","9":"pa_razmer-m-hu","10":"pa_razmer-s-hu-2","11":"inventories-world","13":"first","14":"instock","15":"sale","16":"taxable","17":"shipping-taxable","18":"purchasable","19":"product-type-variable"},"_links":{"self":[{"href":"https:\/\/peach-pump.com\/en\/wp-json\/wp\/v2\/product\/65116","targetHints":{"allow":["GET"]}}],"collection":[{"href":"https:\/\/peach-pump.com\/en\/wp-json\/wp\/v2\/product"}],"about":[{"href":"https:\/\/peach-pump.com\/en\/wp-json\/wp\/v2\/types\/product"}],"replies":[{"embeddable":true,"href":"https:\/\/peach-pump.com\/en\/wp-json\/wp\/v2\/comments?post=65116"}],"version-history":[{"count":0,"href":"https:\/\/peach-pump.com\/en\/wp-json\/wp\/v2\/product\/65116\/revisions"}],"wp:featuredmedia":[{"embeddable":true,"href":"https:\/\/peach-pump.com\/en\/wp-json\/wp\/v2\/media\/38973"}],"wp:attachment":[{"href":"https:\/\/peach-pump.com\/en\/wp-json\/wp\/v2\/media?parent=65116"}],"wp:term":[{"taxonomy":"product_brand","embeddable":true,"href":"https:\/\/peach-pump.com\/en\/wp-json\/wp\/v2\/product_brand?post=65116"},{"taxonomy":"product_cat","embeddable":true,"href":"https:\/\/peach-pump.com\/en\/wp-json\/wp\/v2\/product_cat?post=65116"},{"taxonomy":"product_tag","embeddable":true,"href":"https:\/\/peach-pump.com\/en\/wp-json\/wp\/v2\/product_tag?post=65116"}],"curies":[{"name":"wp","href":"https:\/\/api.w.org\/{rel}","templated":true}]}}