{"id":64348,"date":"2023-06-12T00:08:10","date_gmt":"2023-06-11T22:08:10","guid":{"rendered":"https:\/\/peach-pump.com\/products\/rozsaszin-magas-dereku-varras-nelkuli-leggings-es-peach-pump-hatassal\/"},"modified":"2025-06-21T15:10:29","modified_gmt":"2025-06-21T13:10:29","slug":"rozsaszin-magas-dereku-varras-nelkuli-leggings-es-peach-pump-hatassal","status":"publish","type":"product","link":"https:\/\/peach-pump.com\/hu\/products\/rozsaszin-magas-dereku-varras-nelkuli-leggings-es-peach-pump-hatassal\/","title":{"rendered":"R\u00f3zsasz\u00edn, magas derek\u00fa, varr\u00e1s n\u00e9lk\u00fcli leggings \u00e9s Peach Pump hat\u00e1ssal"},"content":{"rendered":"<p>N\u0151i, r\u00f3zsasz\u00edn, varr\u00e1s n\u00e9lk\u00fcli leggings, l\u00e9g\u00e1tereszt\u0151 anyagb\u00f3l, magas\u00edtott der\u00e9kal \u00e9s bord\u00e1s k\u00f6t\u00e9s\u0171 der\u00e9ksz\u00edjjal, amely finoman \u00f6sszeh\u00fazza \u00e9s form\u00e1lja az alakot. A leggings anyaga varr\u00e1smentes \u00e9s nagyon rugalmas, ez nagyon k\u00e9nyelmess\u00e9 teszi a visel\u00e9se b\u00e1rmilyen sporthoz vagy gyalogl\u00e1shoz. Nagym\u00e9rt\u00e9kben alkalmazkodik a testhez, \u00edgy a visel\u00e9se igazi \u00e9lvezet. A leggings sz\u00edne t\u00f6k\u00e9letes a ny\u00e1rra, mivel hangulatot \u00e9s f\u00e9nyt k\u00f6lcs\u00f6n\u00f6z a sportruhat\u00e1r\u00e1nak. Kombin\u00e1lhatod egy sportos fels\u0151vel, melltart\u00f3val vagy a Peach Pump kollekci\u00f3b\u00f3l sz\u00e1rmaz\u00f3 kieg\u00e9sz\u00edt\u0151vel, amely t\u00f6k\u00e9letesen kieg\u00e9sz\u00edti a sportos szettet.  <\/p>\n<ul>\n<li>Magas\u00edtott der\u00e9kr\u00e9sz<\/li>\n<li>Varr\u00e1smentes anyag<\/li>\n<li>Kiemeli, form\u00e1lja, elrejti a probl\u00e9m\u00e1s r\u00e9szeket<\/li>\n<li>Der\u00e9kra simul\u00f3 bord\u00e1s k\u00f6t\u00e9s\u0171 der\u00e9ksz\u00edj<\/li>\n<li>Peachy hat\u00e1s<\/li>\n<li>Varr\u00e1s n\u00e9lk\u00fcli el\u00fcls\u0151 r\u00e9sz<\/li>\n<li>H\u0151pr\u00e9ssel r\u00f6gz\u00edtett Peach Pump log\u00f3 a leggings h\u00e1toldal\u00e1n<\/li>\n<li>Kiemelked\u0151 izzads\u00e1gelvezet\u0151 tulajdons\u00e1gokkal rendelkez\u0151 anyag<\/li>\n<\/ul>\n<p>  \u00d6sszet\u00e9tel: 80% poli\u00e9szter 20% spandex K\u00f6t\u00f6tt anyag 30 fokig moshat\u00f3, k\u00e9rj\u00fck, ne feh\u00e9r\u00edtse vagy tiszt\u00edtsa sz\u00e1raz tiszt\u00edt\u00e1ssal. A k\u00e9pen l\u00e1that\u00f3 modell 178 cm magas, 54 kg s\u00faly\u00fa, \u00e9s S m\u00e9retben p\u00f3zol. ( A leggings nagyon rugalmas ) K\u00e9rj\u00fck, a pontos m\u00e9ret kiv\u00e1laszt\u00e1s\u00e1hoz haszn\u00e1lja a t\u00e1bl\u00e1zatokat.<\/p>\n","protected":false},"excerpt":{"rendered":"<p>N\u0151i, r\u00f3zsasz\u00edn, varr\u00e1s n\u00e9lk\u00fcli leggings, l\u00e9g\u00e1tereszt\u0151 anyagb\u00f3l, magas\u00edtott der\u00e9kal \u00e9s bord\u00e1s k\u00f6t\u00e9s\u0171 der\u00e9ksz\u00edjjal, amely finoman \u00f6sszeh\u00fazza \u00e9s form\u00e1lja az alakot. A leggings anyaga varr\u00e1smentes \u00e9s nagyon rugalmas, ez nagyon k\u00e9nyelmess\u00e9 teszi a visel\u00e9se b\u00e1rmilyen sporthoz vagy gyalogl\u00e1shoz. Nagym\u00e9rt\u00e9kben alkalmazkodik a testhez, \u00edgy a visel\u00e9se igazi \u00e9lvezet. A leggings sz\u00edne t\u00f6k\u00e9letes a ny\u00e1rra, mivel hangulatot \u00e9s [&hellip;]<\/p>\n","protected":false},"featured_media":42450,"comment_status":"open","ping_status":"closed","template":"","meta":[],"product_brand":[],"product_cat":[142,304],"product_tag":[],"class_list":{"0":"post-64348","1":"product","2":"type-product","3":"status-publish","4":"has-post-thumbnail","6":"product_cat-noi-sport-leggings-fitnesz","7":"product_cat-noi-leggings-hosszu","8":"pa_cviat-rozsaszin","9":"pa_razmer-l-hu-2","10":"pa_razmer-m-hu","11":"pa_razmer-s-hu-2","12":"inventories-world","13":"inventories-uk","15":"first","16":"instock","17":"taxable","18":"shipping-taxable","19":"purchasable","20":"product-type-variable"},"_links":{"self":[{"href":"https:\/\/peach-pump.com\/en\/wp-json\/wp\/v2\/product\/64348","targetHints":{"allow":["GET"]}}],"collection":[{"href":"https:\/\/peach-pump.com\/en\/wp-json\/wp\/v2\/product"}],"about":[{"href":"https:\/\/peach-pump.com\/en\/wp-json\/wp\/v2\/types\/product"}],"replies":[{"embeddable":true,"href":"https:\/\/peach-pump.com\/en\/wp-json\/wp\/v2\/comments?post=64348"}],"version-history":[{"count":0,"href":"https:\/\/peach-pump.com\/en\/wp-json\/wp\/v2\/product\/64348\/revisions"}],"wp:featuredmedia":[{"embeddable":true,"href":"https:\/\/peach-pump.com\/en\/wp-json\/wp\/v2\/media\/42450"}],"wp:attachment":[{"href":"https:\/\/peach-pump.com\/en\/wp-json\/wp\/v2\/media?parent=64348"}],"wp:term":[{"taxonomy":"product_brand","embeddable":true,"href":"https:\/\/peach-pump.com\/en\/wp-json\/wp\/v2\/product_brand?post=64348"},{"taxonomy":"product_cat","embeddable":true,"href":"https:\/\/peach-pump.com\/en\/wp-json\/wp\/v2\/product_cat?post=64348"},{"taxonomy":"product_tag","embeddable":true,"href":"https:\/\/peach-pump.com\/en\/wp-json\/wp\/v2\/product_tag?post=64348"}],"curies":[{"name":"wp","href":"https:\/\/api.w.org\/{rel}","templated":true}]}}