{"id":64008,"date":"2022-12-17T11:24:43","date_gmt":"2022-12-17T09:24:43","guid":{"rendered":"https:\/\/peach-pump.com\/products\/sportmelltarto-parnakkal-vilagossarga-szinben\/"},"modified":"2025-04-29T13:08:40","modified_gmt":"2025-04-29T11:08:40","slug":"sportmelltarto-parnakkal-vilagossarga-szinben","status":"publish","type":"product","link":"https:\/\/peach-pump.com\/hu\/products\/sportmelltarto-parnakkal-vilagossarga-szinben\/","title":{"rendered":"P\u00e1rn\u00e1zott sportmellt\u00e1rt\u00f3 vil\u00e1goss\u00e1rga sz\u00ednben"},"content":{"rendered":"<p>P\u00e1rn\u00e1zott sportmelltart\u00f3 vil\u00e1goss\u00e1rga sz\u00ednben &#8211; ban\u00e1n sz\u00edn\u0171 A modell kivehet\u0151 p\u00e1rn\u00e1kkal rendelkezik, egy p\u00e1nt tartja a testen a nyak m\u00f6g\u00f6tt. \u00cdvelt dekolt\u00e1zs A spotmelltart\u00f3 anyaga nagyon rugalmas, l\u00e9g\u00e1tereszt\u0151 \u00e9s nem okoz izzad\u00e1st. Kombin\u00e1lhat\u00f3 k\u00fcl\u00f6nb\u00f6z\u0151 leggings modellekkel, vagy kombin\u00e1lhat\u00f3 ugyanazzal a leggings modellel &#8211; l\u00e1sd a &#8220;Sportruh\u00e1zat&#8221; alatt.  <\/p>\n<ul>\n<li> Kivehet\u0151 p\u00e1rn\u00e1k<\/li>\n<li> Push-Up hat\u00e1s<\/li>\n<li> M\u00e9lyen kiv\u00e1gott h\u00e1tr\u00e9sz<\/li>\n<li> Nagy rugalmass\u00e1g<\/li>\n<li> H\u0151pr\u00e9ssel r\u00f6gz\u00edtett Peach Pump log\u00f3 a sportmellt\u00e1rt\u00f3 oldals\u00f3 r\u00e9szen<\/li>\n<li> Izzadts\u00e1g elt\u00e1vol\u00edt\u00f3 technol\u00f3gia<\/li>\n<\/ul>\n<p> Anyag\u00f6sszet\u00e9tel: 80% poli\u00e9szter, 20% elaszt\u00e1n. A sportmellt\u00e1rt\u00f3 k\u00edm\u00e9l\u0151 mos\u00e1ssal, legfeljebb 30 fokon moshat\u00f3. K\u00e9rj\u00fck, a tiszt\u00edt\u00e1s sor\u00e1n ne haszn\u00e1ljon feh\u00e9r\u00edt\u0151t vagy vegyi tiszt\u00edt\u00f3szereket. A k\u00e9pen l\u00e1that\u00f3 modell 178 cm magas, 54 kg s\u00faly\u00fa \u00e9s S-es m\u00e9retet visel. A megfelel\u0151 m\u00e9ret pontos kiv\u00e1laszt\u00e1s\u00e1hoz k\u00e9rj\u00fck tekintse meg a m\u00e9rett\u00e1bl\u00e1zatunkat. &nbsp;<\/p>\n","protected":false},"excerpt":{"rendered":"<p>P\u00e1rn\u00e1zott sportmelltart\u00f3 vil\u00e1goss\u00e1rga sz\u00ednben &#8211; ban\u00e1n sz\u00edn\u0171 A modell kivehet\u0151 p\u00e1rn\u00e1kkal rendelkezik, egy p\u00e1nt tartja a testen a nyak m\u00f6g\u00f6tt. \u00cdvelt dekolt\u00e1zs A spotmelltart\u00f3 anyaga nagyon rugalmas, l\u00e9g\u00e1tereszt\u0151 \u00e9s nem okoz izzad\u00e1st. Kombin\u00e1lhat\u00f3 k\u00fcl\u00f6nb\u00f6z\u0151 leggings modellekkel, vagy kombin\u00e1lhat\u00f3 ugyanazzal a leggings modellel &#8211; l\u00e1sd a &#8220;Sportruh\u00e1zat&#8221; alatt. Kivehet\u0151 p\u00e1rn\u00e1k Push-Up hat\u00e1s M\u00e9lyen kiv\u00e1gott h\u00e1tr\u00e9sz Nagy [&hellip;]<\/p>\n","protected":false},"featured_media":25380,"comment_status":"open","ping_status":"closed","template":"","meta":[],"product_brand":[],"product_cat":[356],"product_tag":[],"class_list":{"0":"post-64008","1":"product","2":"type-product","3":"status-publish","4":"has-post-thumbnail","6":"product_cat-sportmelltartok-fitneszhez","7":"pa_cviat-sarga","8":"pa_razmer-l-hu-2","9":"pa_razmer-m-hu","10":"pa_razmer-s-hu-2","11":"inventories-world","12":"inventories-uk","14":"first","15":"instock","16":"taxable","17":"shipping-taxable","18":"purchasable","19":"product-type-variable"},"_links":{"self":[{"href":"https:\/\/peach-pump.com\/en\/wp-json\/wp\/v2\/product\/64008","targetHints":{"allow":["GET"]}}],"collection":[{"href":"https:\/\/peach-pump.com\/en\/wp-json\/wp\/v2\/product"}],"about":[{"href":"https:\/\/peach-pump.com\/en\/wp-json\/wp\/v2\/types\/product"}],"replies":[{"embeddable":true,"href":"https:\/\/peach-pump.com\/en\/wp-json\/wp\/v2\/comments?post=64008"}],"version-history":[{"count":0,"href":"https:\/\/peach-pump.com\/en\/wp-json\/wp\/v2\/product\/64008\/revisions"}],"wp:featuredmedia":[{"embeddable":true,"href":"https:\/\/peach-pump.com\/en\/wp-json\/wp\/v2\/media\/25380"}],"wp:attachment":[{"href":"https:\/\/peach-pump.com\/en\/wp-json\/wp\/v2\/media?parent=64008"}],"wp:term":[{"taxonomy":"product_brand","embeddable":true,"href":"https:\/\/peach-pump.com\/en\/wp-json\/wp\/v2\/product_brand?post=64008"},{"taxonomy":"product_cat","embeddable":true,"href":"https:\/\/peach-pump.com\/en\/wp-json\/wp\/v2\/product_cat?post=64008"},{"taxonomy":"product_tag","embeddable":true,"href":"https:\/\/peach-pump.com\/en\/wp-json\/wp\/v2\/product_tag?post=64008"}],"curies":[{"name":"wp","href":"https:\/\/api.w.org\/{rel}","templated":true}]}}